{"id":542,"date":"2020-04-02T14:11:25","date_gmt":"2020-04-02T11:11:25","guid":{"rendered":"https:\/\/meon.theskinhouse.ee\/toode\/skinlite-skin-shining-peel-off-mask-pearl-2\/"},"modified":"2026-04-09T23:25:03","modified_gmt":"2026-04-09T20:25:03","slug":"skinlite-skin-shining-peel-off-mask-pearl-2","status":"publish","type":"product","link":"https:\/\/meon.theskinhouse.ee\/ru\/toode\/skinlite-skin-shining-peel-off-mask-pearl-2\/","title":{"rendered":"Skinlite Skin Shining Peel Off Mask PEARL"},"content":{"rendered":"<p>Poore puhastav kilemask p\u00e4rli ekstraktiga, mis puhastab poore, eemaldab surnud naharakke, taastab nahka, annab nahale s\u00e4ra ja&nbsp;kiirendab naha regeneratsiooni. Sisaldab lisaks kollageeni ja rahustavaid taimseid ekstrakte.<\/p>\n<p><strong>Kasutamine<\/strong><\/p>\n<p>Kandke mask \u00f5hukese ja \u00fchtlase kihina eelnevalt puhastatud n\u00e4ole. Hoidke maski peal umbes 15min, kuni ta \u00e4ra kuivab ja tekib kilelaadne kiht. T\u00f5mmake \u00e4\u00e4rtest ja eemaldage tekkinud kilemask. Loputage n\u00e4gu.<\/p>\n","protected":false},"excerpt":{"rendered":"<p>Poore puhastav kilemask p\u00e4rli ekstraktiga, mis puhastab poore, eemaldab surnud naharakke, taastab nahka, annab nahale s\u00e4ra ja&nbsp;kiirendab naha regeneratsiooni. Sisaldab lisaks kollageeni ja rahustavaid taimseid ekstrakte. Kasutamine Kandke mask \u00f5hukese ja \u00fchtlase kihina eelnevalt puhastatud n\u00e4ole. Hoidke maski peal umbes 15min, kuni ta \u00e4ra kuivab ja tekib kilelaadne kiht. T\u00f5mmake \u00e4\u00e4rtest ja eemaldage tekkinud kilemask. [&hellip;]<\/p>\n","protected":false},"featured_media":0,"comment_status":"open","ping_status":"closed","template":"","meta":{"_acf_changed":false},"product_brand":[],"product_cat":[],"product_tag":[],"class_list":{"0":"post-542","1":"product","2":"type-product","3":"status-publish","5":"brand-skinlite","7":"first","8":"outofstock","9":"taxable","10":"shipping-taxable","11":"purchasable","12":"product-type-simple"},"bundle_layout":"","bundled_by":[],"bundled_items":[],"acf":[],"_links":{"self":[{"href":"https:\/\/meon.theskinhouse.ee\/ru\/wp-json\/wp\/v2\/product\/542","targetHints":{"allow":["GET"]}}],"collection":[{"href":"https:\/\/meon.theskinhouse.ee\/ru\/wp-json\/wp\/v2\/product"}],"about":[{"href":"https:\/\/meon.theskinhouse.ee\/ru\/wp-json\/wp\/v2\/types\/product"}],"replies":[{"embeddable":true,"href":"https:\/\/meon.theskinhouse.ee\/ru\/wp-json\/wp\/v2\/comments?post=542"}],"wp:attachment":[{"href":"https:\/\/meon.theskinhouse.ee\/ru\/wp-json\/wp\/v2\/media?parent=542"}],"wp:term":[{"taxonomy":"product_brand","embeddable":true,"href":"https:\/\/meon.theskinhouse.ee\/ru\/wp-json\/wp\/v2\/product_brand?post=542"},{"taxonomy":"product_cat","embeddable":true,"href":"https:\/\/meon.theskinhouse.ee\/ru\/wp-json\/wp\/v2\/product_cat?post=542"},{"taxonomy":"product_tag","embeddable":true,"href":"https:\/\/meon.theskinhouse.ee\/ru\/wp-json\/wp\/v2\/product_tag?post=542"}],"curies":[{"name":"wp","href":"https:\/\/api.w.org\/{rel}","templated":true}]}}