{"id":5411,"date":"2025-09-03T12:05:02","date_gmt":"2025-09-03T09:05:02","guid":{"rendered":"https:\/\/meon.theskinhouse.ee\/toode\/sample-pouch-mizon-phyto-plump-collagen-day-cream-2ml-2\/"},"modified":"2026-04-10T07:05:04","modified_gmt":"2026-04-10T04:05:04","slug":"sample-pouch-mizon-phyto-plump-collagen-day-cream-2ml-2","status":"publish","type":"product","link":"https:\/\/meon.theskinhouse.ee\/ru\/toode\/sample-pouch-mizon-phyto-plump-collagen-day-cream-2ml-2\/","title":{"rendered":"[SAMPLE POUCH] MIZON PHYTO PLUMP COLLAGEN DAY CREAM 2ML"},"content":{"rendered":"<p>Intensiivselt niisutav ja vananemisvastane p\u00e4evakreem taimse kollageeni ja pruunvetikate kompleksiga. Kreem sisaldab ainult taimseid koostisosi ja sobib veganitele. Phyto Plump tooteliin sisaldab 3. generatsiooni kollageeni, mida saadakse lumeseenest. Uuringud on n\u00e4idanud, et taimne Phyto Plump kollageen toimib v\u00e4hemalt sama efektiivselt nagu loomne ja v\u00f5rreldes loomsega on ta parema imendumisega, sest Phyto Plump kollageeni molekulid on v\u00e4iksemad ja p\u00e4\u00e4sevad s\u00fcgavamale naha sisse. Kollageen parandab naha elastsust, nahk muutub tugevamaks ja pringimaks, t\u00e4nu sellele v\u00e4heneb olemasolevate kortsude s\u00fcgavus ja ennetatakse uute kortsude teket. Kreemis sisalduvad pruunvetikad niisutavad intensiivselt nahka ja toidavad vitamiinidega. Pruunvetikad sisaldavad palju antioks\u00fcdante ja kasulikke mineraale. L\u00f5hnatu ja mitte\u00e4rritav p\u00e4evakreem kerge tekstuuriga, mis ei j\u00e4ta nahale rasket kihti ja niisutab nahka terveks p\u00e4evaks.<\/p>\n<p>Dermatoloogiliselt testitud, ei sisalda GMO, kunstlikke l\u00f5hn- ja v\u00e4rvaineid, loomseid komponente ja muid kahjulikke koostisosi, 100% l\u00f5hnatu, sobib ka k\u00f5ige tundlikumale nahale.<\/p>\n<p>Vegan, 100% taaskasutatav pakend, mis on tehtud bambuse massist, tekstid on tr\u00fckitud loodusliku sojatindiga, kleeps on lihtsasti eemaldatav.<\/p>\n<p><strong>Kasutamine:<\/strong> Kandke sobiv kogus kreemi n\u00e4ole viimase nahahooldusetapina.<\/p>\n<p><strong>Koostis:<\/strong> Purified water, Butylene glycol, Glycerin, Panthenol, Niacinamide, Betaine, Stearyldymethicone, Triethylhexanoin, C12-16 alcohol, C13-15 Alkane, Polyglyceryl-3 Diastearate, Behenyl Alcohol, Hydroxyethyl Acrylate, Sodium Acryloyldymethyltaurate Copolymer, Dipropylene Glycol, Sodium Polyacryloyldymethyltaurate, Stearyl Alcohol, Hydroxyacetophenone, Hydrogenated Lecithin, Palmitic Acid, Sodium Stearoylglutamate, Caprylyl Glycol, Polyglyceryl-6 olivate, White Wood Mushroom Polysaccharide(582ppm), Ethylhexylglycerin, Glycerylstearate Citrate, Adenosine, Dysodium EDTA, Xanthan Gum, Sorbitan Isostearate, 1,2-hexanediol, Kelp extract, Seaweed extract, Capsicum Extract, Dipotassium Glycyrrhizate, Tocopherol<\/p>\n","protected":false},"excerpt":{"rendered":"<p>Intensiivselt niisutav ja vananemisvastane p\u00e4evakreem taimse kollageeni ja pruunvetikate kompleksiga. Kreem sisaldab ainult taimseid koostisosi ja sobib veganitele. Phyto Plump tooteliin sisaldab 3. generatsiooni kollageeni, mida saadakse lumeseenest. Uuringud on n\u00e4idanud, et taimne Phyto Plump kollageen toimib v\u00e4hemalt sama efektiivselt nagu loomne ja v\u00f5rreldes loomsega on ta parema imendumisega, sest Phyto Plump kollageeni molekulid on [&hellip;]<\/p>\n","protected":false},"featured_media":0,"comment_status":"open","ping_status":"closed","template":"","meta":{"_acf_changed":false},"product_brand":[],"product_cat":[],"product_tag":[],"class_list":{"0":"post-5411","1":"product","2":"type-product","3":"status-publish","5":"brand-mizon","7":"first","8":"instock","9":"taxable","10":"shipping-taxable","11":"purchasable","12":"product-type-simple"},"bundle_layout":"","bundled_by":[],"bundled_items":[],"acf":[],"_links":{"self":[{"href":"https:\/\/meon.theskinhouse.ee\/ru\/wp-json\/wp\/v2\/product\/5411","targetHints":{"allow":["GET"]}}],"collection":[{"href":"https:\/\/meon.theskinhouse.ee\/ru\/wp-json\/wp\/v2\/product"}],"about":[{"href":"https:\/\/meon.theskinhouse.ee\/ru\/wp-json\/wp\/v2\/types\/product"}],"replies":[{"embeddable":true,"href":"https:\/\/meon.theskinhouse.ee\/ru\/wp-json\/wp\/v2\/comments?post=5411"}],"wp:attachment":[{"href":"https:\/\/meon.theskinhouse.ee\/ru\/wp-json\/wp\/v2\/media?parent=5411"}],"wp:term":[{"taxonomy":"product_brand","embeddable":true,"href":"https:\/\/meon.theskinhouse.ee\/ru\/wp-json\/wp\/v2\/product_brand?post=5411"},{"taxonomy":"product_cat","embeddable":true,"href":"https:\/\/meon.theskinhouse.ee\/ru\/wp-json\/wp\/v2\/product_cat?post=5411"},{"taxonomy":"product_tag","embeddable":true,"href":"https:\/\/meon.theskinhouse.ee\/ru\/wp-json\/wp\/v2\/product_tag?post=5411"}],"curies":[{"name":"wp","href":"https:\/\/api.w.org\/{rel}","templated":true}]}}