{"id":5409,"date":"2025-09-03T12:05:02","date_gmt":"2025-09-03T09:05:02","guid":{"rendered":"https:\/\/meon.theskinhouse.ee\/toode\/sample-pouchmizon-collagen-100-2ml-2\/"},"modified":"2026-04-09T19:45:02","modified_gmt":"2026-04-09T16:45:02","slug":"sample-pouchmizon-collagen-100-2ml-2","status":"publish","type":"product","link":"https:\/\/meon.theskinhouse.ee\/ru\/toode\/sample-pouchmizon-collagen-100-2ml-2\/","title":{"rendered":"[SAMPLE POUCH]MIZON COLLAGEN 100 2ML"},"content":{"rendered":"<p>Pinguldav seerum 90% mere kollageeni valemiga.<\/p>\n<p>Mere kollageen on teistest kollageeni liikidest k\u00f5ige efektiivsem, sest selle struktuur on v\u00f5imalikult sarnane inimese organismis sisalduva kollageeniga, seet\u00f5ttu p\u00e4\u00e4seb ta s\u00fcgavamale naha kihtidesse. Kollageen on t\u00e4htsaim valk inimese sidekudedes, mida leidub rakkudes ja rakkudevahelises koes. Kollageen on omamoodi karkassiks, t\u00e4nu millele on nahk toonuses ja h\u00e4sti niisutatud. Tekitades naha pinnale kihi, mis seob endasse niiskust, takistab ka selle aurustumist. Kuid peale 25 eluaastat, hakkab kollageeni tase organismis h\u00fcppeliselt v\u00e4henema. Ultraviolettkiirgus ja sisemine oks\u00fcdeerimine l\u00f5huvad struktuuri, kuid kollageeni s\u00fcntees organismis ei ole enam piisav, mis ongi kortsude tekkimise ja naha elastsuse v\u00e4henemise p\u00f5hjuseks.<\/p>\n<p>Mizon \u0421ollagen 100 seerum takistab naha vananemist ning t\u00e4nu selle koostisesse kuuluvatele naturaalsetele koostisosadele (vaarika, m\u00e4giarnika, puju, raudrohu, kase, papaia jt ekstraktid) kaitseb seerum nahka negatiivsete keskkonna m\u00f5jude eest. Seerum parandab naha elastsust ning on momentaalse pinguldava efektiga, samuti teeb naha siledamaks ja nooremaks ning n\u00e4o kontuurid selgemaks. Regulaarne kasutamine aeglustab vananemise protsesse, takistab uute kortsude teket ning silub olemasolevaid kortse. Sisaldab lisaks suures koguses kasulikke naturaalseid taimseid ekstrakte.<\/p>\n<p>Sobib igale nahat\u00fc\u00fcbile alates 25 a.<\/p>\n<p><strong>Kasutamine<\/strong>: Kandke patsutavate liigutustega m\u00f5ned tilgad seerumit eelnevalt puhastatud n\u00e4onahale kuni t\u00e4ieliku imendumiseni. P\u00e4rast seda v\u00f5ib kasutada teisi hooldusvahendeid. Soovitatav on kasutada 2 korda p\u00e4evas.<\/p>\n<p><strong>Koostis<\/strong>: Aqua, Butylene Glycol, Methylpropanediol, 1,2-Hexanediol, Hydrolyzed Collagen, Carbomer, Tromethamine, Sodium Hyaluronate, Xanthan Gum, Ethylhexylglycerin, Adenosine, Disodium EDTA, Glycerin, Allantoin, Trehalose, Propanediol, Panthenol, Palmitoyl Tripeptide-5, Houttuynia Cordata Extract, Salvia Hispanica Seed Extract, Centella Asiatica Extract, Tocopherol, Caprylyl Glycol, Copper Tripeptide-1, Tropolone, Acetyl Hexapeptide-8<\/p>\n","protected":false},"excerpt":{"rendered":"<p>Pinguldav seerum 90% mere kollageeni valemiga. Mere kollageen on teistest kollageeni liikidest k\u00f5ige efektiivsem, sest selle struktuur on v\u00f5imalikult sarnane inimese organismis sisalduva kollageeniga, seet\u00f5ttu p\u00e4\u00e4seb ta s\u00fcgavamale naha kihtidesse. Kollageen on t\u00e4htsaim valk inimese sidekudedes, mida leidub rakkudes ja rakkudevahelises koes. Kollageen on omamoodi karkassiks, t\u00e4nu millele on nahk toonuses ja h\u00e4sti niisutatud. Tekitades [&hellip;]<\/p>\n","protected":false},"featured_media":0,"comment_status":"open","ping_status":"closed","template":"","meta":{"_acf_changed":false},"product_brand":[],"product_cat":[],"product_tag":[],"class_list":{"0":"post-5409","1":"product","2":"type-product","3":"status-publish","5":"brand-mizon","7":"first","8":"instock","9":"taxable","10":"shipping-taxable","11":"purchasable","12":"product-type-simple"},"bundle_layout":"","bundled_by":[],"bundled_items":[],"acf":[],"_links":{"self":[{"href":"https:\/\/meon.theskinhouse.ee\/ru\/wp-json\/wp\/v2\/product\/5409","targetHints":{"allow":["GET"]}}],"collection":[{"href":"https:\/\/meon.theskinhouse.ee\/ru\/wp-json\/wp\/v2\/product"}],"about":[{"href":"https:\/\/meon.theskinhouse.ee\/ru\/wp-json\/wp\/v2\/types\/product"}],"replies":[{"embeddable":true,"href":"https:\/\/meon.theskinhouse.ee\/ru\/wp-json\/wp\/v2\/comments?post=5409"}],"wp:attachment":[{"href":"https:\/\/meon.theskinhouse.ee\/ru\/wp-json\/wp\/v2\/media?parent=5409"}],"wp:term":[{"taxonomy":"product_brand","embeddable":true,"href":"https:\/\/meon.theskinhouse.ee\/ru\/wp-json\/wp\/v2\/product_brand?post=5409"},{"taxonomy":"product_cat","embeddable":true,"href":"https:\/\/meon.theskinhouse.ee\/ru\/wp-json\/wp\/v2\/product_cat?post=5409"},{"taxonomy":"product_tag","embeddable":true,"href":"https:\/\/meon.theskinhouse.ee\/ru\/wp-json\/wp\/v2\/product_tag?post=5409"}],"curies":[{"name":"wp","href":"https:\/\/api.w.org\/{rel}","templated":true}]}}