{"id":5387,"date":"2025-07-28T20:40:02","date_gmt":"2025-07-28T17:40:02","guid":{"rendered":"https:\/\/meon.theskinhouse.ee\/toode\/sample-pouchmizon-hyalugen-le-lift-cream-2ml-2\/"},"modified":"2026-04-09T19:40:05","modified_gmt":"2026-04-09T16:40:05","slug":"sample-pouchmizon-hyalugen-le-lift-cream-2ml-2","status":"publish","type":"product","link":"https:\/\/meon.theskinhouse.ee\/ru\/toode\/sample-pouchmizon-hyalugen-le-lift-cream-2ml-2\/","title":{"rendered":"[SAMPLE POUCH]MIZON HYALUGEN LE LIFT CREAM 2ML"},"content":{"rendered":"<p>Intensiivne geelkreem Hyalugeniga pinguldamaks l\u00f5tvunud nahka ning tagamaks naha niisutatuse ja elastsuse. Hyalugen on neljanda generatsiooni kollageen &#8212; kaks \u00fches kombo kollageenist ja h\u00fcaluroonhappest, mis v\u00e4hendab peenete joonte ja kortsukeste ilmnemist. Kreem v\u00e4hendab kortsukesi ning aeglustab naha vananemisprotsessi. \u00dchtlustab nahatooni tagades elastse naha.&nbsp;<\/p>\n<p><strong>Kasutamine:<\/strong> Kanna nahale n\u00e4ohoolduse viimase etapina ning patsuta \u00f5rnalt s\u00f5rmedega imendumiseni.&nbsp;<\/p>\n<p><strong>Koostis: <\/strong>Water, Dipropylene Glycol, Butylene Glycol, Squalane, Caprylic\/Capric Triglyceride, Niacinamide, Hydrogenated Polydecene, C12-16 Alcohols, Ammonium, Acryloyldimethyltaurate\/VP Copolymer, Hydroxyethyl Acrylate\/Sodium Acryloyldimethyl Taurate Copolymer, Palmitic Acid, Polyglyceryl-2 Stearate, Hydrogenated Lecithin, Hydroxyacetophenone, Glyceryl Stearate, Stearyl Alcohol, Caprylyl Glycol, Ethylhexylglycerin, Sorbitan Isostearate, 1,2-Hexandiol Adenosine, Disodium EDTA, Sodium Hyaluronate, Hydrolyzed Collagen, Dipotassium Glycyrrhizate, Tocopherol<\/p>\n","protected":false},"excerpt":{"rendered":"<p>Intensiivne geelkreem Hyalugeniga pinguldamaks l\u00f5tvunud nahka ning tagamaks naha niisutatuse ja elastsuse. Hyalugen on neljanda generatsiooni kollageen &#8212; kaks \u00fches kombo kollageenist ja h\u00fcaluroonhappest, mis v\u00e4hendab peenete joonte ja kortsukeste ilmnemist. Kreem v\u00e4hendab kortsukesi ning aeglustab naha vananemisprotsessi. \u00dchtlustab nahatooni tagades elastse naha.&nbsp; Kasutamine: Kanna nahale n\u00e4ohoolduse viimase etapina ning patsuta \u00f5rnalt s\u00f5rmedega imendumiseni.&nbsp; Koostis: [&hellip;]<\/p>\n","protected":false},"featured_media":0,"comment_status":"open","ping_status":"closed","template":"","meta":{"_acf_changed":false},"product_brand":[],"product_cat":[],"product_tag":[],"class_list":{"0":"post-5387","1":"product","2":"type-product","3":"status-publish","5":"brand-mizon","7":"first","8":"instock","9":"taxable","10":"shipping-taxable","11":"purchasable","12":"product-type-simple"},"bundle_layout":"","bundled_by":[],"bundled_items":[],"acf":[],"_links":{"self":[{"href":"https:\/\/meon.theskinhouse.ee\/ru\/wp-json\/wp\/v2\/product\/5387","targetHints":{"allow":["GET"]}}],"collection":[{"href":"https:\/\/meon.theskinhouse.ee\/ru\/wp-json\/wp\/v2\/product"}],"about":[{"href":"https:\/\/meon.theskinhouse.ee\/ru\/wp-json\/wp\/v2\/types\/product"}],"replies":[{"embeddable":true,"href":"https:\/\/meon.theskinhouse.ee\/ru\/wp-json\/wp\/v2\/comments?post=5387"}],"wp:attachment":[{"href":"https:\/\/meon.theskinhouse.ee\/ru\/wp-json\/wp\/v2\/media?parent=5387"}],"wp:term":[{"taxonomy":"product_brand","embeddable":true,"href":"https:\/\/meon.theskinhouse.ee\/ru\/wp-json\/wp\/v2\/product_brand?post=5387"},{"taxonomy":"product_cat","embeddable":true,"href":"https:\/\/meon.theskinhouse.ee\/ru\/wp-json\/wp\/v2\/product_cat?post=5387"},{"taxonomy":"product_tag","embeddable":true,"href":"https:\/\/meon.theskinhouse.ee\/ru\/wp-json\/wp\/v2\/product_tag?post=5387"}],"curies":[{"name":"wp","href":"https:\/\/api.w.org\/{rel}","templated":true}]}}