{"id":5385,"date":"2025-07-28T20:40:02","date_gmt":"2025-07-28T17:40:02","guid":{"rendered":"https:\/\/meon.theskinhouse.ee\/toode\/sample-pouchmizon-hyalugen-gel-to-foam-cleanser-2ml-2\/"},"modified":"2026-04-09T19:40:05","modified_gmt":"2026-04-09T16:40:05","slug":"sample-pouchmizon-hyalugen-gel-to-foam-cleanser-2ml-2","status":"publish","type":"product","link":"https:\/\/meon.theskinhouse.ee\/ru\/toode\/sample-pouchmizon-hyalugen-gel-to-foam-cleanser-2ml-2\/","title":{"rendered":"[SAMPLE POUCH]MIZON HYALUGEN GEL TO FOAM CLEANSER 2ML"},"content":{"rendered":"<p>S\u00fcgavniisutav n\u00e4opesugeel Hyalugeniga, mis lisaks s\u00fcgavpuhastavale toimele niisutab nahka seest ja v\u00e4ljast ja aeglustab naha vananemise protsesse. Puhastab nahka ja poore ning samal ajal niisutab. Geeljas tekstuur, mis muutub pealekandmisel pehmeks ja rikkalikuks vahuks.<\/p>\n<p>Hyalugen on neljanda generatsiooni kollageen &#8212; kaks \u00fches kombo kollageenist ja h\u00fcaluroonhappest vahekorras 7:3, kus madala molekulmassiga kollageeni molekulid on pandud k\u00f5rge molekulmassiga h\u00fcaluroonhappe molekulite vahele. See on optimaalne valem maksimaalse pinguldava ja niisutava toime jaoks.<\/p>\n<p>Dermatoloogiliselt testitud.<\/p>\n<p><strong>Kasutamine:<\/strong> Kandke geel niisketele peopesadele, vahustage ja kandke niiskele n\u00e4ole masseerivate liigutustega. Loputage n\u00e4gu sooja veega.<\/p>\n<p><strong>Koostis: <\/strong>Water, Lauryl Hydroxysultaine, Glycerin, Sodium Chloride, Acrylates Copolymer, Potassium Cocoyl Glycinate, Disodium Cocoamphodiacetate, Coco-Glucoside, Potassium Cocoate, Dipropylene Glycol, Butylene Glycol, Hydroxyacetophenone, Caprylyl Glycol, Hexylene Glycol, Salvia Officinalis (Sage) Oil, Tromethamine, Ethylhexylglycerin, Ocimum Basilicum (Basil) Oil, Artemisia Vulgaris Oil, 1,2-Hexanediol, Disodium EDTA, Sodium Hyaluronate, Hydrolyzed Collagen, Dipotassium Glycyrrhizate, Tocopherol<\/p>\n","protected":false},"excerpt":{"rendered":"<p>S\u00fcgavniisutav n\u00e4opesugeel Hyalugeniga, mis lisaks s\u00fcgavpuhastavale toimele niisutab nahka seest ja v\u00e4ljast ja aeglustab naha vananemise protsesse. Puhastab nahka ja poore ning samal ajal niisutab. Geeljas tekstuur, mis muutub pealekandmisel pehmeks ja rikkalikuks vahuks. Hyalugen on neljanda generatsiooni kollageen &#8212; kaks \u00fches kombo kollageenist ja h\u00fcaluroonhappest vahekorras 7:3, kus madala molekulmassiga kollageeni molekulid on pandud [&hellip;]<\/p>\n","protected":false},"featured_media":0,"comment_status":"open","ping_status":"closed","template":"","meta":{"_acf_changed":false},"product_brand":[],"product_cat":[],"product_tag":[],"class_list":{"0":"post-5385","1":"product","2":"type-product","3":"status-publish","5":"brand-mizon","7":"first","8":"instock","9":"taxable","10":"shipping-taxable","11":"purchasable","12":"product-type-simple"},"bundle_layout":"","bundled_by":[],"bundled_items":[],"acf":[],"_links":{"self":[{"href":"https:\/\/meon.theskinhouse.ee\/ru\/wp-json\/wp\/v2\/product\/5385","targetHints":{"allow":["GET"]}}],"collection":[{"href":"https:\/\/meon.theskinhouse.ee\/ru\/wp-json\/wp\/v2\/product"}],"about":[{"href":"https:\/\/meon.theskinhouse.ee\/ru\/wp-json\/wp\/v2\/types\/product"}],"replies":[{"embeddable":true,"href":"https:\/\/meon.theskinhouse.ee\/ru\/wp-json\/wp\/v2\/comments?post=5385"}],"wp:attachment":[{"href":"https:\/\/meon.theskinhouse.ee\/ru\/wp-json\/wp\/v2\/media?parent=5385"}],"wp:term":[{"taxonomy":"product_brand","embeddable":true,"href":"https:\/\/meon.theskinhouse.ee\/ru\/wp-json\/wp\/v2\/product_brand?post=5385"},{"taxonomy":"product_cat","embeddable":true,"href":"https:\/\/meon.theskinhouse.ee\/ru\/wp-json\/wp\/v2\/product_cat?post=5385"},{"taxonomy":"product_tag","embeddable":true,"href":"https:\/\/meon.theskinhouse.ee\/ru\/wp-json\/wp\/v2\/product_tag?post=5385"}],"curies":[{"name":"wp","href":"https:\/\/api.w.org\/{rel}","templated":true}]}}