{"id":5383,"date":"2025-07-28T20:40:02","date_gmt":"2025-07-28T17:40:02","guid":{"rendered":"https:\/\/meon.theskinhouse.ee\/toode\/sample-pouchmizon-collagen-power-firming-eye-cream-2ml-2\/"},"modified":"2026-04-09T19:40:05","modified_gmt":"2026-04-09T16:40:05","slug":"sample-pouchmizon-collagen-power-firming-eye-cream-2ml-2","status":"publish","type":"product","link":"https:\/\/meon.theskinhouse.ee\/ru\/toode\/sample-pouchmizon-collagen-power-firming-eye-cream-2ml-2\/","title":{"rendered":"[SAMPLE POUCH]MIZON COLLAGEN POWER FIRMING EYE CREAM 2ML"},"content":{"rendered":"<p>Mizon Collagen Power Firming Eye Cream silma\u00fcmbruskreem kollageeniga. T\u00e4nu k\u00f5rgele kollageeni sisaldusele tugevdab kreem nahka silmade \u00fcmber, parandab naha elastsust, silub miimilisi kortse, v\u00e4hendab paistetusi ja tumedaid r\u00f5ngaid silmade \u00fcmber, pinguldab nahka, teeb ta elastseks ja niisutatuks. Kreem aitab tugevdada \u00f5hukest nahka silmade \u00fcmber ning stimuleerib naha oma kollageeni s\u00fcnteesi, aeglustades vananemise protsesse.<\/p>\n<p>T\u00e4nu lifting efektile muutub naha seisukord paremaks, nahk pinguldub ning t\u00e4itub toitainetega. Samuti v\u00e4heneb kortsude s\u00fcgavus. Kreem annab silma\u00fcmbrusele maksimaalse kaitse vabade radikaalide eest, mis kaasnevad vananemise, stressi, p\u00e4ikesekiirguse ning muude kahjulike v\u00e4lism\u00f5judega. Kreem pehmendab ja v\u00e4rskendab nahka.<\/p>\n<p>Mizon Collagen Power Firming Eye Cream sisaldab:<br \/>&#8212; vase tripeptiidi, mis taastab naharakke;<br \/>&#8212; adenosiini, mis silub miimilisi kortse ja on vanenemisvastase toimega;<br \/>&#8212; beetagl\u00fckaani, mis parandab kollageeni s\u00fcnteesi;<br \/>&#8212; h\u00fcaluroonhapet, mis niisutab nahka ja hoolitseb vee tasakaalu eest;<br \/>&#8212; argaani\u00f5li, mis on rikas vitamiinide poolest ja on toniseeriva toimega ning on tugev antioks\u00fcdant.<br \/>Mizon Collagen Power Firming silma\u00fcmbruskreemi vananemisvastane toime on sertifitseeritud KFDA (Korea ravimite ja toidu ohutuse amet).<\/p>\n<p>Mizon Collagen Power Firming Eye cream ei sisalda v\u00e4rv- ja l\u00f5hnaineid, etanooli, parabeene ja bensofenooni!<\/p>\n<p><strong>Kasutamine<\/strong>: P\u00e4rast naha puhastamist kandke veidi kreemi silma\u00fcmbrusele ning laske imenduda. Sobib igap\u00e4evaseks kasutamiseks. P\u00e4rast avamist soovitame kreemi hoida k\u00fclmkapis. Sobib igale nahat\u00fc\u00fcbile, eriti alates 25. eluaastast.<\/p>\n<p><strong>Koostis<\/strong>: Aqua, Butylene Glycol, Glycerin, Cyclopentasiloxane, Cyclohexasiloxane, Dimethicone, Caprylyl Methicone, 1,2-Hexanediol, Sodium Chloride, PEG-10 Dimethicone, Cetearyl Dimethicone Crosspolymer, C30-45 Alkyl Cetearyl Dimethicone Crosspolymer, Dimethicone\/PEG-10\/15 Crosspolymer, Sodium Citrate, PEG-9 Polydimethylsiloxyethyl Dimethicone, Hydrolyzed Collagen, Ethylhexylglycerin, Adenosine, Disodium EDTA, Dipropylene Glycol, Limnanthes Alba (Meadowfoam) Seed Oil, Olea Europaea (Olive) Fruit Oil, Helianthus Annuus (Sunflower) Seed Oil, Theobroma Cacao (Cocoa) Seed Extract, Sodium Hyaluronate, Coptis Japonica Root Extract, Argania Spinosa Kernel Oil, Tocopherol, Mangifera Indica (Mango) Seed Butter, Honey Extract, Beta-Glucan, Fragaria Chiloensis (Strawberry) Fruit Extract, Glycine, Caprylic\/Capric Triglyceride, Serine, Glutamic Acid, Rubus Idaeus (Raspberry) Fruit Extract, Aspartic Acid, Leucine, Hydrogenated Lecithin, Alanine, Lysine, Arginine, Tyrosine, Phenylalanine, Proline, Threonine, Valine, Isoleucine, Histidine, Cysteine, Methionine, Fragaria Vesca (Strawberry) Fruit Extract, Phytosteryl\/Octyldodecyl Lauroyl Glutamate, Copper Tripeptide-1, Ceramide NP<\/p>\n","protected":false},"excerpt":{"rendered":"<p>Mizon Collagen Power Firming Eye Cream silma\u00fcmbruskreem kollageeniga. T\u00e4nu k\u00f5rgele kollageeni sisaldusele tugevdab kreem nahka silmade \u00fcmber, parandab naha elastsust, silub miimilisi kortse, v\u00e4hendab paistetusi ja tumedaid r\u00f5ngaid silmade \u00fcmber, pinguldab nahka, teeb ta elastseks ja niisutatuks. Kreem aitab tugevdada \u00f5hukest nahka silmade \u00fcmber ning stimuleerib naha oma kollageeni s\u00fcnteesi, aeglustades vananemise protsesse. T\u00e4nu lifting [&hellip;]<\/p>\n","protected":false},"featured_media":0,"comment_status":"open","ping_status":"closed","template":"","meta":{"_acf_changed":false},"product_brand":[],"product_cat":[],"product_tag":[],"class_list":{"0":"post-5383","1":"product","2":"type-product","3":"status-publish","5":"brand-mizon","7":"first","8":"instock","9":"taxable","10":"shipping-taxable","11":"purchasable","12":"product-type-simple"},"bundle_layout":"","bundled_by":[],"bundled_items":[],"acf":[],"_links":{"self":[{"href":"https:\/\/meon.theskinhouse.ee\/ru\/wp-json\/wp\/v2\/product\/5383","targetHints":{"allow":["GET"]}}],"collection":[{"href":"https:\/\/meon.theskinhouse.ee\/ru\/wp-json\/wp\/v2\/product"}],"about":[{"href":"https:\/\/meon.theskinhouse.ee\/ru\/wp-json\/wp\/v2\/types\/product"}],"replies":[{"embeddable":true,"href":"https:\/\/meon.theskinhouse.ee\/ru\/wp-json\/wp\/v2\/comments?post=5383"}],"wp:attachment":[{"href":"https:\/\/meon.theskinhouse.ee\/ru\/wp-json\/wp\/v2\/media?parent=5383"}],"wp:term":[{"taxonomy":"product_brand","embeddable":true,"href":"https:\/\/meon.theskinhouse.ee\/ru\/wp-json\/wp\/v2\/product_brand?post=5383"},{"taxonomy":"product_cat","embeddable":true,"href":"https:\/\/meon.theskinhouse.ee\/ru\/wp-json\/wp\/v2\/product_cat?post=5383"},{"taxonomy":"product_tag","embeddable":true,"href":"https:\/\/meon.theskinhouse.ee\/ru\/wp-json\/wp\/v2\/product_tag?post=5383"}],"curies":[{"name":"wp","href":"https:\/\/api.w.org\/{rel}","templated":true}]}}