{"id":538,"date":"2020-04-02T14:10:03","date_gmt":"2020-04-02T11:10:03","guid":{"rendered":"https:\/\/meon.theskinhouse.ee\/toode\/skinlite-soothing-mask-with-collagen-aloe-2\/"},"modified":"2026-04-09T23:20:03","modified_gmt":"2026-04-09T20:20:03","slug":"skinlite-soothing-mask-with-collagen-aloe-2","status":"publish","type":"product","link":"https:\/\/meon.theskinhouse.ee\/ru\/toode\/skinlite-soothing-mask-with-collagen-aloe-2\/","title":{"rendered":"Skinlite Soothing Mask With Collagen &#171;ALOE&#187;"},"content":{"rendered":"<p>Mahapestav mask n\u00e4ole, mis sisaldab aaloeekstrakti, oliiv\u00f5li, kollageeni ja E-vitamiini.<\/p>\n<p>* Aaloeekstrakt leevendab ja rahustab nahka ning v\u00e4hendab stressi tundem\u00e4rke.<\/p>\n<p>* Oliiv\u00f5li pehmendab nahka ja paneb selle s\u00e4rama.<\/p>\n<p><strong>Kasutamine<\/strong>:<\/p>\n<p>1. Puhastage ja kuivatage n\u00e4gu p\u00f5hjalikult.<\/p>\n<p>2. Avage pakend ja kandke mask \u00fchtlaselt masseerides n\u00e4ole (j\u00e4tke v\u00e4lja silmade ja suu piirkond).<\/p>\n<p>3. 5-10 minuti m\u00f6\u00f6dumisel loputage sooja veega.<\/p>\n","protected":false},"excerpt":{"rendered":"<p>Mahapestav mask n\u00e4ole, mis sisaldab aaloeekstrakti, oliiv\u00f5li, kollageeni ja E-vitamiini. * Aaloeekstrakt leevendab ja rahustab nahka ning v\u00e4hendab stressi tundem\u00e4rke. * Oliiv\u00f5li pehmendab nahka ja paneb selle s\u00e4rama. Kasutamine: 1. Puhastage ja kuivatage n\u00e4gu p\u00f5hjalikult. 2. Avage pakend ja kandke mask \u00fchtlaselt masseerides n\u00e4ole (j\u00e4tke v\u00e4lja silmade ja suu piirkond). 3. 5-10 minuti m\u00f6\u00f6dumisel loputage [&hellip;]<\/p>\n","protected":false},"featured_media":0,"comment_status":"open","ping_status":"closed","template":"","meta":{"_acf_changed":false},"product_brand":[],"product_cat":[],"product_tag":[],"class_list":{"0":"post-538","1":"product","2":"type-product","3":"status-publish","5":"brand-skinlite","7":"first","8":"outofstock","9":"taxable","10":"shipping-taxable","11":"purchasable","12":"product-type-simple"},"bundle_layout":"","bundled_by":[],"bundled_items":[],"acf":[],"_links":{"self":[{"href":"https:\/\/meon.theskinhouse.ee\/ru\/wp-json\/wp\/v2\/product\/538","targetHints":{"allow":["GET"]}}],"collection":[{"href":"https:\/\/meon.theskinhouse.ee\/ru\/wp-json\/wp\/v2\/product"}],"about":[{"href":"https:\/\/meon.theskinhouse.ee\/ru\/wp-json\/wp\/v2\/types\/product"}],"replies":[{"embeddable":true,"href":"https:\/\/meon.theskinhouse.ee\/ru\/wp-json\/wp\/v2\/comments?post=538"}],"wp:attachment":[{"href":"https:\/\/meon.theskinhouse.ee\/ru\/wp-json\/wp\/v2\/media?parent=538"}],"wp:term":[{"taxonomy":"product_brand","embeddable":true,"href":"https:\/\/meon.theskinhouse.ee\/ru\/wp-json\/wp\/v2\/product_brand?post=538"},{"taxonomy":"product_cat","embeddable":true,"href":"https:\/\/meon.theskinhouse.ee\/ru\/wp-json\/wp\/v2\/product_cat?post=538"},{"taxonomy":"product_tag","embeddable":true,"href":"https:\/\/meon.theskinhouse.ee\/ru\/wp-json\/wp\/v2\/product_tag?post=538"}],"curies":[{"name":"wp","href":"https:\/\/api.w.org\/{rel}","templated":true}]}}