{"id":536,"date":"2020-04-02T14:10:02","date_gmt":"2020-04-02T11:10:02","guid":{"rendered":"https:\/\/meon.theskinhouse.ee\/toode\/skinlite-ultra-hydrating-olive-oil-mask-2\/"},"modified":"2026-04-09T23:20:03","modified_gmt":"2026-04-09T20:20:03","slug":"skinlite-ultra-hydrating-olive-oil-mask-2","status":"publish","type":"product","link":"https:\/\/meon.theskinhouse.ee\/ru\/toode\/skinlite-ultra-hydrating-olive-oil-mask-2\/","title":{"rendered":"Skinlite Ultra Hydrating Olive Oil Mask"},"content":{"rendered":"<p>Naha struktuuri taastav ja s\u00fcgavniisutav kangasmask. Sisaldab oliivi\u00f5li lehtede ekstrakti, kollageeni ja e-vitamiini, mille koosm\u00f5ju aitab nahal muutuda siledamaks ja elastsemaks. Annab nahale eluj\u00f5udu ja aeglustab vananemisprotsesse. Kaitseb nahka v\u00e4liskeskkonna negatiivsete m\u00f5jutuste eest. Niisutab ja s\u00e4ilitab nahas \u00f5ige pH-taseme. Aitab kaasa rakkude uuenemisele, muutes naha siidiselt pehmeks ja taastab noorusliku eluj\u00f5u ning s\u00e4ra.<\/p>\n<p><strong>Kasutamine:<\/strong><\/p>\n<p>1. Puhastage n\u00e4gu.<\/p>\n<p>2. Asetage kangasmask \u00fchtlaselt n\u00e4ole.<\/p>\n<p>3. Hoidke maski n\u00e4ol 15-20 minutit ja seej\u00e4rel eemaldage \u00f5rnalt.<\/p>\n<p>4. Masseerige \u00f5rnalt n\u00e4ole j\u00e4\u00e4nud toimeaine naha sisse kuni see on t\u00e4ielikult imendunud.<\/p>\n","protected":false},"excerpt":{"rendered":"<p>Naha struktuuri taastav ja s\u00fcgavniisutav kangasmask. Sisaldab oliivi\u00f5li lehtede ekstrakti, kollageeni ja e-vitamiini, mille koosm\u00f5ju aitab nahal muutuda siledamaks ja elastsemaks. Annab nahale eluj\u00f5udu ja aeglustab vananemisprotsesse. Kaitseb nahka v\u00e4liskeskkonna negatiivsete m\u00f5jutuste eest. Niisutab ja s\u00e4ilitab nahas \u00f5ige pH-taseme. Aitab kaasa rakkude uuenemisele, muutes naha siidiselt pehmeks ja taastab noorusliku eluj\u00f5u ning s\u00e4ra. Kasutamine: 1. [&hellip;]<\/p>\n","protected":false},"featured_media":0,"comment_status":"open","ping_status":"closed","template":"","meta":{"_acf_changed":false},"product_brand":[],"product_cat":[],"product_tag":[],"class_list":{"0":"post-536","1":"product","2":"type-product","3":"status-publish","5":"brand-skinlite","7":"first","8":"outofstock","9":"taxable","10":"shipping-taxable","11":"purchasable","12":"product-type-simple"},"bundle_layout":"","bundled_by":[],"bundled_items":[],"acf":[],"_links":{"self":[{"href":"https:\/\/meon.theskinhouse.ee\/ru\/wp-json\/wp\/v2\/product\/536","targetHints":{"allow":["GET"]}}],"collection":[{"href":"https:\/\/meon.theskinhouse.ee\/ru\/wp-json\/wp\/v2\/product"}],"about":[{"href":"https:\/\/meon.theskinhouse.ee\/ru\/wp-json\/wp\/v2\/types\/product"}],"replies":[{"embeddable":true,"href":"https:\/\/meon.theskinhouse.ee\/ru\/wp-json\/wp\/v2\/comments?post=536"}],"wp:attachment":[{"href":"https:\/\/meon.theskinhouse.ee\/ru\/wp-json\/wp\/v2\/media?parent=536"}],"wp:term":[{"taxonomy":"product_brand","embeddable":true,"href":"https:\/\/meon.theskinhouse.ee\/ru\/wp-json\/wp\/v2\/product_brand?post=536"},{"taxonomy":"product_cat","embeddable":true,"href":"https:\/\/meon.theskinhouse.ee\/ru\/wp-json\/wp\/v2\/product_cat?post=536"},{"taxonomy":"product_tag","embeddable":true,"href":"https:\/\/meon.theskinhouse.ee\/ru\/wp-json\/wp\/v2\/product_tag?post=536"}],"curies":[{"name":"wp","href":"https:\/\/api.w.org\/{rel}","templated":true}]}}