{"id":532,"date":"2020-04-02T14:10:01","date_gmt":"2020-04-02T11:10:01","guid":{"rendered":"https:\/\/meon.theskinhouse.ee\/toode\/skinlite-vital-nourishing-red-ginseng-mask-2\/"},"modified":"2026-04-09T23:20:02","modified_gmt":"2026-04-09T20:20:02","slug":"skinlite-vital-nourishing-red-ginseng-mask-2","status":"publish","type":"product","link":"https:\/\/meon.theskinhouse.ee\/ru\/toode\/skinlite-vital-nourishing-red-ginseng-mask-2\/","title":{"rendered":"Skinlite Vital Nourishing Red Ginseng Mask"},"content":{"rendered":"<p>Toniseeriv kangast n\u00e4omask, mis sisaldab punast \u017een\u0161enni, E-vitamiini ja virgiinia n\u00f5iap\u00e4hklipuu vett. Taastab naha eluj\u00f5udu t\u00e4nu effektiivsetele koostisosadele. Punase \u017een\u0161enni ekstrakt toniseerib ja taaselustab naha eluj\u00f5u, reguleerib rasueritust. \u017den\u0161enn sisaldab f\u00fctotoitaineid, mis stimuleerivad vereringet ja aitavad v\u00f5idelda vananemise vastu.<\/p>\n<p><strong>Kasutamine:<\/strong><\/p>\n<p>1. Puhastage n\u00e4gu.<\/p>\n<p>2. Asetage kangasmask \u00fchtlaselt n\u00e4ole.<\/p>\n<p>3. Hoidke maski n\u00e4ol 15-20 minutit ja seej\u00e4rel eemaldage \u00f5rnalt.<\/p>\n<p>4. Masseerige \u00f5rnalt n\u00e4ole j\u00e4\u00e4nud toimeaine naha sisse kuni see on t\u00e4ielikult imendunud.<\/p>\n","protected":false},"excerpt":{"rendered":"<p>Toniseeriv kangast n\u00e4omask, mis sisaldab punast \u017een\u0161enni, E-vitamiini ja virgiinia n\u00f5iap\u00e4hklipuu vett. Taastab naha eluj\u00f5udu t\u00e4nu effektiivsetele koostisosadele. Punase \u017een\u0161enni ekstrakt toniseerib ja taaselustab naha eluj\u00f5u, reguleerib rasueritust. \u017den\u0161enn sisaldab f\u00fctotoitaineid, mis stimuleerivad vereringet ja aitavad v\u00f5idelda vananemise vastu. Kasutamine: 1. Puhastage n\u00e4gu. 2. Asetage kangasmask \u00fchtlaselt n\u00e4ole. 3. Hoidke maski n\u00e4ol 15-20 minutit ja [&hellip;]<\/p>\n","protected":false},"featured_media":0,"comment_status":"open","ping_status":"closed","template":"","meta":{"_acf_changed":false},"product_brand":[],"product_cat":[],"product_tag":[],"class_list":{"0":"post-532","1":"product","2":"type-product","3":"status-publish","5":"brand-skinlite","7":"first","8":"outofstock","9":"taxable","10":"shipping-taxable","11":"purchasable","12":"product-type-simple"},"bundle_layout":"","bundled_by":[],"bundled_items":[],"acf":[],"_links":{"self":[{"href":"https:\/\/meon.theskinhouse.ee\/ru\/wp-json\/wp\/v2\/product\/532","targetHints":{"allow":["GET"]}}],"collection":[{"href":"https:\/\/meon.theskinhouse.ee\/ru\/wp-json\/wp\/v2\/product"}],"about":[{"href":"https:\/\/meon.theskinhouse.ee\/ru\/wp-json\/wp\/v2\/types\/product"}],"replies":[{"embeddable":true,"href":"https:\/\/meon.theskinhouse.ee\/ru\/wp-json\/wp\/v2\/comments?post=532"}],"wp:attachment":[{"href":"https:\/\/meon.theskinhouse.ee\/ru\/wp-json\/wp\/v2\/media?parent=532"}],"wp:term":[{"taxonomy":"product_brand","embeddable":true,"href":"https:\/\/meon.theskinhouse.ee\/ru\/wp-json\/wp\/v2\/product_brand?post=532"},{"taxonomy":"product_cat","embeddable":true,"href":"https:\/\/meon.theskinhouse.ee\/ru\/wp-json\/wp\/v2\/product_cat?post=532"},{"taxonomy":"product_tag","embeddable":true,"href":"https:\/\/meon.theskinhouse.ee\/ru\/wp-json\/wp\/v2\/product_tag?post=532"}],"curies":[{"name":"wp","href":"https:\/\/api.w.org\/{rel}","templated":true}]}}