{"id":530,"date":"2020-04-02T14:10:01","date_gmt":"2020-04-02T11:10:01","guid":{"rendered":"https:\/\/meon.theskinhouse.ee\/toode\/skinlite-wrinkle-reducer-gel-mask-hyaluronic-acid-2\/"},"modified":"2026-04-09T23:25:02","modified_gmt":"2026-04-09T20:25:02","slug":"skinlite-wrinkle-reducer-gel-mask-hyaluronic-acid-2","status":"publish","type":"product","link":"https:\/\/meon.theskinhouse.ee\/ru\/toode\/skinlite-wrinkle-reducer-gel-mask-hyaluronic-acid-2\/","title":{"rendered":"Skinlite Wrinkle Reducer Gel Mask &#171;HYALURONIC ACID&#187;"},"content":{"rendered":"<p>Spetsiaalselt v\u00e4lja t\u00f6\u00f6tatud silma\u00fcmbruspiirkonna kortsude v\u00e4hendamiseks.<\/p>\n<p>H\u00fcaluroonhape, f\u00fctokollageen, A- ja E-vitamiinid stimuleerivad kollegeeni tootmist nahas, omavad t\u00f5stvat toimet, suurendavad naha prinkust ja elastsust, silendavad silma\u00fcmbruse kortse, aeglustavad vananemise protsessi ning parandavad mikrovereringet.<\/p>\n<p>\nKasutamine:<\/p>\n<p>1. Puhastage ning kuivatage n\u00e4gu p\u00f5hjalikult.<\/p>\n<p>2. Avage pakend ja eemaldage maskilt kile.<\/p>\n<p>3. Asetage mask l\u00e4ikiva poolega sobivale kohale.<\/p>\n<p>4. Hoidke maski peal 30 minutit v\u00f5i \u00fcle\u00f6\u00f6.<\/p>\n<p>5. Koorige mask ettevaatlikult maha. Loputage \u00fclej\u00e4\u00e4gid veega maha.<\/p>\n","protected":false},"excerpt":{"rendered":"<p>Spetsiaalselt v\u00e4lja t\u00f6\u00f6tatud silma\u00fcmbruspiirkonna kortsude v\u00e4hendamiseks. H\u00fcaluroonhape, f\u00fctokollageen, A- ja E-vitamiinid stimuleerivad kollegeeni tootmist nahas, omavad t\u00f5stvat toimet, suurendavad naha prinkust ja elastsust, silendavad silma\u00fcmbruse kortse, aeglustavad vananemise protsessi ning parandavad mikrovereringet. Kasutamine: 1. Puhastage ning kuivatage n\u00e4gu p\u00f5hjalikult. 2. Avage pakend ja eemaldage maskilt kile. 3. Asetage mask l\u00e4ikiva poolega sobivale kohale. 4. Hoidke [&hellip;]<\/p>\n","protected":false},"featured_media":0,"comment_status":"open","ping_status":"closed","template":"","meta":{"_acf_changed":false},"product_brand":[],"product_cat":[],"product_tag":[],"class_list":{"0":"post-530","1":"product","2":"type-product","3":"status-publish","5":"brand-skinlite","7":"first","8":"outofstock","9":"taxable","10":"shipping-taxable","11":"purchasable","12":"product-type-simple"},"bundle_layout":"","bundled_by":[],"bundled_items":[],"acf":[],"_links":{"self":[{"href":"https:\/\/meon.theskinhouse.ee\/ru\/wp-json\/wp\/v2\/product\/530","targetHints":{"allow":["GET"]}}],"collection":[{"href":"https:\/\/meon.theskinhouse.ee\/ru\/wp-json\/wp\/v2\/product"}],"about":[{"href":"https:\/\/meon.theskinhouse.ee\/ru\/wp-json\/wp\/v2\/types\/product"}],"replies":[{"embeddable":true,"href":"https:\/\/meon.theskinhouse.ee\/ru\/wp-json\/wp\/v2\/comments?post=530"}],"wp:attachment":[{"href":"https:\/\/meon.theskinhouse.ee\/ru\/wp-json\/wp\/v2\/media?parent=530"}],"wp:term":[{"taxonomy":"product_brand","embeddable":true,"href":"https:\/\/meon.theskinhouse.ee\/ru\/wp-json\/wp\/v2\/product_brand?post=530"},{"taxonomy":"product_cat","embeddable":true,"href":"https:\/\/meon.theskinhouse.ee\/ru\/wp-json\/wp\/v2\/product_cat?post=530"},{"taxonomy":"product_tag","embeddable":true,"href":"https:\/\/meon.theskinhouse.ee\/ru\/wp-json\/wp\/v2\/product_tag?post=530"}],"curies":[{"name":"wp","href":"https:\/\/api.w.org\/{rel}","templated":true}]}}