{"id":526,"date":"2020-04-02T14:10:01","date_gmt":"2020-04-02T11:10:01","guid":{"rendered":"https:\/\/meon.theskinhouse.ee\/toode\/the-skin-house-black-pearl-peptide-patch-2\/"},"modified":"2026-04-10T00:10:03","modified_gmt":"2026-04-09T21:10:03","slug":"the-skin-house-black-pearl-peptide-patch-2","status":"publish","type":"product","link":"https:\/\/meon.theskinhouse.ee\/ru\/toode\/the-skin-house-black-pearl-peptide-patch-2\/","title":{"rendered":"The Skin House Black Pearl Peptide Patch"},"content":{"rendered":"<p style=\"margin: 0px;font-size: 14px;line-height: 26px;font-family: Raleway, sans-serif\"><span style=\"font-weight: 700\">Black Pearl Peptide silmapadjakesed on Iluteemant 2019 v\u00f5itja \u2013 aasta innovatiivseima nahahooldustoote eriauhind!<\/span><\/p>\n<p style=\"margin: 0px;font-size: 14px;line-height: 26px;font-family: Raleway, sans-serif\"><span style=\"color:#000000\">H\u00fcdrogeelsed padjakesed silmaalustele p\u00e4rli, marjade ekstraktide ja peptiididega. Silmapadjakesed v\u00e4hendavad turset silmade all, leevendavad tumedaid silmaaluseid, niisutavad nahka, siluvad kortse. Padjakesed on kiire ja intensiivne hooldus v\u00e4sinud silmadele, teevad silmad kiiresti v\u00e4rskemaks ja s\u00e4ravamaks, v\u00e4hendavad v\u00e4simuse m\u00e4rke k\u00f5igest 20 minutiga.<\/span><\/p>\n<p style=\"margin: 0px;font-size: 14px;line-height: 26px;font-family: Raleway, sans-serif\">\n<span style=\"color:#000000\">Padjakesed sisaldavad p\u00e4rli ekstrakti, mis sisaldab suures koguses aminohappeid ja naturaalseid mineraale, aitab niisutada nahka ning v\u00e4hendada turset.<\/span><\/p>\n<p style=\"margin: 0px;font-size: 14px;line-height: 26px;font-family: Raleway, sans-serif\"><span style=\"color:#000000\">Peptiidide kompleks pinguldab nahka, silub kortse, teeb naha tugevamaks ja elastsemaks.<\/span><\/p>\n<p style=\"margin: 0px;font-size: 14px;line-height: 26px;font-family: Raleway, sans-serif\">\n<span style=\"color:#000000\">Koostisesse kuuluvad taimsed ekstraktid (mustikas, musts\u00f5star, must p\u00e4hklipuu) toidavad nahka ja sisaldavad suures koguses vitamiine.<\/span><\/p>\n<p style=\"margin: 0px;font-size: 14px;line-height: 26px;font-family: Raleway, sans-serif\"><span style=\"color:#000000\">Adenosiin pinguldab nahka ning on tugeva vananemisvastase toimega.<\/span><\/p>\n<p style=\"margin: 0px;font-size: 14px;line-height: 26px;font-family: Raleway, sans-serif\">\n<strong><span style=\"color:#000000\"><span style=\"font-weight: 700\">Kasutamine<\/span><\/span><\/strong><\/p>\n<p style=\"margin: 0px;font-size: 14px;line-height: 26px;font-family: Raleway, sans-serif\"><span style=\"color:#000000\">P\u00e4rast naha puhastamist kandke silmapadjakesed kaasasoleva lusika abil silmaalustele ning j\u00e4tke 20-25-ks minutiks. Seej\u00e4rel eemaldage padjakesed ning masseerige v\u00f5i patsutage \u00f5rnalt alles j\u00e4\u00e4nud vedelik naha sisse.<\/span><\/p>\n<p style=\"margin: 0px;font-size: 14px;line-height: 26px;font-family: Raleway, sans-serif\">\n<span style=\"color:#000000\"><span style=\"font-weight: 700\">Kogus<\/span><\/span><span style=\"font-weight: 700\">:<\/span>&nbsp;<span style=\"color:#000000\">60 padjakest, 90g.<\/span><\/p>\n<p><strong><span style=\"color:#000000\">Koostis<\/span><\/strong><br \/>\n<span style=\"color:#000000\">Aqua, Glycerin, Dipropylene Glycol, Chondrus Crispus Powder, Benzyl Glycol, Ceratonia Siliqua Gum, Butoxydiglycol, Xanthan Gum, Allantoin, Raspberry Ketone, CI 77499,&nbsp;Fragrance, Dipotassium Glycyrrhizate, Adenosine, Butylene Glycol, Rubus Fruticosus (Blackberry) Fruit Extract, Juglans Nigra (Black Walnut) Shell Extract, Disodium EDTA,&nbsp;Ribes Nigrum (Black Currant) Fruit Extract, PEG-60Hydrogenated Castor Oil, Pearl Extract, Calcium lactate, Synthetic Fluorphlogopite, Titanium Dioxide, Red Oxide of Iron,&nbsp;Tocopheryl Acetate, 1,2-Hexanediol, Phenoxyethanol, Lavandula Angustifolia (Lavender) Extract, Rosmarinus Officinalis (Rosemary) Leaf Extract, Chamomilla Recutita (Matricaria) Flower\/Leaf Extract, Monarda Didyma Leaf Extract, Freesia Alba Flower Extract, Mentha Piperita (Peppermint) Leaf Extract, Tin Oxide, Ethylhexylglycerin,&nbsp;Polysorbate 20, rh-Oligopeptide-1<\/span><\/p>\n","protected":false},"excerpt":{"rendered":"<p>Black Pearl Peptide silmapadjakesed on Iluteemant 2019 v\u00f5itja \u2013 aasta innovatiivseima nahahooldustoote eriauhind! H\u00fcdrogeelsed padjakesed silmaalustele p\u00e4rli, marjade ekstraktide ja peptiididega. Silmapadjakesed v\u00e4hendavad turset silmade all, leevendavad tumedaid silmaaluseid, niisutavad nahka, siluvad kortse. Padjakesed on kiire ja intensiivne hooldus v\u00e4sinud silmadele, teevad silmad kiiresti v\u00e4rskemaks ja s\u00e4ravamaks, v\u00e4hendavad v\u00e4simuse m\u00e4rke k\u00f5igest 20 minutiga. Padjakesed sisaldavad [&hellip;]<\/p>\n","protected":false},"featured_media":1629,"comment_status":"open","ping_status":"closed","template":"","meta":{"_acf_changed":false},"product_brand":[],"product_cat":[],"product_tag":[],"class_list":{"0":"post-526","1":"product","2":"type-product","3":"status-publish","4":"has-post-thumbnail","6":"brand-the-skin-house","8":"first","9":"instock","10":"taxable","11":"shipping-taxable","12":"purchasable","13":"product-type-simple"},"bundle_layout":"","bundled_by":[],"bundled_items":[],"acf":[],"_links":{"self":[{"href":"https:\/\/meon.theskinhouse.ee\/ru\/wp-json\/wp\/v2\/product\/526","targetHints":{"allow":["GET"]}}],"collection":[{"href":"https:\/\/meon.theskinhouse.ee\/ru\/wp-json\/wp\/v2\/product"}],"about":[{"href":"https:\/\/meon.theskinhouse.ee\/ru\/wp-json\/wp\/v2\/types\/product"}],"replies":[{"embeddable":true,"href":"https:\/\/meon.theskinhouse.ee\/ru\/wp-json\/wp\/v2\/comments?post=526"}],"wp:featuredmedia":[{"embeddable":true,"href":"https:\/\/meon.theskinhouse.ee\/ru\/wp-json\/wp\/v2\/media\/1629"}],"wp:attachment":[{"href":"https:\/\/meon.theskinhouse.ee\/ru\/wp-json\/wp\/v2\/media?parent=526"}],"wp:term":[{"taxonomy":"product_brand","embeddable":true,"href":"https:\/\/meon.theskinhouse.ee\/ru\/wp-json\/wp\/v2\/product_brand?post=526"},{"taxonomy":"product_cat","embeddable":true,"href":"https:\/\/meon.theskinhouse.ee\/ru\/wp-json\/wp\/v2\/product_cat?post=526"},{"taxonomy":"product_tag","embeddable":true,"href":"https:\/\/meon.theskinhouse.ee\/ru\/wp-json\/wp\/v2\/product_tag?post=526"}],"curies":[{"name":"wp","href":"https:\/\/api.w.org\/{rel}","templated":true}]}}