{"id":520,"date":"2020-04-02T14:10:00","date_gmt":"2020-04-02T11:10:00","guid":{"rendered":"https:\/\/meon.theskinhouse.ee\/toode\/the-skin-house-hyaluronic-6000-ampoule-2\/"},"modified":"2026-04-10T00:05:01","modified_gmt":"2026-04-09T21:05:01","slug":"the-skin-house-hyaluronic-6000-ampoule-2","status":"publish","type":"product","link":"https:\/\/meon.theskinhouse.ee\/ru\/toode\/the-skin-house-hyaluronic-6000-ampoule-2\/","title":{"rendered":"The Skin House Hyaluronic 6000 Ampoule"},"content":{"rendered":"<p><strong>Anne &amp; Stiil ILULEMMIK 2021 konkursi v\u00f5itja!<\/strong><br \/>\nNiisutav n\u00e4oseerum, mis sisaldab kontsentreeritud kujul h\u00fcaluroonhapet ja kollageeni. Madala molekulmassiga h\u00fcaluroonhape viib niiskuse s\u00fcgavale naha sisse ja tagab niisutuse pikaks ajaks. Kollageen parandab naha elastsust, tugevdab nahka, teeb naha siledamaks ja pringimaks. Lisaks sisaldab seerum rohelist teed ja aaloe ekstrakti, mis sobivad h\u00e4sti tundlikule nahale \u2013 rahustavad nahka ja leevendavad p\u00f5letikke ja \u00e4rritusi.<\/p>\n<p><strong>Kasutamine<\/strong><\/p>\n<p>P\u00e4rast puhastamist pehmendage nahka toonikuga. Kandke piisav kogus seerumit n\u00e4ole kergete patsutavate liigutustega, laske imenduda.<\/p>\n<p><strong>Kogus<\/strong>: 30ml<\/p>\n<p><strong>Sobib<\/strong>: niisutamist vajavale nahale, alates 25 a.<\/p>\n<p><strong>Koostis<\/strong><br \/>\nWater, Sodium Hyaluronate, Glycerin, Butylene glycol, Betaine, Alcohol, 1,2-Hexanediol, PPG-26-Buteth-26, PEG-40 Hydrogenated Castor Oil, Arginine, Squalane, Camellia Sinensis Leaf Extract, Hydrolyzed Collagen, Dipotassium Glycyrrhizate, Sodium Citrate, Glyceryl Acrylate\/Acrylic Acid Copolymer, Propylene Glycol, PVM\/MA Copolymer, Carbomer, Xanthan GUM, Solanum Lycopersicum (Tomato) Fruit Extract, Paeonia Lactiflora Bark\/Sap Extract, Lonicera Japonica (Honeysuckle) Flower Extract, Myrciaria Dubia Fruit Extract, Euterpe Oleracea Fruit Extract, Ardisia Crispa Extract, Rubus Coreanus Fruit Extract, Phellinus Linteus Extract, Aloe Barbadensis Leaf Extract, Nelumbo Nucifera Leaf Extract, Citric Acid, Adenosine, Disodium EDTA, Panax ginseng callus culture extract, Phaseolus Radiatus Meristem Cell Culture Extract, Ethylhexylglycerin,&nbsp;CI 15985, CI 19140, Parfum<\/p>\n","protected":false},"excerpt":{"rendered":"<p>Anne &amp; Stiil ILULEMMIK 2021 konkursi v\u00f5itja! Niisutav n\u00e4oseerum, mis sisaldab kontsentreeritud kujul h\u00fcaluroonhapet ja kollageeni. Madala molekulmassiga h\u00fcaluroonhape viib niiskuse s\u00fcgavale naha sisse ja tagab niisutuse pikaks ajaks. Kollageen parandab naha elastsust, tugevdab nahka, teeb naha siledamaks ja pringimaks. Lisaks sisaldab seerum rohelist teed ja aaloe ekstrakti, mis sobivad h\u00e4sti tundlikule nahale \u2013 rahustavad [&hellip;]<\/p>\n","protected":false},"featured_media":2038,"comment_status":"open","ping_status":"closed","template":"","meta":{"_acf_changed":false},"product_brand":[],"product_cat":[],"product_tag":[],"class_list":{"0":"post-520","1":"product","2":"type-product","3":"status-publish","4":"has-post-thumbnail","6":"brand-the-skin-house","8":"first","9":"instock","10":"taxable","11":"shipping-taxable","12":"purchasable","13":"product-type-simple"},"bundle_layout":"","bundled_by":[],"bundled_items":[],"acf":[],"_links":{"self":[{"href":"https:\/\/meon.theskinhouse.ee\/ru\/wp-json\/wp\/v2\/product\/520","targetHints":{"allow":["GET"]}}],"collection":[{"href":"https:\/\/meon.theskinhouse.ee\/ru\/wp-json\/wp\/v2\/product"}],"about":[{"href":"https:\/\/meon.theskinhouse.ee\/ru\/wp-json\/wp\/v2\/types\/product"}],"replies":[{"embeddable":true,"href":"https:\/\/meon.theskinhouse.ee\/ru\/wp-json\/wp\/v2\/comments?post=520"}],"wp:featuredmedia":[{"embeddable":true,"href":"https:\/\/meon.theskinhouse.ee\/ru\/wp-json\/wp\/v2\/media\/2038"}],"wp:attachment":[{"href":"https:\/\/meon.theskinhouse.ee\/ru\/wp-json\/wp\/v2\/media?parent=520"}],"wp:term":[{"taxonomy":"product_brand","embeddable":true,"href":"https:\/\/meon.theskinhouse.ee\/ru\/wp-json\/wp\/v2\/product_brand?post=520"},{"taxonomy":"product_cat","embeddable":true,"href":"https:\/\/meon.theskinhouse.ee\/ru\/wp-json\/wp\/v2\/product_cat?post=520"},{"taxonomy":"product_tag","embeddable":true,"href":"https:\/\/meon.theskinhouse.ee\/ru\/wp-json\/wp\/v2\/product_tag?post=520"}],"curies":[{"name":"wp","href":"https:\/\/api.w.org\/{rel}","templated":true}]}}