{"id":510,"date":"2020-04-02T14:09:59","date_gmt":"2020-04-02T11:09:59","guid":{"rendered":"https:\/\/meon.theskinhouse.ee\/toode\/the-skin-house-snail-mucin-5000-ampoule-2\/"},"modified":"2025-12-03T02:00:04","modified_gmt":"2025-12-03T00:00:04","slug":"the-skin-house-snail-mucin-5000-ampoule-2","status":"publish","type":"product","link":"https:\/\/meon.theskinhouse.ee\/ru\/toode\/the-skin-house-snail-mucin-5000-ampoule-2\/","title":{"rendered":"The Skin House Snail Mucin 5000 Ampoule"},"content":{"rendered":"<p>Nahka uuendav n\u00e4oseerum, mis sisaldab kontsentreeritud kujul teolima ja kollageeni. Teolima kiirendab naha regeneratsiooni (uuenemist), kiirendab (akne) armide paranemist, leevendab p\u00f5letikke, \u00fchtlustab nahatooni, noorendab nahka ja v\u00f5itleb pigmentatsiooniga. H\u00fcdrol\u00fc\u00fcsitud mere kollageen pinguldab nahka, teeb naha elastsemaks, pringimaks ja siledamaks. Lisaks sisaldab seerum rohelist teed ja aaloe ekstrakti, mis sobivad h\u00e4sti tundlikule nahale \u2013 rahustavad nahka ja leevendavad p\u00f5letikke ja \u00e4rritusi.<\/p>\n<p><strong>Kasutamine<\/strong><\/p>\n<p>P\u00e4rast puhastamist pehmendage nahka toonikuga. Kandke piisav kogus seerumit n\u00e4ole kergete patsutavate liigutustega, laske imenduda.<\/p>\n<p><strong>Kogus<\/strong>: 30ml<\/p>\n<p><strong>Sobib<\/strong>: niisutamist vajavale nahale, alates 25 a.<\/p>\n<p><strong>Koostis<\/strong><br \/>\nWater, Sodium Hyaluronate, Snail Secretion Filtrate, Glycerin, Butylene glycol, Betaine, Alcohol, 1,2-Hexanediol, PPG-26-Buteth-26, PEG-40 Hydrogenated Castor Oil, Arginine, Squalane, Hydrolyzed Collagen, Dipotassium Glycyrrhizate, Sodium Citrate, Glyceryl Acrylate\/Acrylic Acid Copolymer, Propylene Glycol, PVM\/MA Copolymer, Carbomer, Xanthan GUM, Solanum Lycopersicum (Tomato) Fruit Extract, Paeonia Lactiflora Bark\/Sap Extract, Lonicera Japonica (Honeysuckle) Flower Extract, Myrciaria Dubia Fruit Extract, Euterpe Oleracea Fruit Extract, Ardisia Crispa Extract, Rubus Coreanus Fruit Extract, Phellinus Linteus Extract, Aloe Barbadensis Leaf Extract, Nelumbo Nucifera Leaf Extract, Citric Acid, Adenosine, Disodium EDTA, Panax ginseng callus culture extract, Phaseolus Radiatus Meristem Cell Culture Extract, Ethylhexylglycerin, CI 15985, CI 19140, Parfum<\/p>\n","protected":false},"excerpt":{"rendered":"<p>Nahka uuendav n\u00e4oseerum, mis sisaldab kontsentreeritud kujul teolima ja kollageeni. Teolima kiirendab naha regeneratsiooni (uuenemist), kiirendab (akne) armide paranemist, leevendab p\u00f5letikke, \u00fchtlustab nahatooni, noorendab nahka ja v\u00f5itleb pigmentatsiooniga. H\u00fcdrol\u00fc\u00fcsitud mere kollageen pinguldab nahka, teeb naha elastsemaks, pringimaks ja siledamaks. Lisaks sisaldab seerum rohelist teed ja aaloe ekstrakti, mis sobivad h\u00e4sti tundlikule nahale \u2013 rahustavad nahka [&hellip;]<\/p>\n","protected":false},"featured_media":2042,"comment_status":"open","ping_status":"closed","template":"","meta":{"_acf_changed":false},"product_brand":[],"product_cat":[],"product_tag":[],"class_list":{"0":"post-510","1":"product","2":"type-product","3":"status-publish","4":"has-post-thumbnail","6":"brand-the-skin-house","8":"first","9":"instock","10":"taxable","11":"shipping-taxable","12":"purchasable","13":"product-type-simple"},"bundle_layout":"","bundled_by":[],"bundled_items":[],"acf":[],"_links":{"self":[{"href":"https:\/\/meon.theskinhouse.ee\/ru\/wp-json\/wp\/v2\/product\/510","targetHints":{"allow":["GET"]}}],"collection":[{"href":"https:\/\/meon.theskinhouse.ee\/ru\/wp-json\/wp\/v2\/product"}],"about":[{"href":"https:\/\/meon.theskinhouse.ee\/ru\/wp-json\/wp\/v2\/types\/product"}],"replies":[{"embeddable":true,"href":"https:\/\/meon.theskinhouse.ee\/ru\/wp-json\/wp\/v2\/comments?post=510"}],"wp:featuredmedia":[{"embeddable":true,"href":"https:\/\/meon.theskinhouse.ee\/ru\/wp-json\/wp\/v2\/media\/2042"}],"wp:attachment":[{"href":"https:\/\/meon.theskinhouse.ee\/ru\/wp-json\/wp\/v2\/media?parent=510"}],"wp:term":[{"taxonomy":"product_brand","embeddable":true,"href":"https:\/\/meon.theskinhouse.ee\/ru\/wp-json\/wp\/v2\/product_brand?post=510"},{"taxonomy":"product_cat","embeddable":true,"href":"https:\/\/meon.theskinhouse.ee\/ru\/wp-json\/wp\/v2\/product_cat?post=510"},{"taxonomy":"product_tag","embeddable":true,"href":"https:\/\/meon.theskinhouse.ee\/ru\/wp-json\/wp\/v2\/product_tag?post=510"}],"curies":[{"name":"wp","href":"https:\/\/api.w.org\/{rel}","templated":true}]}}