{"id":478,"date":"2020-04-02T14:08:31","date_gmt":"2020-04-02T11:08:31","guid":{"rendered":"https:\/\/meon.theskinhouse.ee\/toode\/the-skin-house-black-snail-bubble-mask-2\/"},"modified":"2026-04-10T00:50:02","modified_gmt":"2026-04-09T21:50:02","slug":"the-skin-house-black-snail-bubble-mask-2","status":"publish","type":"product","link":"https:\/\/meon.theskinhouse.ee\/ru\/toode\/the-skin-house-black-snail-bubble-mask-2\/","title":{"rendered":"The Skin House Black Snail Bubble Mask"},"content":{"rendered":"<p><strong>NB! Anne &amp; Stiil Ilulemmik 2019 v\u00f5itja &#8212; parim n\u00e4omask<\/strong><\/p>\n<p>Tume geeljas vahutav mask puus\u00f6e ja teolima ekstraktiga, mis t\u00e4nu oma tugevale imamisv\u00f5imele puhastab nahalt mustuse ja rasu. Mullid tungivad s\u00fcgavale pooridesse ning eemaldavad sealt mustuse. Pidev mullitamine eemaldab surnud naharakud ja puhastab poore, nahk muutub taas puhtaks. Teolima on vananemisvastase, taastava ja haavu parandava toimega. Mask puhastab poore ja samal ajal on ka vananemisvastane hooldus.<\/p>\n<p><strong>Peamised koostisosad<\/strong>: teolima filtraat, riisi (Oryza sativa) ekstrakt, hariliku seesamiseemne (Sesamum indicum) ekstrakt, musta sojaoa ekstrakt, s\u00f6epulber<\/p>\n<p><strong>Kasutamine<\/strong><br \/>\nNB! Kasutage kuival nahal.<br \/>\nKandke sobiv kogus mullimaski kogu n\u00e4ole, j\u00e4tke silmade piirkond v\u00e4lja. Oodake 3-5 minutit, et tekiksid mullid. Masseerige mulle \u00f5rnalt n\u00e4puotstega 30 sekundit kellaosuti liikumise suunas. Loputage k\u00fclma veega.&nbsp;<\/p>\n<p><strong>Kogus:<\/strong> 100 ml<br \/>\n<strong>Sobilik: <\/strong>k\u00f5ik nahat\u00fc\u00fcbid<\/p>\n<p><strong>Koostis<\/strong><br \/>\nWater, Ammonium Lauryl Sulfate, Cocamidopropyl Betaine, Glycerin, Acrylates Copolymer, Metyl Perfluorobutyl Ether, Polyhydroxystearic Acid, Isononyl Isononanoate, Ethylhexyl Isononanoate, Sodium Cocamidopropyl PG-Dimonium Chloride Phosphate, Sodium Chloride, Sodium Lauryl Sulfate, Butylene glycol, Sodium Chloride, 1,2-Hexanediol, Arginine,&nbsp;PEG-7 Glyceryl Cocoate, Panthenol, Xanthan GUM, Oryza Sativa (Rice) Extract, Sesamum Indicum (Sesame), Seed Extract, Black Soybean Extract, Charcoal powder, Snail Secretion Filtrate, Ethylhexylglycerin, Perfume<\/p>\n","protected":false},"excerpt":{"rendered":"<p>NB! Anne &amp; Stiil Ilulemmik 2019 v\u00f5itja &#8212; parim n\u00e4omask Tume geeljas vahutav mask puus\u00f6e ja teolima ekstraktiga, mis t\u00e4nu oma tugevale imamisv\u00f5imele puhastab nahalt mustuse ja rasu. Mullid tungivad s\u00fcgavale pooridesse ning eemaldavad sealt mustuse. Pidev mullitamine eemaldab surnud naharakud ja puhastab poore, nahk muutub taas puhtaks. Teolima on vananemisvastase, taastava ja haavu parandava [&hellip;]<\/p>\n","protected":false},"featured_media":1625,"comment_status":"open","ping_status":"closed","template":"","meta":{"_acf_changed":false},"product_brand":[],"product_cat":[],"product_tag":[],"class_list":{"0":"post-478","1":"product","2":"type-product","3":"status-publish","4":"has-post-thumbnail","6":"brand-the-skin-house","8":"first","9":"outofstock","10":"taxable","11":"shipping-taxable","12":"purchasable","13":"product-type-simple"},"bundle_layout":"","bundled_by":[],"bundled_items":[],"acf":[],"_links":{"self":[{"href":"https:\/\/meon.theskinhouse.ee\/ru\/wp-json\/wp\/v2\/product\/478","targetHints":{"allow":["GET"]}}],"collection":[{"href":"https:\/\/meon.theskinhouse.ee\/ru\/wp-json\/wp\/v2\/product"}],"about":[{"href":"https:\/\/meon.theskinhouse.ee\/ru\/wp-json\/wp\/v2\/types\/product"}],"replies":[{"embeddable":true,"href":"https:\/\/meon.theskinhouse.ee\/ru\/wp-json\/wp\/v2\/comments?post=478"}],"wp:featuredmedia":[{"embeddable":true,"href":"https:\/\/meon.theskinhouse.ee\/ru\/wp-json\/wp\/v2\/media\/1625"}],"wp:attachment":[{"href":"https:\/\/meon.theskinhouse.ee\/ru\/wp-json\/wp\/v2\/media?parent=478"}],"wp:term":[{"taxonomy":"product_brand","embeddable":true,"href":"https:\/\/meon.theskinhouse.ee\/ru\/wp-json\/wp\/v2\/product_brand?post=478"},{"taxonomy":"product_cat","embeddable":true,"href":"https:\/\/meon.theskinhouse.ee\/ru\/wp-json\/wp\/v2\/product_cat?post=478"},{"taxonomy":"product_tag","embeddable":true,"href":"https:\/\/meon.theskinhouse.ee\/ru\/wp-json\/wp\/v2\/product_tag?post=478"}],"curies":[{"name":"wp","href":"https:\/\/api.w.org\/{rel}","templated":true}]}}