{"id":472,"date":"2020-04-02T14:08:31","date_gmt":"2020-04-02T11:08:31","guid":{"rendered":"https:\/\/meon.theskinhouse.ee\/toode\/the-skin-house-aloe-soothing-balm-tester\/"},"modified":"2020-04-09T19:25:09","modified_gmt":"2020-04-09T16:25:09","slug":"the-skin-house-aloe-soothing-balm-tester","status":"publish","type":"product","link":"https:\/\/meon.theskinhouse.ee\/ru\/toode\/the-skin-house-aloe-soothing-balm-tester\/","title":{"rendered":"The Skin House Aloe Soothing Balm Tester"},"content":{"rendered":"<p>TESTER<\/p>\n<p>S\u00fcgavale naha sisse tungiv niisutav kreem aaloe ja h\u00fcaluroonhappega, mis sobib h\u00e4sti ka talveks.<br \/>\nPalsam moodustab nahale niiskust s\u00e4ilitava kihi, mis v\u00e4hendab niiskuskadu ja aitab toitainetel kiiremini imenduda. Nahk muutub elastsemaks, s\u00e4ravamaks ja niisutatumaks. See niiskust taastav kreem sisaldab aaloe leheekstrakti, mis kaitseb nahka kahjulike keskkonnategurite eest ning hoolitseb tundliku naha heaolu eest. Sobib k\u00f5ikidele nahat\u00fc\u00fcpidele, eriti efektiivne rasuse v\u00f5i kuiva naha leevendamiseks, kuna tungib s\u00fcgavale naha sisse, kus tasakaalustab rasu- ja niiskustaset.<\/p>\n<p>Peamised koostisosad: hariliku aaloe (Aloe barbadensis) leheekstrakt<\/p>\n<p>Kasutamine<br \/>\nP\u00e4rast tooniku, seerumi ja soovitavalt emulsiooni kasutamist kandke vajalik kogus kreemi-palsamit n\u00e4ole ja ajage \u00fchtlaselt laiali. Patsutage kergelt n\u00e4gu toote paremaks imendumiseks.<\/p>\n<p>Kogus: 2 ml<br \/>\nSobilik: k\u00f5ik nahat\u00fc\u00fcbid, eriti tundlik nahk<\/p>\n","protected":false},"excerpt":{"rendered":"<p>TESTER S\u00fcgavale naha sisse tungiv niisutav kreem aaloe ja h\u00fcaluroonhappega, mis sobib h\u00e4sti ka talveks. Palsam moodustab nahale niiskust s\u00e4ilitava kihi, mis v\u00e4hendab niiskuskadu ja aitab toitainetel kiiremini imenduda. Nahk muutub elastsemaks, s\u00e4ravamaks ja niisutatumaks. See niiskust taastav kreem sisaldab aaloe leheekstrakti, mis kaitseb nahka kahjulike keskkonnategurite eest ning hoolitseb tundliku naha heaolu eest. Sobib [&hellip;]<\/p>\n","protected":false},"featured_media":0,"comment_status":"open","ping_status":"closed","template":"","meta":{"_acf_changed":false},"product_brand":[],"product_cat":[],"product_tag":[],"class_list":{"0":"post-472","1":"product","2":"type-product","3":"status-publish","5":"brand-2the-skin-house","7":"first","8":"instock","9":"taxable","10":"shipping-taxable","11":"purchasable","12":"product-type-simple"},"bundle_layout":"","bundled_by":[],"bundled_items":[],"acf":[],"_links":{"self":[{"href":"https:\/\/meon.theskinhouse.ee\/ru\/wp-json\/wp\/v2\/product\/472","targetHints":{"allow":["GET"]}}],"collection":[{"href":"https:\/\/meon.theskinhouse.ee\/ru\/wp-json\/wp\/v2\/product"}],"about":[{"href":"https:\/\/meon.theskinhouse.ee\/ru\/wp-json\/wp\/v2\/types\/product"}],"replies":[{"embeddable":true,"href":"https:\/\/meon.theskinhouse.ee\/ru\/wp-json\/wp\/v2\/comments?post=472"}],"wp:attachment":[{"href":"https:\/\/meon.theskinhouse.ee\/ru\/wp-json\/wp\/v2\/media?parent=472"}],"wp:term":[{"taxonomy":"product_brand","embeddable":true,"href":"https:\/\/meon.theskinhouse.ee\/ru\/wp-json\/wp\/v2\/product_brand?post=472"},{"taxonomy":"product_cat","embeddable":true,"href":"https:\/\/meon.theskinhouse.ee\/ru\/wp-json\/wp\/v2\/product_cat?post=472"},{"taxonomy":"product_tag","embeddable":true,"href":"https:\/\/meon.theskinhouse.ee\/ru\/wp-json\/wp\/v2\/product_tag?post=472"}],"curies":[{"name":"wp","href":"https:\/\/api.w.org\/{rel}","templated":true}]}}