{"id":4659,"date":"2025-04-20T21:40:02","date_gmt":"2025-04-20T18:40:02","guid":{"rendered":"https:\/\/meon.theskinhouse.ee\/toode\/the-skin-house-homme-innofect-all-in-one-moisturizer-2\/"},"modified":"2026-02-11T16:00:06","modified_gmt":"2026-02-11T14:00:06","slug":"the-skin-house-homme-innofect-all-in-one-moisturizer-2","status":"publish","type":"product","link":"https:\/\/meon.theskinhouse.ee\/ru\/toode\/the-skin-house-homme-innofect-all-in-one-moisturizer-2\/","title":{"rendered":"The Skin House Homme Innofect All In One Moisturizer"},"content":{"rendered":"<p>Lihtne kolm \u00fches nahahooldus meestele: toonik, emulsioon ja seerum.<\/p>\n<p>Meeste nahk on rasusem ja v\u00e4iksema niiskustasemega kui naistel, seega on meeste nahk karedam ja kuivem. Homme Innofect All In One Soother sisaldab toonikut, emulsiooni ja seerumit, mis kontrollivad naha rasutasakaalu, eemaldavad mustuse, toidavad ning niisutavad nahka seda \u00f5liseks j\u00e4tmata. Toode ahendab poore ning muudab naha elastsemaks, \u00fchtlasi eemaldab nahalt surnud naharakud, et nahatoon muutuks taas puhtaks ja s\u00e4ravaks. J\u00e4tab nahale niisutatud tunde.<\/p>\n<p><strong>Peamised koostisosad:<\/strong> l\u00f6ssiekstrakt, alpi j\u00e4nesek\u00e4pa ekstrakt, mets-kassinaeri \u00f5ieekstrakt, aed-liivatee ekstrakt, guajaaviekstrakt<\/p>\n<p><strong>Kasutamine<\/strong><br \/>\nPuhastage n\u00e4gu n\u00e4ovahuga. Kandke sobiv kogus toodet p\u00f5hjalikult kogu nahale. Paremaks imendumiseks patsutage n\u00e4gu peopesadega.<\/p>\n<p><strong>Kogus:<\/strong> 130 ml<\/p>\n<p><strong>Koostis<\/strong><br \/>\n&nbsp;<\/p>\n","protected":false},"excerpt":{"rendered":"<p>Lihtne kolm \u00fches nahahooldus meestele: toonik, emulsioon ja seerum. Meeste nahk on rasusem ja v\u00e4iksema niiskustasemega kui naistel, seega on meeste nahk karedam ja kuivem. Homme Innofect All In One Soother sisaldab toonikut, emulsiooni ja seerumit, mis kontrollivad naha rasutasakaalu, eemaldavad mustuse, toidavad ning niisutavad nahka seda \u00f5liseks j\u00e4tmata. Toode ahendab poore ning muudab naha [&hellip;]<\/p>\n","protected":false},"featured_media":5572,"comment_status":"open","ping_status":"closed","template":"","meta":{"_acf_changed":false},"product_brand":[],"product_cat":[],"product_tag":[],"class_list":{"0":"post-4659","1":"product","2":"type-product","3":"status-publish","4":"has-post-thumbnail","6":"brand-the-skin-house","8":"first","9":"instock","10":"taxable","11":"shipping-taxable","12":"purchasable","13":"product-type-simple"},"bundle_layout":"","bundled_by":[],"bundled_items":[],"acf":[],"_links":{"self":[{"href":"https:\/\/meon.theskinhouse.ee\/ru\/wp-json\/wp\/v2\/product\/4659","targetHints":{"allow":["GET"]}}],"collection":[{"href":"https:\/\/meon.theskinhouse.ee\/ru\/wp-json\/wp\/v2\/product"}],"about":[{"href":"https:\/\/meon.theskinhouse.ee\/ru\/wp-json\/wp\/v2\/types\/product"}],"replies":[{"embeddable":true,"href":"https:\/\/meon.theskinhouse.ee\/ru\/wp-json\/wp\/v2\/comments?post=4659"}],"wp:featuredmedia":[{"embeddable":true,"href":"https:\/\/meon.theskinhouse.ee\/ru\/wp-json\/wp\/v2\/media\/5572"}],"wp:attachment":[{"href":"https:\/\/meon.theskinhouse.ee\/ru\/wp-json\/wp\/v2\/media?parent=4659"}],"wp:term":[{"taxonomy":"product_brand","embeddable":true,"href":"https:\/\/meon.theskinhouse.ee\/ru\/wp-json\/wp\/v2\/product_brand?post=4659"},{"taxonomy":"product_cat","embeddable":true,"href":"https:\/\/meon.theskinhouse.ee\/ru\/wp-json\/wp\/v2\/product_cat?post=4659"},{"taxonomy":"product_tag","embeddable":true,"href":"https:\/\/meon.theskinhouse.ee\/ru\/wp-json\/wp\/v2\/product_tag?post=4659"}],"curies":[{"name":"wp","href":"https:\/\/api.w.org\/{rel}","templated":true}]}}