{"id":4653,"date":"2025-04-20T17:50:04","date_gmt":"2025-04-20T14:50:04","guid":{"rendered":"https:\/\/meon.theskinhouse.ee\/toode\/coxir-ultra-hyaluronic-starter-kit-2\/"},"modified":"2026-04-10T07:15:02","modified_gmt":"2026-04-10T04:15:02","slug":"coxir-ultra-hyaluronic-starter-kit-2","status":"publish","type":"product","link":"https:\/\/meon.theskinhouse.ee\/ru\/toode\/coxir-ultra-hyaluronic-starter-kit-2\/","title":{"rendered":"Coxir Ultra Hyaluronic Starter Kit"},"content":{"rendered":"<p>Minitoodete nahahooldustoodete komplekt, mis sisaldab:<br \/>\nUltra Hyaluronic Cleansing Oil 20ml &#8212; n\u00e4opuhastus\u00f5li h\u00fcaluroonhappega<br \/>\nUltra Hyaluronic Toner 30ml &#8212; kolm \u00fches vananemisvastane ja niisutav toonik h\u00fcaluroonhappega<br \/>\nUltra Hyaluronic Ampoule 10ml &#8212; niisutav ja kortsuvastane n\u00e4oseerum h\u00fcaluroonhappega<br \/>\nUltra Hyaluronic Cream 20ml &#8212; niisutav ja kortsuvastane n\u00e4okreem h\u00fcaluroonhappega<br \/>\n<strong>Kasutamine<\/strong><br \/>\nAjage n\u00e4opuhastus\u00f5li k\u00e4te vahel piimjaks vahuks ja peske sellega n\u00e4gu. Seej\u00e4rel kandke n\u00e4ole toonik ja laske imenduda. P\u00e4rast toonikut kasutage seerumit ja viimase n\u00e4ohooldusetapina n\u00e4okreemi.<\/p>\n","protected":false},"excerpt":{"rendered":"<p>Minitoodete nahahooldustoodete komplekt, mis sisaldab: Ultra Hyaluronic Cleansing Oil 20ml &#8212; n\u00e4opuhastus\u00f5li h\u00fcaluroonhappega Ultra Hyaluronic Toner 30ml &#8212; kolm \u00fches vananemisvastane ja niisutav toonik h\u00fcaluroonhappega Ultra Hyaluronic Ampoule 10ml &#8212; niisutav ja kortsuvastane n\u00e4oseerum h\u00fcaluroonhappega Ultra Hyaluronic Cream 20ml &#8212; niisutav ja kortsuvastane n\u00e4okreem h\u00fcaluroonhappega Kasutamine Ajage n\u00e4opuhastus\u00f5li k\u00e4te vahel piimjaks vahuks ja peske sellega [&hellip;]<\/p>\n","protected":false},"featured_media":5398,"comment_status":"open","ping_status":"closed","template":"","meta":{"_acf_changed":false},"product_brand":[],"product_cat":[],"product_tag":[],"class_list":{"0":"post-4653","1":"product","2":"type-product","3":"status-publish","4":"has-post-thumbnail","6":"brand-coxir","8":"first","9":"instock","10":"taxable","11":"shipping-taxable","12":"purchasable","13":"product-type-simple"},"bundle_layout":"","bundled_by":[],"bundled_items":[],"acf":[],"_links":{"self":[{"href":"https:\/\/meon.theskinhouse.ee\/ru\/wp-json\/wp\/v2\/product\/4653","targetHints":{"allow":["GET"]}}],"collection":[{"href":"https:\/\/meon.theskinhouse.ee\/ru\/wp-json\/wp\/v2\/product"}],"about":[{"href":"https:\/\/meon.theskinhouse.ee\/ru\/wp-json\/wp\/v2\/types\/product"}],"replies":[{"embeddable":true,"href":"https:\/\/meon.theskinhouse.ee\/ru\/wp-json\/wp\/v2\/comments?post=4653"}],"wp:featuredmedia":[{"embeddable":true,"href":"https:\/\/meon.theskinhouse.ee\/ru\/wp-json\/wp\/v2\/media\/5398"}],"wp:attachment":[{"href":"https:\/\/meon.theskinhouse.ee\/ru\/wp-json\/wp\/v2\/media?parent=4653"}],"wp:term":[{"taxonomy":"product_brand","embeddable":true,"href":"https:\/\/meon.theskinhouse.ee\/ru\/wp-json\/wp\/v2\/product_brand?post=4653"},{"taxonomy":"product_cat","embeddable":true,"href":"https:\/\/meon.theskinhouse.ee\/ru\/wp-json\/wp\/v2\/product_cat?post=4653"},{"taxonomy":"product_tag","embeddable":true,"href":"https:\/\/meon.theskinhouse.ee\/ru\/wp-json\/wp\/v2\/product_tag?post=4653"}],"curies":[{"name":"wp","href":"https:\/\/api.w.org\/{rel}","templated":true}]}}