{"id":4645,"date":"2025-04-02T18:50:08","date_gmt":"2025-04-02T15:50:08","guid":{"rendered":"https:\/\/meon.theskinhouse.ee\/toode\/mizon-inout-daily-soothing-sunscreen-spf50-pa-50ml-3\/"},"modified":"2026-04-10T07:05:04","modified_gmt":"2026-04-10T04:05:04","slug":"mizon-inout-daily-soothing-sunscreen-spf50-pa-50ml-3","status":"publish","type":"product","link":"https:\/\/meon.theskinhouse.ee\/ru\/toode\/mizon-inout-daily-soothing-sunscreen-spf50-pa-50ml-3\/","title":{"rendered":"MIZON INOUT DAILY SOOTHING SUNSCREEN SPF50+ PA++++ 50ML"},"content":{"rendered":"<p>Centella Asiatica ja h\u00fcaluroonhappe kooslus niisutab ja rahustab tundlikku nahka seestpoolt, samal ajal kui p\u00e4ikesekaitsekreem blokeerib v\u00e4ljastpoolt UVA\/UVB kiirguse.<\/p>\n<p><strong>Kasutamine<\/strong>: Kanna nahale hommikul oma nahahooldusrutiini viimase sammuna. Korda pealekandmist iga 2 tunni j\u00e4rel.<\/p>\n<p><strong>Koostis<\/strong>: Water, Dibutyl Adipate, Methylpropanediol, Terephthalylidene Dicamphor Sulfonic Acid, 1,2-Hexanediol, Ethylhexyl Triazone, Glycerin, Niacinamide, Polysilicone-15, Tromethamine, Caprylyl Methicone, Polyglyceryl-3 Distearate, Butylene Glycol, Cetearyl Alcohol, Diethylamino Hydroxybenzoyl Hexyl Benzoate, Dipropylene Glycol, Poly C10-30 Alkyl Acrylate, Palmitic Acid, Dimethicone, Stearic Acid, Bis-Ethylhexyloxyphenol Methoxyphenyl Triazine, Glyceryl Stearate, Potassium Cetyl Phosphate, Silica, Polyether-1, Carbomer, Ammonium Acryloyldimethyltaurate\/VP Copolymer, Glyceryl Stearate Citrate, Dimethicone\/Vinyl Dimethicone Crosspolymer, Acrylates\/C10-30 Alkyl Acrylate Crosspolymer, Melia Azadirachta Leaf Extract, Ethylhexylglycerin, Polyglyceryl-10 Myristate, Adenosine, Melia Azadirachta Flower Extract, Disodium EDTA, Cynanchum Atratum Extract, Betaine, Coccinia Indica Fruit Extract, Corallina Officinalis Extract, Arginine, Sodium Hyaluronate, Centella Asiatica Extract.&nbsp;<\/p>\n","protected":false},"excerpt":{"rendered":"<p>Centella Asiatica ja h\u00fcaluroonhappe kooslus niisutab ja rahustab tundlikku nahka seestpoolt, samal ajal kui p\u00e4ikesekaitsekreem blokeerib v\u00e4ljastpoolt UVA\/UVB kiirguse. Kasutamine: Kanna nahale hommikul oma nahahooldusrutiini viimase sammuna. Korda pealekandmist iga 2 tunni j\u00e4rel. Koostis: Water, Dibutyl Adipate, Methylpropanediol, Terephthalylidene Dicamphor Sulfonic Acid, 1,2-Hexanediol, Ethylhexyl Triazone, Glycerin, Niacinamide, Polysilicone-15, Tromethamine, Caprylyl Methicone, Polyglyceryl-3 Distearate, Butylene Glycol, [&hellip;]<\/p>\n","protected":false},"featured_media":5046,"comment_status":"open","ping_status":"closed","template":"","meta":{"_acf_changed":false},"product_brand":[],"product_cat":[],"product_tag":[],"class_list":{"0":"post-4645","1":"product","2":"type-product","3":"status-publish","4":"has-post-thumbnail","6":"brand-mizon","8":"first","9":"instock","10":"taxable","11":"shipping-taxable","12":"purchasable","13":"product-type-simple"},"bundle_layout":"","bundled_by":[],"bundled_items":[],"acf":[],"_links":{"self":[{"href":"https:\/\/meon.theskinhouse.ee\/ru\/wp-json\/wp\/v2\/product\/4645","targetHints":{"allow":["GET"]}}],"collection":[{"href":"https:\/\/meon.theskinhouse.ee\/ru\/wp-json\/wp\/v2\/product"}],"about":[{"href":"https:\/\/meon.theskinhouse.ee\/ru\/wp-json\/wp\/v2\/types\/product"}],"replies":[{"embeddable":true,"href":"https:\/\/meon.theskinhouse.ee\/ru\/wp-json\/wp\/v2\/comments?post=4645"}],"wp:featuredmedia":[{"embeddable":true,"href":"https:\/\/meon.theskinhouse.ee\/ru\/wp-json\/wp\/v2\/media\/5046"}],"wp:attachment":[{"href":"https:\/\/meon.theskinhouse.ee\/ru\/wp-json\/wp\/v2\/media?parent=4645"}],"wp:term":[{"taxonomy":"product_brand","embeddable":true,"href":"https:\/\/meon.theskinhouse.ee\/ru\/wp-json\/wp\/v2\/product_brand?post=4645"},{"taxonomy":"product_cat","embeddable":true,"href":"https:\/\/meon.theskinhouse.ee\/ru\/wp-json\/wp\/v2\/product_cat?post=4645"},{"taxonomy":"product_tag","embeddable":true,"href":"https:\/\/meon.theskinhouse.ee\/ru\/wp-json\/wp\/v2\/product_tag?post=4645"}],"curies":[{"name":"wp","href":"https:\/\/api.w.org\/{rel}","templated":true}]}}