{"id":464,"date":"2020-04-02T14:08:30","date_gmt":"2020-04-02T11:08:30","guid":{"rendered":"https:\/\/meon.theskinhouse.ee\/toode\/the-skin-house-dr-clear-magic-powder-spot-2\/"},"modified":"2026-04-10T00:50:02","modified_gmt":"2026-04-09T21:50:02","slug":"the-skin-house-dr-clear-magic-powder-spot-2","status":"publish","type":"product","link":"https:\/\/meon.theskinhouse.ee\/ru\/toode\/the-skin-house-dr-clear-magic-powder-spot-2\/","title":{"rendered":"The Skin House Dr. Clear Magic Powder Spot"},"content":{"rendered":"<p>SOS-vahend vistrikele, mis kuivatab ja rahustab vistriku \u00e4ra \u00fche \u00f6\u00f6ga. Probleemse naha nahahoolduse neljas (\u00f6ine) etapp.<\/p>\n<p>Dr. Clear Magic Powder Spot on kollane pehme pulber, mis hooldab nii meeste kui ka naiste tundliku naha probleemseid kohti. Kui toodet kasutada \u00f6\u00f6sel, aitab see kontrollida rasust nahka ja ahendada suurenenud poore.<\/p>\n<p><strong>Peamised koostisosad:<\/strong> mets-kassinaeri (Malva sylvestris) \u00f5ieekstrakt, hariliku iisopi (Hyssopus officinalis) ekstrakt, aed-liivatee (Thymus vulgaris) ekstrakt, pruunvetika (Ecklonia cava ) ekstrakt, l\u00f6ssiekstrakt<\/p>\n<p><strong>Kasutamine<\/strong><br \/>\nPuhastage n\u00e4gu toonikuga enne magamaminemist. \u00c4rge loksutage pudelit! V\u00f5tke vatipulgaga pudeli p\u00f5hjas olevat setet ning m\u00e4\u00e4rige see probleemsetele kohtadele n\u00e4ol. Kui toode on nahal kuivanud, v\u00f5ite magama minna.<br \/>\n* Parema efekti saavutamiseks kasutage koos teiste sama sarja toodetega.<\/p>\n<p><strong>Kogus<\/strong>: 30 ml<br \/>\n<strong>Sobilik<\/strong>: rasune nahk<\/p>\n<p><strong>Koostis<\/strong><br \/>\nWater, Alcohol, Loess Extract, 1,3 Butylene glycol, Calamine, Glycerin, Titanium Dioxide, PPG-26-Buteth-26, PEG-40 Hydrogenated Castor Oil, Calcium Chloride, Sulfur, Methyl paraben, Sodium Magnesium Silicate, PEG-60 Hydrogenated Castor Oil, Allantoin, Panthenol, Hamamelis Virginiana (Witch Hazel) Extract, Portulaca Oleracea Extract, Aloe Barbadensis Leaf Extract, Melaleuca Alternifolia (Tea Tree) Extract, Paullinia Cupana Extract, Euterpe Oleracea Fruit Extract, Sodium Citrate, Salicylic Acid, Camphor, Sophora Flavescens Root Extract, Houttuynia Cordata Extract, Morus Alba Bark Extract, Nelumbo Nucifera Seed Extract, Chrysanthemum Indicum Flower Extract, Disodium EDTA, Ecklonia Cava Extract, Phaseolus Radiatus Sprout Extract, Buddleja Davidii Extract, Leontopodium alpinum extract, Hyssopus Officinalis Extract, Malva Sylvestris (Mallow) Flower Extract, Citric Acid, Perfume<\/p>\n","protected":false},"excerpt":{"rendered":"<p>SOS-vahend vistrikele, mis kuivatab ja rahustab vistriku \u00e4ra \u00fche \u00f6\u00f6ga. Probleemse naha nahahoolduse neljas (\u00f6ine) etapp. Dr. Clear Magic Powder Spot on kollane pehme pulber, mis hooldab nii meeste kui ka naiste tundliku naha probleemseid kohti. Kui toodet kasutada \u00f6\u00f6sel, aitab see kontrollida rasust nahka ja ahendada suurenenud poore. Peamised koostisosad: mets-kassinaeri (Malva sylvestris) \u00f5ieekstrakt, [&hellip;]<\/p>\n","protected":false},"featured_media":1657,"comment_status":"open","ping_status":"closed","template":"","meta":{"_acf_changed":false},"product_brand":[],"product_cat":[],"product_tag":[],"class_list":{"0":"post-464","1":"product","2":"type-product","3":"status-publish","4":"has-post-thumbnail","6":"brand-the-skin-house","8":"first","9":"outofstock","10":"taxable","11":"shipping-taxable","12":"purchasable","13":"product-type-simple"},"bundle_layout":"","bundled_by":[],"bundled_items":[],"acf":[],"_links":{"self":[{"href":"https:\/\/meon.theskinhouse.ee\/ru\/wp-json\/wp\/v2\/product\/464","targetHints":{"allow":["GET"]}}],"collection":[{"href":"https:\/\/meon.theskinhouse.ee\/ru\/wp-json\/wp\/v2\/product"}],"about":[{"href":"https:\/\/meon.theskinhouse.ee\/ru\/wp-json\/wp\/v2\/types\/product"}],"replies":[{"embeddable":true,"href":"https:\/\/meon.theskinhouse.ee\/ru\/wp-json\/wp\/v2\/comments?post=464"}],"wp:featuredmedia":[{"embeddable":true,"href":"https:\/\/meon.theskinhouse.ee\/ru\/wp-json\/wp\/v2\/media\/1657"}],"wp:attachment":[{"href":"https:\/\/meon.theskinhouse.ee\/ru\/wp-json\/wp\/v2\/media?parent=464"}],"wp:term":[{"taxonomy":"product_brand","embeddable":true,"href":"https:\/\/meon.theskinhouse.ee\/ru\/wp-json\/wp\/v2\/product_brand?post=464"},{"taxonomy":"product_cat","embeddable":true,"href":"https:\/\/meon.theskinhouse.ee\/ru\/wp-json\/wp\/v2\/product_cat?post=464"},{"taxonomy":"product_tag","embeddable":true,"href":"https:\/\/meon.theskinhouse.ee\/ru\/wp-json\/wp\/v2\/product_tag?post=464"}],"curies":[{"name":"wp","href":"https:\/\/api.w.org\/{rel}","templated":true}]}}