{"id":460,"date":"2020-04-02T14:08:30","date_gmt":"2020-04-02T11:08:30","guid":{"rendered":"https:\/\/meon.theskinhouse.ee\/toode\/the-skin-house-dr-clear-magic-serum-tester-2\/"},"modified":"2026-04-10T00:50:02","modified_gmt":"2026-04-09T21:50:02","slug":"the-skin-house-dr-clear-magic-serum-tester-2","status":"publish","type":"product","link":"https:\/\/meon.theskinhouse.ee\/ru\/toode\/the-skin-house-dr-clear-magic-serum-tester-2\/","title":{"rendered":"The Skin House Dr. Clear Magic Serum Tester"},"content":{"rendered":"<p>Probleemse naha nahahoolduse teine etapp. Patenteeritud koostis probleemsele nahale.<\/p>\n<p>Kui soovite puhast ja hoolitsetud nahastruktuuri, siis on see toode just Teile. Seerum sisaldab Ecocerti poolt sertifitseeritud koostisosi (mets-kassinaeri \u00f5ieekstrakt, hariliku iisopi ekstrakt, Davidi budleia ekstrakt), mis kontrollivad rasu tootmist ja poore ning v\u00e4rskendavad jumet. Toode sobib rasuse ja tundliku naha baashoolduseks.<\/p>\n<p>Peamised koostisosad: mets-kassinaeri (Malva sylvestris) \u00f5ieekstrakt, hariliku iisopi (Hyssopus officinalis) ekstrakt, aed-liivatee (Thymus vulgaris) ekstrakt, pruunvetika (Ecklonia cava ) ekstrakt, l\u00f6ssiekstrakt<\/p>\n<p>Kasutamine<br \/>\nP\u00e4rast puhastamist pehmendage nahka toonikuga. Pumbake pudelist piisav kogus (2-3 pumpamist) seerumit k\u00e4ele, kandke toode n\u00e4ole ja laske sel imenduda. Patsutage n\u00e4gu toote paremaks imendumiseks.<br \/>\n* Parema efekti saavutamiseks kasutage koos teiste sama sarja toodetega.<\/p>\n<p>Kogus: 2 ml<br \/>\nSobilik: rasune, probleemne nahk, akne.<\/p>\n","protected":false},"excerpt":{"rendered":"<p>Probleemse naha nahahoolduse teine etapp. Patenteeritud koostis probleemsele nahale. Kui soovite puhast ja hoolitsetud nahastruktuuri, siis on see toode just Teile. Seerum sisaldab Ecocerti poolt sertifitseeritud koostisosi (mets-kassinaeri \u00f5ieekstrakt, hariliku iisopi ekstrakt, Davidi budleia ekstrakt), mis kontrollivad rasu tootmist ja poore ning v\u00e4rskendavad jumet. Toode sobib rasuse ja tundliku naha baashoolduseks. Peamised koostisosad: mets-kassinaeri (Malva [&hellip;]<\/p>\n","protected":false},"featured_media":2178,"comment_status":"open","ping_status":"closed","template":"","meta":{"_acf_changed":false},"product_brand":[],"product_cat":[],"product_tag":[],"class_list":{"0":"post-460","1":"product","2":"type-product","3":"status-publish","4":"has-post-thumbnail","6":"brand-the-skin-house","8":"first","9":"instock","10":"taxable","11":"shipping-taxable","12":"purchasable","13":"product-type-simple"},"bundle_layout":"","bundled_by":[],"bundled_items":[],"acf":[],"_links":{"self":[{"href":"https:\/\/meon.theskinhouse.ee\/ru\/wp-json\/wp\/v2\/product\/460","targetHints":{"allow":["GET"]}}],"collection":[{"href":"https:\/\/meon.theskinhouse.ee\/ru\/wp-json\/wp\/v2\/product"}],"about":[{"href":"https:\/\/meon.theskinhouse.ee\/ru\/wp-json\/wp\/v2\/types\/product"}],"replies":[{"embeddable":true,"href":"https:\/\/meon.theskinhouse.ee\/ru\/wp-json\/wp\/v2\/comments?post=460"}],"wp:featuredmedia":[{"embeddable":true,"href":"https:\/\/meon.theskinhouse.ee\/ru\/wp-json\/wp\/v2\/media\/2178"}],"wp:attachment":[{"href":"https:\/\/meon.theskinhouse.ee\/ru\/wp-json\/wp\/v2\/media?parent=460"}],"wp:term":[{"taxonomy":"product_brand","embeddable":true,"href":"https:\/\/meon.theskinhouse.ee\/ru\/wp-json\/wp\/v2\/product_brand?post=460"},{"taxonomy":"product_cat","embeddable":true,"href":"https:\/\/meon.theskinhouse.ee\/ru\/wp-json\/wp\/v2\/product_cat?post=460"},{"taxonomy":"product_tag","embeddable":true,"href":"https:\/\/meon.theskinhouse.ee\/ru\/wp-json\/wp\/v2\/product_tag?post=460"}],"curies":[{"name":"wp","href":"https:\/\/api.w.org\/{rel}","templated":true}]}}