{"id":454,"date":"2020-04-02T14:08:29","date_gmt":"2020-04-02T11:08:29","guid":{"rendered":"https:\/\/meon.theskinhouse.ee\/toode\/the-skin-house-essential-cleansing-oil-2\/"},"modified":"2026-02-11T16:00:06","modified_gmt":"2026-02-11T14:00:06","slug":"the-skin-house-essential-cleansing-oil-2","status":"publish","type":"product","link":"https:\/\/meon.theskinhouse.ee\/ru\/toode\/the-skin-house-essential-cleansing-oil-2\/","title":{"rendered":"The Skin House Essential Cleansing Oil"},"content":{"rendered":"<p style=\"margin: 0px;font-size: 14px;line-height: 26px;font-family: Raleway, sans-serif\"><span style=\"color:#000000\">S\u00fcgavpuhastava toimega h\u00fcdrofiilne (vees lahustuv) meigieemaldus\u00f5li. H\u00fcdrofiilset \u00f5li peetakse k\u00f5ige efektiivsemaks meigieemaldusvahendiks, sest ta lahustab kosmeetikat \u2013 ka seda, mis on sattunud pooridesse. Kui h\u00fcdrofiilne \u00f5li puutub kokku veega, muutub ka pehmeks piimjaks vedelikuks, mis lahustab efektiivselt ka k\u00f5ige kindlamat kosmeetikat, kuid ei j\u00e4ta nahka \u00f5liseks ega kleepuvaks, seet\u00f5ttu sobib ka rasusele nahale. Tegu on pehmetoimelise puhastus\u00f5liga, mis ei ummista poore ja sobib ka tundlikule nahale. Sisaldab looduslikke niisutava toimega ekstrakte nagu oliiv\u00f5li ja kibuvitsa\u00f5li. \u00d5li suudab lahustada meigij\u00e4\u00e4ke, mustust ja komedoone ka s\u00fcgavalt pooride seest, t\u00e4nu millele muutuvad poorid puhtamaks ja visuaalselt v\u00e4iksemaks.<\/span><\/p>\n<p style=\"margin: 0px;font-size: 14px;line-height: 26px;font-family: Raleway, sans-serif\">\n<span style=\"color:#000000\"><strong>Peamised koostisosad<\/strong>: p\u00e4evalille (Helianthus annuus) seemne\u00f5li, oliiv\u00f5li (Olea Europaea), koer-kibuvitsa (Rosa canina) \u00f5li<\/span><\/p>\n<p style=\"margin: 0px;font-size: 14px;line-height: 26px;font-family: Raleway, sans-serif\">\n<span style=\"color:#000000\"><span style=\"font-weight: 700\">Kasutamine<\/span><br \/>\nPeske ja kuivatage k\u00e4ed korralikult. Pumbake pudelist sobiv kogus \u00f5li ning kandke see kuivale n\u00e4ole. Masseerige nahka ringjate liigutustega u 20-30 sekundi v\u00e4ltel. Seej\u00e4rel lisage veidi vett ja masseerige veel, et \u00f5li muutuks emulsiooniks. Loputage j\u00e4\u00e4gid leige veega. \u00d5li v\u00f5ib kanda ka alguses peopesa peale ja lisada vett, h\u00f5\u00f5ruda laiali ja siis kanda n\u00e4onahale.<\/span><\/p>\n<p style=\"margin: 0px;font-size: 14px;line-height: 26px;font-family: Raleway, sans-serif\"><span style=\"color:#000000\">Kuiva naha puhul kasutage meigi eemaldamiseks ainult \u00f5li, et takistada naha kuivamist. Rasuse naha puhul kasutage alguses \u00f5li ning seej\u00e4rel n\u00e4opesuvahtu.<\/span><\/p>\n<p style=\"margin: 0px;font-size: 14px;line-height: 26px;font-family: Raleway, sans-serif\">\n<span style=\"color:#000000\"><span style=\"font-weight: 700\">Kogus<\/span><\/span>: <span style=\"color:#000000\">150&nbsp;ml<\/span><\/p>\n<p><span style=\"color:#000000\"><strong>Sobilik<\/strong>: k\u00f5ik nahat\u00fc\u00fcbid<\/span><\/p>\n<p><span style=\"color:#000000\"><strong>Koostis<\/strong><\/span><br \/>\n<span style=\"color:#000000\">Canola Oil, triethylhexanoin, PEG-20 Glyceryl Triisostearate, PEG-8 Isostearate, Helianthus Annuus (Sunflower) Seed Oil, Olea Europaea (Olive) Fruit Oil, Rosa Canina Fruit Oil, Perfume, Camellia Japonica Seed Oil, Macadamia Integrifolia Seed Oil, Dihexyldecyl Lauroyl Glutamate, Tocopheryl Acetate<\/span><\/p>\n","protected":false},"excerpt":{"rendered":"<p>S\u00fcgavpuhastava toimega h\u00fcdrofiilne (vees lahustuv) meigieemaldus\u00f5li. H\u00fcdrofiilset \u00f5li peetakse k\u00f5ige efektiivsemaks meigieemaldusvahendiks, sest ta lahustab kosmeetikat \u2013 ka seda, mis on sattunud pooridesse. Kui h\u00fcdrofiilne \u00f5li puutub kokku veega, muutub ka pehmeks piimjaks vedelikuks, mis lahustab efektiivselt ka k\u00f5ige kindlamat kosmeetikat, kuid ei j\u00e4ta nahka \u00f5liseks ega kleepuvaks, seet\u00f5ttu sobib ka rasusele nahale. Tegu on [&hellip;]<\/p>\n","protected":false},"featured_media":1685,"comment_status":"open","ping_status":"closed","template":"","meta":{"_acf_changed":false},"product_brand":[],"product_cat":[],"product_tag":[],"class_list":{"0":"post-454","1":"product","2":"type-product","3":"status-publish","4":"has-post-thumbnail","6":"brand-the-skin-house","8":"first","9":"instock","10":"taxable","11":"shipping-taxable","12":"purchasable","13":"product-type-simple"},"bundle_layout":"","bundled_by":[],"bundled_items":[],"acf":[],"_links":{"self":[{"href":"https:\/\/meon.theskinhouse.ee\/ru\/wp-json\/wp\/v2\/product\/454","targetHints":{"allow":["GET"]}}],"collection":[{"href":"https:\/\/meon.theskinhouse.ee\/ru\/wp-json\/wp\/v2\/product"}],"about":[{"href":"https:\/\/meon.theskinhouse.ee\/ru\/wp-json\/wp\/v2\/types\/product"}],"replies":[{"embeddable":true,"href":"https:\/\/meon.theskinhouse.ee\/ru\/wp-json\/wp\/v2\/comments?post=454"}],"wp:featuredmedia":[{"embeddable":true,"href":"https:\/\/meon.theskinhouse.ee\/ru\/wp-json\/wp\/v2\/media\/1685"}],"wp:attachment":[{"href":"https:\/\/meon.theskinhouse.ee\/ru\/wp-json\/wp\/v2\/media?parent=454"}],"wp:term":[{"taxonomy":"product_brand","embeddable":true,"href":"https:\/\/meon.theskinhouse.ee\/ru\/wp-json\/wp\/v2\/product_brand?post=454"},{"taxonomy":"product_cat","embeddable":true,"href":"https:\/\/meon.theskinhouse.ee\/ru\/wp-json\/wp\/v2\/product_cat?post=454"},{"taxonomy":"product_tag","embeddable":true,"href":"https:\/\/meon.theskinhouse.ee\/ru\/wp-json\/wp\/v2\/product_tag?post=454"}],"curies":[{"name":"wp","href":"https:\/\/api.w.org\/{rel}","templated":true}]}}