{"id":4459,"date":"2024-06-21T10:40:10","date_gmt":"2024-06-21T07:40:10","guid":{"rendered":"https:\/\/meon.theskinhouse.ee\/toode\/cosrx-master-patch-original-fit-3\/"},"modified":"2026-04-09T20:20:01","modified_gmt":"2026-04-09T17:20:01","slug":"cosrx-master-patch-original-fit-3","status":"publish","type":"product","link":"https:\/\/meon.theskinhouse.ee\/ru\/toode\/cosrx-master-patch-original-fit-3\/","title":{"rendered":"Cosrx Master Patch Original Fit"},"content":{"rendered":"<p>H\u00fcdrokolloidplaaster vistrikele, mis olenevalt vistriku arengufaasist aitab kas kollet rahustada v\u00f5i kiirendab selle arenemist l\u00f5ppfaasi, kus m\u00e4danik tuleb v\u00e4lja. Plaaster aitab nahal s\u00e4ilitada ideaalset niiskuse taset, mis on oluline kiireks paranemiseks ja armkude tekkimise minimiseerimiseks. Kaitseb vistrikku bakterite ja mustuse eest. Plaaster sobib h\u00e4sti ka s\u00fcgavate nahaaluste punnide vastu ning rahustab p\u00f5letikku. Plaaster on t\u00e4iesti l\u00e4bipaistev ja matt ning n\u00e4os praktiliselt m\u00e4rkamatu.<\/p>\n<p><strong>Kasutamine:<\/strong> Peske k\u00e4ed puhtaks, v\u00f5tke plaaster ja kleepige vistrikule (kuivale nahale). Kasutage plaastrit enne meikimist. Kui plaaster muutub valgeks, siis eemaldage.<\/p>\n<p>Pakis on 24 plaastrit<\/p>\n<p><strong>Koostis<\/strong><br \/>\nPetroleum Resin, Cellulose Gum, Styrene Isoprene Styrene Block Copolymer, Polyurethane Film, Polyisobutylene, Liquid Paraffin, Tetrakismethane<br \/>\n&nbsp;<\/p>\n","protected":false},"excerpt":{"rendered":"<p>H\u00fcdrokolloidplaaster vistrikele, mis olenevalt vistriku arengufaasist aitab kas kollet rahustada v\u00f5i kiirendab selle arenemist l\u00f5ppfaasi, kus m\u00e4danik tuleb v\u00e4lja. Plaaster aitab nahal s\u00e4ilitada ideaalset niiskuse taset, mis on oluline kiireks paranemiseks ja armkude tekkimise minimiseerimiseks. Kaitseb vistrikku bakterite ja mustuse eest. Plaaster sobib h\u00e4sti ka s\u00fcgavate nahaaluste punnide vastu ning rahustab p\u00f5letikku. Plaaster on t\u00e4iesti [&hellip;]<\/p>\n","protected":false},"featured_media":0,"comment_status":"open","ping_status":"closed","template":"","meta":{"_acf_changed":false},"product_brand":[],"product_cat":[],"product_tag":[],"class_list":{"0":"post-4459","1":"product","2":"type-product","3":"status-publish","5":"brand-cosrx","7":"first","8":"instock","9":"taxable","10":"shipping-taxable","11":"purchasable","12":"product-type-simple"},"bundle_layout":"","bundled_by":[],"bundled_items":[],"acf":[],"_links":{"self":[{"href":"https:\/\/meon.theskinhouse.ee\/ru\/wp-json\/wp\/v2\/product\/4459","targetHints":{"allow":["GET"]}}],"collection":[{"href":"https:\/\/meon.theskinhouse.ee\/ru\/wp-json\/wp\/v2\/product"}],"about":[{"href":"https:\/\/meon.theskinhouse.ee\/ru\/wp-json\/wp\/v2\/types\/product"}],"replies":[{"embeddable":true,"href":"https:\/\/meon.theskinhouse.ee\/ru\/wp-json\/wp\/v2\/comments?post=4459"}],"wp:attachment":[{"href":"https:\/\/meon.theskinhouse.ee\/ru\/wp-json\/wp\/v2\/media?parent=4459"}],"wp:term":[{"taxonomy":"product_brand","embeddable":true,"href":"https:\/\/meon.theskinhouse.ee\/ru\/wp-json\/wp\/v2\/product_brand?post=4459"},{"taxonomy":"product_cat","embeddable":true,"href":"https:\/\/meon.theskinhouse.ee\/ru\/wp-json\/wp\/v2\/product_cat?post=4459"},{"taxonomy":"product_tag","embeddable":true,"href":"https:\/\/meon.theskinhouse.ee\/ru\/wp-json\/wp\/v2\/product_tag?post=4459"}],"curies":[{"name":"wp","href":"https:\/\/api.w.org\/{rel}","templated":true}]}}