{"id":4447,"date":"2024-06-12T12:10:08","date_gmt":"2024-06-12T09:10:08","guid":{"rendered":"https:\/\/meon.theskinhouse.ee\/toode\/mizon-one-step-cleansing-pad-3\/"},"modified":"2026-04-10T07:05:03","modified_gmt":"2026-04-10T04:05:03","slug":"mizon-one-step-cleansing-pad-3","status":"publish","type":"product","link":"https:\/\/meon.theskinhouse.ee\/ru\/toode\/mizon-one-step-cleansing-pad-3\/","title":{"rendered":"MIZON ONE STEP CLEANSING PAD"},"content":{"rendered":"<p>N\u00e4opuhastuslapid probiootikumide, h\u00fcaluroonhappe ja naturaalsete \u00f5lidega.&nbsp;<\/p>\n<p>T\u00e4nu probiootikumidele ja 10 erineva t\u00fc\u00fcbi h\u00fcaluroonhappele ei j\u00e4ta n\u00e4opuhastuslapid nahka kuivaks, vaid aitavad niiskustaset nahas s\u00e4ilitada. T\u00e4nu tootes sisalduvatele looduslikele \u00f5lidele nagu aprikoosiseemne\u00f5li, jojooba\u00f5li, oliivi\u00f5li ja p\u00e4evalilleseemne\u00f5li on mugav eemaldada ka tugevamat meiki. Puhastuslappidel on kaks poolt &#8212; mummuline pool ning sile pool. Mummuline pool sobib h\u00e4sti tugeva silmameigi v\u00f5i huulemeigi eemaldamiseks. Sile pool sobib meigip\u00f5hja eemaldamiseks. Toote pH 5~6.5&nbsp;on mittehappeline ning naha enda pH-le sarnasel tasemel. Dermatoloogiliselt testitud.&nbsp;<\/p>\n<p><strong>Kasutamine: <\/strong>V\u00f5ta pakist \u00fcks lapike ning kasutades lapi mummulist poolt eemalda nahalt meik v\u00f5i ebapuhtused. Silmameigi eemaldamiseks panna lapike silmale ning lasta hetke seista, sedasi on silmameigi eemaldamine lihtsam. Keera lapike \u00fcmber ning kasuta siledat poolt viimaste ebapuhtuste eemaldamiseks.&nbsp;<\/p>\n<p><strong>Koostis: <\/strong>Purified water. Cetvl Ethvlhexanoate. Isododecane, Methylpropanediol, Polyalyceryl-6 Caprylate, Hydroxyacetophenone. Lactobacillus Ferment. Olive Oil, Joioba Seed Oil. Sunflower Seed Oil. Apricot Seed Oil, Sodium Hvaluronate, Hyaluronic Acid, Hydrolyzed Hyaluronic Acid, Hydrolyzed Sodium Hyaluronate, Hydroxypropyltrimonium Hvaluronate, Potassium Hyaluronate, Sodium Hyaluronate Crosspolymer, Sodium Acetylated<br \/>Hyaluronate, Glycerin, Sodiumcocoyl Apple Amino Acids, Potassium Cocoyl Glycinate, Hexylene Glycol, Tetrasodium Glutamate Diacetate, Pentylene Glycol, 1,2-Hexanediol, Butylene Glycol<\/p>\n","protected":false},"excerpt":{"rendered":"<p>N\u00e4opuhastuslapid probiootikumide, h\u00fcaluroonhappe ja naturaalsete \u00f5lidega.&nbsp; T\u00e4nu probiootikumidele ja 10 erineva t\u00fc\u00fcbi h\u00fcaluroonhappele ei j\u00e4ta n\u00e4opuhastuslapid nahka kuivaks, vaid aitavad niiskustaset nahas s\u00e4ilitada. T\u00e4nu tootes sisalduvatele looduslikele \u00f5lidele nagu aprikoosiseemne\u00f5li, jojooba\u00f5li, oliivi\u00f5li ja p\u00e4evalilleseemne\u00f5li on mugav eemaldada ka tugevamat meiki. Puhastuslappidel on kaks poolt &#8212; mummuline pool ning sile pool. Mummuline pool sobib h\u00e4sti tugeva [&hellip;]<\/p>\n","protected":false},"featured_media":4818,"comment_status":"open","ping_status":"closed","template":"","meta":{"_acf_changed":false},"product_brand":[],"product_cat":[],"product_tag":[],"class_list":{"0":"post-4447","1":"product","2":"type-product","3":"status-publish","4":"has-post-thumbnail","6":"brand-mizon","8":"first","9":"instock","10":"taxable","11":"shipping-taxable","12":"purchasable","13":"product-type-simple"},"bundle_layout":"","bundled_by":[],"bundled_items":[],"acf":[],"_links":{"self":[{"href":"https:\/\/meon.theskinhouse.ee\/ru\/wp-json\/wp\/v2\/product\/4447","targetHints":{"allow":["GET"]}}],"collection":[{"href":"https:\/\/meon.theskinhouse.ee\/ru\/wp-json\/wp\/v2\/product"}],"about":[{"href":"https:\/\/meon.theskinhouse.ee\/ru\/wp-json\/wp\/v2\/types\/product"}],"replies":[{"embeddable":true,"href":"https:\/\/meon.theskinhouse.ee\/ru\/wp-json\/wp\/v2\/comments?post=4447"}],"wp:featuredmedia":[{"embeddable":true,"href":"https:\/\/meon.theskinhouse.ee\/ru\/wp-json\/wp\/v2\/media\/4818"}],"wp:attachment":[{"href":"https:\/\/meon.theskinhouse.ee\/ru\/wp-json\/wp\/v2\/media?parent=4447"}],"wp:term":[{"taxonomy":"product_brand","embeddable":true,"href":"https:\/\/meon.theskinhouse.ee\/ru\/wp-json\/wp\/v2\/product_brand?post=4447"},{"taxonomy":"product_cat","embeddable":true,"href":"https:\/\/meon.theskinhouse.ee\/ru\/wp-json\/wp\/v2\/product_cat?post=4447"},{"taxonomy":"product_tag","embeddable":true,"href":"https:\/\/meon.theskinhouse.ee\/ru\/wp-json\/wp\/v2\/product_tag?post=4447"}],"curies":[{"name":"wp","href":"https:\/\/api.w.org\/{rel}","templated":true}]}}