{"id":4439,"date":"2024-05-30T14:30:13","date_gmt":"2024-05-30T11:30:13","guid":{"rendered":"https:\/\/meon.theskinhouse.ee\/toode\/cosrx-salicylic-acid-daily-gentle-cleanser-2\/"},"modified":"2026-04-10T07:20:02","modified_gmt":"2026-04-10T04:20:02","slug":"cosrx-salicylic-acid-daily-gentle-cleanser-2-2-2","status":"publish","type":"product","link":"https:\/\/meon.theskinhouse.ee\/ru\/toode\/cosrx-salicylic-acid-daily-gentle-cleanser-2-2-2\/","title":{"rendered":"COSRX Salicylic Acid Daily Gentle Cleanser"},"content":{"rendered":"<p><span style=\"font-family: Inter;font-size: 14px\">Taimseid koostisosi ja 0,5% salits\u00fc\u00fclhapet sisaldav puhastusvahend eemaldab \u00f5rnalt mustuse ja liigse rasu. Salicylic Acid Daily Gentle Cleanser aitab v\u00e4hendada vistrike teket ja hoida naha klaarina. Ideaalne k\u00f5ikidele nahat\u00fc\u00fcpidele, sealhulgas tundlikule nahale. See eemaldab \u00f5rnalt mustuse ja liigse rasu ning v\u00f5itleb samal ajal vistrike ja iluvigadega, j\u00e4ttes naha pehmeks ja siledaks koorimistunnet tekitamata.<\/p>\n<p>Kasutamine:&nbsp;<br \/>\nMasseeri puhastusvahend \u00f5rnalt m\u00e4rjale nahale. Loputa hoolikalt leige veega.<\/p>\n<p>INCI:<br \/>\nWater, Glycerin, Myristic Acid, Stearic Acid, Potassium Hydroxide, Lauric Acid, Butylene Glycol, Glycol Distearate, Polysorbate 80, Sodium Methyl Cocoyl Taurate, Salicylic Acid, Cocamidopropyl Betaine, PEG-60 Hydrogenated Castor Oil, Fragrance, Sodium Chloride, Melaleuca Alternigolia (Tea Tree) Leaf Oil, Caprylyl Glycol, Ethylhexylglycerin, Salix Alba (Willow) Bark Water, Saccharomyces Ferment, Cryptomeria Japonica Leaf Extract, Nelumbo Nucifera Leaf Extract, Pinus Palustris Leaf Extract, Ulmus Davidiana Root Extract, Oenothera Biennis (Evening Primrose) Flower Extract, Pueraria Lobata Root Extract, 1,2-Hexandiol, Ethyl Hexanediol, Ctric Acid, Disodium EDTA <\/span><\/p>\n<div>&nbsp;<\/div>\n","protected":false},"excerpt":{"rendered":"<p>Taimseid koostisosi ja 0,5% salits\u00fc\u00fclhapet sisaldav puhastusvahend eemaldab \u00f5rnalt mustuse ja liigse rasu. Salicylic Acid Daily Gentle Cleanser aitab v\u00e4hendada vistrike teket ja hoida naha klaarina. Ideaalne k\u00f5ikidele nahat\u00fc\u00fcpidele, sealhulgas tundlikule nahale. See eemaldab \u00f5rnalt mustuse ja liigse rasu ning v\u00f5itleb samal ajal vistrike ja iluvigadega, j\u00e4ttes naha pehmeks ja siledaks koorimistunnet tekitamata. Kasutamine:&nbsp; Masseeri [&hellip;]<\/p>\n","protected":false},"featured_media":0,"comment_status":"open","ping_status":"closed","template":"","meta":{"_acf_changed":false},"product_brand":[],"product_cat":[],"product_tag":[],"class_list":{"0":"post-4439","1":"product","2":"type-product","3":"status-publish","5":"brand-cosrx","7":"first","8":"outofstock","9":"taxable","10":"shipping-taxable","11":"purchasable","12":"product-type-simple"},"bundle_layout":"","bundled_by":[],"bundled_items":[],"acf":[],"_links":{"self":[{"href":"https:\/\/meon.theskinhouse.ee\/ru\/wp-json\/wp\/v2\/product\/4439","targetHints":{"allow":["GET"]}}],"collection":[{"href":"https:\/\/meon.theskinhouse.ee\/ru\/wp-json\/wp\/v2\/product"}],"about":[{"href":"https:\/\/meon.theskinhouse.ee\/ru\/wp-json\/wp\/v2\/types\/product"}],"replies":[{"embeddable":true,"href":"https:\/\/meon.theskinhouse.ee\/ru\/wp-json\/wp\/v2\/comments?post=4439"}],"wp:attachment":[{"href":"https:\/\/meon.theskinhouse.ee\/ru\/wp-json\/wp\/v2\/media?parent=4439"}],"wp:term":[{"taxonomy":"product_brand","embeddable":true,"href":"https:\/\/meon.theskinhouse.ee\/ru\/wp-json\/wp\/v2\/product_brand?post=4439"},{"taxonomy":"product_cat","embeddable":true,"href":"https:\/\/meon.theskinhouse.ee\/ru\/wp-json\/wp\/v2\/product_cat?post=4439"},{"taxonomy":"product_tag","embeddable":true,"href":"https:\/\/meon.theskinhouse.ee\/ru\/wp-json\/wp\/v2\/product_tag?post=4439"}],"curies":[{"name":"wp","href":"https:\/\/api.w.org\/{rel}","templated":true}]}}