{"id":4421,"date":"2024-05-22T10:10:06","date_gmt":"2024-05-22T07:10:06","guid":{"rendered":"https:\/\/meon.theskinhouse.ee\/toode\/low-ph-niacinamide-micellar-cleansing-water-2\/"},"modified":"2026-04-10T07:20:02","modified_gmt":"2026-04-10T04:20:02","slug":"low-ph-niacinamide-micellar-cleansing-water-2","status":"publish","type":"product","link":"https:\/\/meon.theskinhouse.ee\/ru\/toode\/low-ph-niacinamide-micellar-cleansing-water-2\/","title":{"rendered":"Cosrx Low pH Niacinamide Micellar Cleansing Water"},"content":{"rendered":"<p>S\u00fcgavuti puhastav mitsellaarvesi niatsinamiidiga. Madala pH tasemega mitsellaarvesi sobib h\u00e4sti ka tundlikule nahale, kuna puhastab nahka \u00f5rnalt ilma seda \u00e4rritamata. Mitsellaarvesi aitab kontrollida rasueritust nahas, tagades tervisliku, puhta ja niisutatud naha.&nbsp;<\/p>\n<p>Kasutamine:&nbsp;<br \/>\nKanna sobiv kogus toodet vatitupsule ning eemalda nahalt ebapuhtused v\u00f5i meik. Tugeva meigi puhul lase vatitupsul n\u00e4ol umbes 10 sekundit seista. Loputamine ei ole vajalik.&nbsp;<\/p>\n<p>INCI:&nbsp;<br \/>\n<span style=\", sans-serif;font-size: 17px\">Water, Dipropylene Glycol, Polyglyceryl-4 Caprate, Panthenol, Sodium Hyaluronate, Allantoin, Niacinamide(1,000ppm), Zinc PCA,&nbsp;<\/span><br style=\", sans-serif;font-size: 17px\" \/><br \/>\n<span style=\", sans-serif;font-size: 17px\">Madecassoside, Propanediol, Caprylyl Glycol, Ethylhexylglycerin, 1,2-Hexanediol, Sodium Citrate, Citric Acid, Disodium EDTA<\/span><\/p>\n","protected":false},"excerpt":{"rendered":"<p>S\u00fcgavuti puhastav mitsellaarvesi niatsinamiidiga. Madala pH tasemega mitsellaarvesi sobib h\u00e4sti ka tundlikule nahale, kuna puhastab nahka \u00f5rnalt ilma seda \u00e4rritamata. Mitsellaarvesi aitab kontrollida rasueritust nahas, tagades tervisliku, puhta ja niisutatud naha.&nbsp; Kasutamine:&nbsp; Kanna sobiv kogus toodet vatitupsule ning eemalda nahalt ebapuhtused v\u00f5i meik. Tugeva meigi puhul lase vatitupsul n\u00e4ol umbes 10 sekundit seista. Loputamine ei [&hellip;]<\/p>\n","protected":false},"featured_media":0,"comment_status":"open","ping_status":"closed","template":"","meta":{"_acf_changed":false},"product_brand":[],"product_cat":[],"product_tag":[],"class_list":{"0":"post-4421","1":"product","2":"type-product","3":"status-publish","5":"brand-cosrx","7":"first","8":"instock","9":"taxable","10":"shipping-taxable","11":"purchasable","12":"product-type-simple"},"bundle_layout":"","bundled_by":[],"bundled_items":[],"acf":[],"_links":{"self":[{"href":"https:\/\/meon.theskinhouse.ee\/ru\/wp-json\/wp\/v2\/product\/4421","targetHints":{"allow":["GET"]}}],"collection":[{"href":"https:\/\/meon.theskinhouse.ee\/ru\/wp-json\/wp\/v2\/product"}],"about":[{"href":"https:\/\/meon.theskinhouse.ee\/ru\/wp-json\/wp\/v2\/types\/product"}],"replies":[{"embeddable":true,"href":"https:\/\/meon.theskinhouse.ee\/ru\/wp-json\/wp\/v2\/comments?post=4421"}],"wp:attachment":[{"href":"https:\/\/meon.theskinhouse.ee\/ru\/wp-json\/wp\/v2\/media?parent=4421"}],"wp:term":[{"taxonomy":"product_brand","embeddable":true,"href":"https:\/\/meon.theskinhouse.ee\/ru\/wp-json\/wp\/v2\/product_brand?post=4421"},{"taxonomy":"product_cat","embeddable":true,"href":"https:\/\/meon.theskinhouse.ee\/ru\/wp-json\/wp\/v2\/product_cat?post=4421"},{"taxonomy":"product_tag","embeddable":true,"href":"https:\/\/meon.theskinhouse.ee\/ru\/wp-json\/wp\/v2\/product_tag?post=4421"}],"curies":[{"name":"wp","href":"https:\/\/api.w.org\/{rel}","templated":true}]}}