{"id":4411,"date":"2024-05-09T12:40:04","date_gmt":"2024-05-09T09:40:04","guid":{"rendered":"https:\/\/meon.theskinhouse.ee\/toode\/mizon-vegan-collagen-cushion-23-3\/"},"modified":"2026-04-10T07:05:03","modified_gmt":"2026-04-10T04:05:03","slug":"mizon-vegan-collagen-cushion-23-3","status":"publish","type":"product","link":"https:\/\/meon.theskinhouse.ee\/ru\/toode\/mizon-vegan-collagen-cushion-23-3\/","title":{"rendered":"MIZON VEGAN COLLAGEN CUSHION #23"},"content":{"rendered":"<p>SPF 38 PA++ #23 Vegan puuderkreem kollageeniga, mis tagab naturaalse ja s\u00e4rava naha ka pikemal kandmisel.&nbsp;<\/p>\n<p>Puuderkreem sisaldab endas 79% essentsi, mis teeb konsistentsi geeljaks ning peale kandmise mugavaks. Puuderkeem sulab nahale, tagades eba\u00fchtluste katmise ja s\u00e4rava naha terve kandmisaja v\u00e4ltel. T\u00e4nu suurele essentsi sisaldusele ei j\u00e4ta puuderkreem nahka kuivaks &#8212; justkui nahahooldus ja meik \u00fches! T\u00e4iustatud riidest sisu tagab kreemi \u00fchtlase doseerimise ning kauni s\u00e4ra t\u00e4nu pehmele aplikaatorile. T\u00e4iendava katmise jaoks on v\u00f5imalik toodet lisaks peale kanda.&nbsp;<\/p>\n<p>Vegan. L\u00f5hnavaba. H\u00fcpoallergeenne. SPF\/UV kaitsega.&nbsp;<\/p>\n<p><strong>Kasutamine<\/strong>:&nbsp;Kanda nahale kasutades pakendis olevat meigisvammi. T\u00e4iendava katmise jaoks kanda nahale toodet mitmel korral.&nbsp;<\/p>\n<p><strong>Koostis<\/strong>:&nbsp;Water, Cyclopentasiloxane, Titanium Dioxide(CI 77891), Pentaerythrityl Tetraethylhexanoate, Diphenylsiloxy Phenyl Trimethicone, Dipropylene Glycol, Lauryl PEG-10 Tris(Trimethylsiloxy)silylethyl Dimethicone, Tridecyl Trimellitate, Niacinamide, Iron Oxide Yellow(CI 77492), Glyceryl Tribehenate\/Isostearate\/Eicosandioate, 1,2-Hexanediol, Mica (CI 77019), Sodium Hyaluronate, Hibiscus Sabdariffa Flower Extract, Tremella Fuciformis (Mushroom) Extract, Soluble Collagen, Butyloctyl Salicylate, Ceresin, PEG-10 Dimethicone, Phenyl Trimethicone, Magnesium Sulfate, Disteardimonium Hectorite, Panthenol, Dimethicone\/Vinyl Dimethicone Crosspolymer, Glyceryl Caprylate, Trimethylsiloxysilicate, Stearic Acid, Alumina, Triethoxycaprylylsilane, Isododecane, Aluminum Hydroxide, Adenosine, Trisodium Ethylenediamine Disuccinate, Tocopherol, Butylene Glycol, Glycerin, Glycine, Serine, Glutamic Acid, Aspartic Acid, Leucine, Alanine, Lysine, Arginine, Tyrosine, Phenylalanine, Proline, Threonine, Valine, Isoleucine, Histidine, Cysteine, Methionine, Copper Tripeptide-1, Acetyl Hexapeptide-8, Iron Oxide Red(CI 77491), Iron Oxide Black(CI 77499)<\/p>\n","protected":false},"excerpt":{"rendered":"<p>SPF 38 PA++ #23 Vegan puuderkreem kollageeniga, mis tagab naturaalse ja s\u00e4rava naha ka pikemal kandmisel.&nbsp; Puuderkreem sisaldab endas 79% essentsi, mis teeb konsistentsi geeljaks ning peale kandmise mugavaks. Puuderkeem sulab nahale, tagades eba\u00fchtluste katmise ja s\u00e4rava naha terve kandmisaja v\u00e4ltel. T\u00e4nu suurele essentsi sisaldusele ei j\u00e4ta puuderkreem nahka kuivaks &#8212; justkui nahahooldus ja meik [&hellip;]<\/p>\n","protected":false},"featured_media":4774,"comment_status":"open","ping_status":"closed","template":"","meta":{"_acf_changed":false},"product_brand":[],"product_cat":[],"product_tag":[],"class_list":{"0":"post-4411","1":"product","2":"type-product","3":"status-publish","4":"has-post-thumbnail","6":"brand-mizon","8":"first","9":"instock","10":"taxable","11":"shipping-taxable","12":"purchasable","13":"product-type-simple"},"bundle_layout":"","bundled_by":[],"bundled_items":[],"acf":[],"_links":{"self":[{"href":"https:\/\/meon.theskinhouse.ee\/ru\/wp-json\/wp\/v2\/product\/4411","targetHints":{"allow":["GET"]}}],"collection":[{"href":"https:\/\/meon.theskinhouse.ee\/ru\/wp-json\/wp\/v2\/product"}],"about":[{"href":"https:\/\/meon.theskinhouse.ee\/ru\/wp-json\/wp\/v2\/types\/product"}],"replies":[{"embeddable":true,"href":"https:\/\/meon.theskinhouse.ee\/ru\/wp-json\/wp\/v2\/comments?post=4411"}],"wp:featuredmedia":[{"embeddable":true,"href":"https:\/\/meon.theskinhouse.ee\/ru\/wp-json\/wp\/v2\/media\/4774"}],"wp:attachment":[{"href":"https:\/\/meon.theskinhouse.ee\/ru\/wp-json\/wp\/v2\/media?parent=4411"}],"wp:term":[{"taxonomy":"product_brand","embeddable":true,"href":"https:\/\/meon.theskinhouse.ee\/ru\/wp-json\/wp\/v2\/product_brand?post=4411"},{"taxonomy":"product_cat","embeddable":true,"href":"https:\/\/meon.theskinhouse.ee\/ru\/wp-json\/wp\/v2\/product_cat?post=4411"},{"taxonomy":"product_tag","embeddable":true,"href":"https:\/\/meon.theskinhouse.ee\/ru\/wp-json\/wp\/v2\/product_tag?post=4411"}],"curies":[{"name":"wp","href":"https:\/\/api.w.org\/{rel}","templated":true}]}}