{"id":4399,"date":"2024-05-07T14:20:04","date_gmt":"2024-05-07T11:20:04","guid":{"rendered":"https:\/\/meon.theskinhouse.ee\/toode\/mizon-inout-smooth-mineral-sun-stick-spf50-pa-2\/"},"modified":"2026-04-10T07:05:03","modified_gmt":"2026-04-10T04:05:03","slug":"mizon-inout-smooth-mineral-sun-stick-spf50-pa-2","status":"publish","type":"product","link":"https:\/\/meon.theskinhouse.ee\/ru\/toode\/mizon-inout-smooth-mineral-sun-stick-spf50-pa-2\/","title":{"rendered":"MIZON INOUT SMOOTH MINERAL SUN STICK SPF50 PA++++"},"content":{"rendered":"<p>SPF50 PA+++ p\u00e4ikesekreemipulk n\u00e4ole ja kehale. Sisaldab Hyalugeni,&nbsp;mis on neljanda generatsiooni kollageen &#8212; kaks \u00fches kombo kollageenist ja h\u00fcaluroonhappest, mis v\u00e4hendab peenete joonte ja kortsukeste ilmnemist. Kreem v\u00e4hendab kortsukesi ning aeglustab naha vananemisprotsessi. \u00dchtlustab nahatooni tagades elastse naha.&nbsp;<\/p>\n<p>P\u00e4ikesekreemipulka on mugav kasutada igal ajal ja igal pool t\u00e4nu laiale aplikaatorosale. L\u00f5pptulemus j\u00e4\u00e4b kumav, mittekleepuv ja niisutatud.&nbsp;<\/p>\n<p><strong>Kasutamine<\/strong>: Kanna nahale viimase n\u00e4ohooldusetapi osana, enne meiki ja 15 minutit enne p\u00e4ikese k\u00e4tte minekut. Soovitav toodet iga kahe tunni p\u00e4rast uuesti peale kanda v\u00f5i peale 40-minutilist ujumist\/higistamist. V\u00f5ib uuesti peale kandes kasutada ka meigi peal.<\/p>\n<p><strong>Koostis<\/strong>: <span>Zinc Oxide (CI 77947), Octyldodecanol,Coco-Caprylate\/Caprate, Butylene Glycol Dicaprylate\/Dicaprate, Acrylates Copolymer, C12-15 Alkyl Benzoate, Butyloctyl Salicylate, Diphenylsiloxy Phenyl Trimethicone, Synthetic Wax, Dibutyl Lauroyl Glutamide, Diisostearyl Malate,Ceresin, Dextrin Palmitate, Dibutyl Ethylhexanoyl Glutamide, Polymethylsilsesquioxane, Polyhydroxystearic Acid, Triethoxycaprylylsilane, Camellia Japonica Seed Oil, Butyrospermum Parkii (Shea) Butter, Camellia Sinensis Leaf Water, Hyaluronic Acid\/Hydrolyzed Collagen Crosspolymer, VinylDimethicone\/Methicone Silsesquioxane Crosspolymer, Polyglyceryl-3 Polydimethylsiloxyethyl Dimethicone, Caprylyl Glycol,Glyceryl Caprylate, Water, Butylene Glycol,1,2-Hexanediol, Ethylhexylglycerin<\/span><\/p>\n","protected":false},"excerpt":{"rendered":"<p>SPF50 PA+++ p\u00e4ikesekreemipulk n\u00e4ole ja kehale. Sisaldab Hyalugeni,&nbsp;mis on neljanda generatsiooni kollageen &#8212; kaks \u00fches kombo kollageenist ja h\u00fcaluroonhappest, mis v\u00e4hendab peenete joonte ja kortsukeste ilmnemist. Kreem v\u00e4hendab kortsukesi ning aeglustab naha vananemisprotsessi. \u00dchtlustab nahatooni tagades elastse naha.&nbsp; P\u00e4ikesekreemipulka on mugav kasutada igal ajal ja igal pool t\u00e4nu laiale aplikaatorosale. L\u00f5pptulemus j\u00e4\u00e4b kumav, mittekleepuv ja [&hellip;]<\/p>\n","protected":false},"featured_media":4890,"comment_status":"open","ping_status":"closed","template":"","meta":{"_acf_changed":false},"product_brand":[],"product_cat":[],"product_tag":[],"class_list":{"0":"post-4399","1":"product","2":"type-product","3":"status-publish","4":"has-post-thumbnail","6":"brand-mizon","8":"first","9":"instock","10":"taxable","11":"shipping-taxable","12":"purchasable","13":"product-type-simple"},"bundle_layout":"","bundled_by":[],"bundled_items":[],"acf":[],"_links":{"self":[{"href":"https:\/\/meon.theskinhouse.ee\/ru\/wp-json\/wp\/v2\/product\/4399","targetHints":{"allow":["GET"]}}],"collection":[{"href":"https:\/\/meon.theskinhouse.ee\/ru\/wp-json\/wp\/v2\/product"}],"about":[{"href":"https:\/\/meon.theskinhouse.ee\/ru\/wp-json\/wp\/v2\/types\/product"}],"replies":[{"embeddable":true,"href":"https:\/\/meon.theskinhouse.ee\/ru\/wp-json\/wp\/v2\/comments?post=4399"}],"wp:featuredmedia":[{"embeddable":true,"href":"https:\/\/meon.theskinhouse.ee\/ru\/wp-json\/wp\/v2\/media\/4890"}],"wp:attachment":[{"href":"https:\/\/meon.theskinhouse.ee\/ru\/wp-json\/wp\/v2\/media?parent=4399"}],"wp:term":[{"taxonomy":"product_brand","embeddable":true,"href":"https:\/\/meon.theskinhouse.ee\/ru\/wp-json\/wp\/v2\/product_brand?post=4399"},{"taxonomy":"product_cat","embeddable":true,"href":"https:\/\/meon.theskinhouse.ee\/ru\/wp-json\/wp\/v2\/product_cat?post=4399"},{"taxonomy":"product_tag","embeddable":true,"href":"https:\/\/meon.theskinhouse.ee\/ru\/wp-json\/wp\/v2\/product_tag?post=4399"}],"curies":[{"name":"wp","href":"https:\/\/api.w.org\/{rel}","templated":true}]}}