{"id":4389,"date":"2024-04-24T00:50:03","date_gmt":"2024-04-23T21:50:03","guid":{"rendered":"https:\/\/meon.theskinhouse.ee\/toode\/coxir-brown-rice-niacinamide-peeling-mist-2\/"},"modified":"2026-04-10T07:10:03","modified_gmt":"2026-04-10T04:10:03","slug":"coxir-brown-rice-niacinamide-peeling-mist-2","status":"publish","type":"product","link":"https:\/\/meon.theskinhouse.ee\/ru\/toode\/coxir-brown-rice-niacinamide-peeling-mist-2\/","title":{"rendered":"COXIR Brown Rice Niacinamide Peeling Mist"},"content":{"rendered":"<p>N\u00e4osprei niatsinamiidi ja pruuni riisiga, mis eemaldab t\u00f5husalt surnud naha osakesed ja tagab s\u00e4rava ning \u00fchtlase tooniga naha. Pehmendab naha tekstuuri ja ahendab poore.&nbsp;<\/p>\n<p>Kasutamine:&nbsp;<br \/>\nPeale n\u00e4o pesemist sule silmad ja piserda toodet n\u00e4ole. Patsuta toodet n\u00e4ol imendumiseni. J\u00e4tka seerumi ja kreemiga lisaniisutuse tagamiseks.&nbsp;<\/p>\n<p>INCI:&nbsp;<br \/>\nDI-Water(Aqua), Butylene, Glycol, PEG\/PPG-18\/4 Copolymer, 1,2-Hexanediol,Niacinamide, Lactic Acid, BetaineSalicylate, Tranexamic Acid, Oryza Sativa(Rice) Bran Extract, Centella Asiatica,Extract, Allantoin, Portulaca Oleracea,E x t r a c t , L i l i u m T i g r i n u m E x t r a c t ,Cucurbita Pepo (Pumpkin) Fruit Extract,Snail Secretion Filtrate, Psidium Guajava,Fruit Extract, Malpighia Emarginata,(Acerola) Fruit Extract, Leontopodium,Alpinum Extract, Aloe Barbadensis Leaf,Extract, Hydrolyzed Collagen, PPG-26-Buteth-26, PEG-40 Hydrogenated,Castor Oil, Arginine, Buddleja Davidii Extract, Thymus Vulgaris (Thyme) Extract,Aloe Barbadensis Callus Culture Extract,Camellia Sinensis,Callus Culture Extract,Chrysanthemum Indicum Callus Culture,Extract, Bambusa Vulgaris Callus Culture,Extract, Disodium EDTA, Ethylhexylglycerin,Pyrus Communis(Pear) Fruit Extract, Rosa,Damascena Flower Water, Iris Florentina,Root Extract, Cucumis Melo (Melon) Fruit,Extract, Hedera Helix (Ivy) Leaf\/Stem Extract<\/p>\n","protected":false},"excerpt":{"rendered":"<p>N\u00e4osprei niatsinamiidi ja pruuni riisiga, mis eemaldab t\u00f5husalt surnud naha osakesed ja tagab s\u00e4rava ning \u00fchtlase tooniga naha. Pehmendab naha tekstuuri ja ahendab poore.&nbsp; Kasutamine:&nbsp; Peale n\u00e4o pesemist sule silmad ja piserda toodet n\u00e4ole. Patsuta toodet n\u00e4ol imendumiseni. J\u00e4tka seerumi ja kreemiga lisaniisutuse tagamiseks.&nbsp; INCI:&nbsp; DI-Water(Aqua), Butylene, Glycol, PEG\/PPG-18\/4 Copolymer, 1,2-Hexanediol,Niacinamide, Lactic Acid, BetaineSalicylate, Tranexamic [&hellip;]<\/p>\n","protected":false},"featured_media":5256,"comment_status":"open","ping_status":"closed","template":"","meta":{"_acf_changed":false},"product_brand":[],"product_cat":[],"product_tag":[],"class_list":{"0":"post-4389","1":"product","2":"type-product","3":"status-publish","4":"has-post-thumbnail","6":"brand-coxir","8":"first","9":"instock","10":"taxable","11":"shipping-taxable","12":"purchasable","13":"product-type-simple"},"bundle_layout":"","bundled_by":[],"bundled_items":[],"acf":[],"_links":{"self":[{"href":"https:\/\/meon.theskinhouse.ee\/ru\/wp-json\/wp\/v2\/product\/4389","targetHints":{"allow":["GET"]}}],"collection":[{"href":"https:\/\/meon.theskinhouse.ee\/ru\/wp-json\/wp\/v2\/product"}],"about":[{"href":"https:\/\/meon.theskinhouse.ee\/ru\/wp-json\/wp\/v2\/types\/product"}],"replies":[{"embeddable":true,"href":"https:\/\/meon.theskinhouse.ee\/ru\/wp-json\/wp\/v2\/comments?post=4389"}],"wp:featuredmedia":[{"embeddable":true,"href":"https:\/\/meon.theskinhouse.ee\/ru\/wp-json\/wp\/v2\/media\/5256"}],"wp:attachment":[{"href":"https:\/\/meon.theskinhouse.ee\/ru\/wp-json\/wp\/v2\/media?parent=4389"}],"wp:term":[{"taxonomy":"product_brand","embeddable":true,"href":"https:\/\/meon.theskinhouse.ee\/ru\/wp-json\/wp\/v2\/product_brand?post=4389"},{"taxonomy":"product_cat","embeddable":true,"href":"https:\/\/meon.theskinhouse.ee\/ru\/wp-json\/wp\/v2\/product_cat?post=4389"},{"taxonomy":"product_tag","embeddable":true,"href":"https:\/\/meon.theskinhouse.ee\/ru\/wp-json\/wp\/v2\/product_tag?post=4389"}],"curies":[{"name":"wp","href":"https:\/\/api.w.org\/{rel}","templated":true}]}}