{"id":4387,"date":"2024-04-11T07:35:02","date_gmt":"2024-04-11T04:35:02","guid":{"rendered":"https:\/\/meon.theskinhouse.ee\/toode\/cosrx-advanced-snail-peptide-eye-cream-3\/"},"modified":"2026-04-10T07:10:03","modified_gmt":"2026-04-10T04:10:03","slug":"cosrx-advanced-snail-peptide-eye-cream-3","status":"publish","type":"product","link":"https:\/\/meon.theskinhouse.ee\/ru\/toode\/cosrx-advanced-snail-peptide-eye-cream-3\/","title":{"rendered":"Cosrx Advanced Snail Peptide Eye Cream"},"content":{"rendered":"<p>Efektiivne vananemisvastane ja niisutav silma\u00fcmbruskreem teolima ja peptiididega. Kerge tekstuuriga h\u00fcpoallergeenne silmakreem, mis imendub kiiresti ega tundu nahal raske. Koostisesse kuuluv niatsiinamiid aitab tumedaid silmaaluseid helestada ning h\u00fcaluroonhape niisutab nahka. Teolima kiirendab oluliselt naha regeneratsiooni. Kreem sisaldab lisaks 5 t\u00fc\u00fcpi peptiide, millel on v\u00f5imas kortsuvastane toime. Regulaarsel kasutamisel paraneb naha tekstuur ja toon, nahk muutub tugevamaks ja elastsemaks.<\/p>\n<p><strong>Kogus<\/strong>: 25ml<\/p>\n<p><strong>Kasutamine<\/strong><br \/>\nKandke v\u00e4ike kogus kreemi silmade \u00fcmber.<\/p>\n<p><strong>Koostis<\/strong><br \/>\nSnail Secretion Filtrate, Butylene Glycol, Glycerin, Helianthus Annuus (Sunflower) Seed Oil, 1,2-Hexanediol, Niacinamide, Water, Palmitic Acid, Arginine, Carbomer, Stearic Acid, Betaine, Cetearyl Olivate, Sorbitan Olivate, Sodium Polyacrylate, Allantoin, Tocopheryl Acetate, Panthenol, Hydroxyethyl Acrylate\/Sodium Acryloyldimethyl Taurate Copolymer, Sodium Hyaluronate, Adenosine, Xanthan Gum, Myristic Acid, Copper Tripeptide-1, Acetyl Hexapeptide-8, Palmitoyl Pentapeptide-4, Palmitoyl Tripeptide-1, Palmitoyl Tetrapeptide-7<br \/>\n&nbsp;<\/p>\n","protected":false},"excerpt":{"rendered":"<p>Efektiivne vananemisvastane ja niisutav silma\u00fcmbruskreem teolima ja peptiididega. Kerge tekstuuriga h\u00fcpoallergeenne silmakreem, mis imendub kiiresti ega tundu nahal raske. Koostisesse kuuluv niatsiinamiid aitab tumedaid silmaaluseid helestada ning h\u00fcaluroonhape niisutab nahka. Teolima kiirendab oluliselt naha regeneratsiooni. Kreem sisaldab lisaks 5 t\u00fc\u00fcpi peptiide, millel on v\u00f5imas kortsuvastane toime. Regulaarsel kasutamisel paraneb naha tekstuur ja toon, nahk muutub [&hellip;]<\/p>\n","protected":false},"featured_media":5552,"comment_status":"open","ping_status":"closed","template":"","meta":{"_acf_changed":false},"product_brand":[],"product_cat":[],"product_tag":[],"class_list":{"0":"post-4387","1":"product","2":"type-product","3":"status-publish","4":"has-post-thumbnail","6":"brand-cosrx","8":"first","9":"instock","10":"taxable","11":"shipping-taxable","12":"purchasable","13":"product-type-simple"},"bundle_layout":"","bundled_by":[],"bundled_items":[],"acf":[],"_links":{"self":[{"href":"https:\/\/meon.theskinhouse.ee\/ru\/wp-json\/wp\/v2\/product\/4387","targetHints":{"allow":["GET"]}}],"collection":[{"href":"https:\/\/meon.theskinhouse.ee\/ru\/wp-json\/wp\/v2\/product"}],"about":[{"href":"https:\/\/meon.theskinhouse.ee\/ru\/wp-json\/wp\/v2\/types\/product"}],"replies":[{"embeddable":true,"href":"https:\/\/meon.theskinhouse.ee\/ru\/wp-json\/wp\/v2\/comments?post=4387"}],"wp:featuredmedia":[{"embeddable":true,"href":"https:\/\/meon.theskinhouse.ee\/ru\/wp-json\/wp\/v2\/media\/5552"}],"wp:attachment":[{"href":"https:\/\/meon.theskinhouse.ee\/ru\/wp-json\/wp\/v2\/media?parent=4387"}],"wp:term":[{"taxonomy":"product_brand","embeddable":true,"href":"https:\/\/meon.theskinhouse.ee\/ru\/wp-json\/wp\/v2\/product_brand?post=4387"},{"taxonomy":"product_cat","embeddable":true,"href":"https:\/\/meon.theskinhouse.ee\/ru\/wp-json\/wp\/v2\/product_cat?post=4387"},{"taxonomy":"product_tag","embeddable":true,"href":"https:\/\/meon.theskinhouse.ee\/ru\/wp-json\/wp\/v2\/product_tag?post=4387"}],"curies":[{"name":"wp","href":"https:\/\/api.w.org\/{rel}","templated":true}]}}