{"id":4361,"date":"2024-03-07T07:40:03","date_gmt":"2024-03-07T05:40:03","guid":{"rendered":"https:\/\/meon.theskinhouse.ee\/toode\/mizon-joyful-time-mask-jeju-fig-3\/"},"modified":"2026-04-10T07:05:03","modified_gmt":"2026-04-10T04:05:03","slug":"mizon-joyful-time-mask-jeju-fig-3","status":"publish","type":"product","link":"https:\/\/meon.theskinhouse.ee\/ru\/toode\/mizon-joyful-time-mask-jeju-fig-3\/","title":{"rendered":"MIZON JOYFUL TIME MASK JEJU [FIG]"},"content":{"rendered":"<p>Kangasmask, mis sisaldab Jeju Yellow Complex&#8217;i eluj\u00f5ulist energiat ja viigimarja essentsi niisutavat energiat, et tagada niisutatud nahk.<\/p>\n<ol>\n<li>Mittekleepuv, tasakaalustav niiskus<\/li>\n<li>Parandab naha tekstuuri<\/li>\n<li>Tugevdab nahka<\/li>\n<li>Tugevdatud niisutus<\/li>\n<li>Bambuse kiudega kangas<\/li>\n<\/ol>\n<p>Jeju Yellow Complex &#8212; Jeju saarelt korjatud taimede kompleks, mis on rikkalik antioks\u00fcdantide poolest ja mis takistab naha vananemist. Dermatoloogiliselt testitud, vegan ja OEKO-TEX sertifitseeritud. Sobib h\u00e4sti rasusele, kuivale ja v\u00e4sinud nahale. Aitab parandada naha elastust ning muudab tuhmi naha taas s\u00e4ravaks. H\u00fcpoallegreenne, silikooni- ja alkoholivaba.<\/p>\n<p><strong>Kasutamine: <\/strong>Peale naha puhastamist ja tooneri kasutust aseta kangasmask n\u00e4ole. Peale 10-20 minutilist m\u00f5juaega eemalda mask n\u00e4olt ning masseeri nahale j\u00e4\u00e4nud toode \u00f5rnalt s\u00f5rmedega naha sisse.<\/p>\n<p><strong>Koostis: <\/strong>Water, Butylene Glycol, Glycerin, 1,2-Hexanediol, Polyglyceryl-10 Laurate, Carbomer, Arginine , Allantoin, Ethylhexylglycerin, Sodium Polyacrylate, Xanthan Gum, Sodium Phytate, Glyceryl Acrylate\/Acrylic Acid Copolymer, PVM\/MA Copolymer, Taraxacum Officinale (Dandelion) Extract, Brassica Campestris (Rapeseed) Extract, Chaenomeles Sinensis Fruit Extract, Citrus Unshiu Fruit Extract, Opuntia Ficus-Indica Flower Extract, Ficus Carica (Fig) Fruit Extract, Aloe Ferox Leaf Extract, Tocopherol<\/p>\n","protected":false},"excerpt":{"rendered":"<p>Kangasmask, mis sisaldab Jeju Yellow Complex&#8217;i eluj\u00f5ulist energiat ja viigimarja essentsi niisutavat energiat, et tagada niisutatud nahk. Mittekleepuv, tasakaalustav niiskus Parandab naha tekstuuri Tugevdab nahka Tugevdatud niisutus Bambuse kiudega kangas Jeju Yellow Complex &#8212; Jeju saarelt korjatud taimede kompleks, mis on rikkalik antioks\u00fcdantide poolest ja mis takistab naha vananemist. Dermatoloogiliselt testitud, vegan ja OEKO-TEX sertifitseeritud. [&hellip;]<\/p>\n","protected":false},"featured_media":4834,"comment_status":"open","ping_status":"closed","template":"","meta":{"_acf_changed":false},"product_brand":[],"product_cat":[],"product_tag":[],"class_list":{"0":"post-4361","1":"product","2":"type-product","3":"status-publish","4":"has-post-thumbnail","6":"brand-mizon","8":"first","9":"instock","10":"taxable","11":"shipping-taxable","12":"purchasable","13":"product-type-simple"},"bundle_layout":"","bundled_by":[],"bundled_items":[],"acf":[],"_links":{"self":[{"href":"https:\/\/meon.theskinhouse.ee\/ru\/wp-json\/wp\/v2\/product\/4361","targetHints":{"allow":["GET"]}}],"collection":[{"href":"https:\/\/meon.theskinhouse.ee\/ru\/wp-json\/wp\/v2\/product"}],"about":[{"href":"https:\/\/meon.theskinhouse.ee\/ru\/wp-json\/wp\/v2\/types\/product"}],"replies":[{"embeddable":true,"href":"https:\/\/meon.theskinhouse.ee\/ru\/wp-json\/wp\/v2\/comments?post=4361"}],"wp:featuredmedia":[{"embeddable":true,"href":"https:\/\/meon.theskinhouse.ee\/ru\/wp-json\/wp\/v2\/media\/4834"}],"wp:attachment":[{"href":"https:\/\/meon.theskinhouse.ee\/ru\/wp-json\/wp\/v2\/media?parent=4361"}],"wp:term":[{"taxonomy":"product_brand","embeddable":true,"href":"https:\/\/meon.theskinhouse.ee\/ru\/wp-json\/wp\/v2\/product_brand?post=4361"},{"taxonomy":"product_cat","embeddable":true,"href":"https:\/\/meon.theskinhouse.ee\/ru\/wp-json\/wp\/v2\/product_cat?post=4361"},{"taxonomy":"product_tag","embeddable":true,"href":"https:\/\/meon.theskinhouse.ee\/ru\/wp-json\/wp\/v2\/product_tag?post=4361"}],"curies":[{"name":"wp","href":"https:\/\/api.w.org\/{rel}","templated":true}]}}