{"id":436,"date":"2020-04-02T14:08:28","date_gmt":"2020-04-02T11:08:28","guid":{"rendered":"https:\/\/meon.theskinhouse.ee\/toode\/the-skin-house-marine-active-cream-2\/"},"modified":"2026-04-10T00:50:02","modified_gmt":"2026-04-09T21:50:02","slug":"the-skin-house-marine-active-cream-2","status":"publish","type":"product","link":"https:\/\/meon.theskinhouse.ee\/ru\/toode\/the-skin-house-marine-active-cream-2\/","title":{"rendered":"The Skin House Marine Active Cream"},"content":{"rendered":"<p>Niisutav kreem sisaldab h\u00fcaluroonhapet, mis niisutab nahka ja hoiab naha niiskustaseme terve p\u00e4eva \u00fchtlasena. Rikkalikult mineraale ja vitamiine sisaldavad erinevate vetikate ekstraktid varustavad nahka uue energiaga, nahk muutub niisutatuks ja elavamaks. Kreemis sisalduvad keramiidid takistavad vee kadumist nahast, t\u00e4nu millele j\u00e4\u00e4b nahk pikaks ajaks niisutatuna s\u00fcgavalt seest. Kreem imendub kiirelt ning niisutatud tunne s\u00e4ilib kaua.<\/p>\n<p><strong>Peamised koostisosad:<\/strong> merevesi, p\u00e4rliekstrakt, pruunvetika (Ecklonia cava) ekstrakt, v\u00e4rtenja mariadru (Hizikia fusiforme) ekstrakt, rohevetika (Codium tomentosum) ekstrakt, punavetika (Gelidium cartilagineum) ekstrakt<\/p>\n<p><strong>Kasutamine<\/strong><br \/>\nP\u00e4rast n\u00e4o puhastamist pehmendage nahka toonikuga. Kandke seerum v\u00f5i emulsioon n\u00e4ole ja laske imenduda. Kandke seej\u00e4rel v\u00e4ike kogus kreemi \u00fchtlaselt n\u00e4ole.<\/p>\n<p><strong>Kogus<\/strong>: 50 ml<br \/>\nSobilik: k\u00f5ik nahat\u00fc\u00fcbid, kuiv nahk<\/p>\n<p><strong>Koostis<\/strong><br \/>\nWater, Glycerin, Sodium Hyaluronate, Butylene glycol, Squalane, Dimethicone, 1,2-Hexanediol, Cyclopentasiloxane, Orbignya Oleifera Seed Oil, Ammonium Acryloyldimethyltaurate\/VP Copolymer, Potassium Olivoyl PCA, Caprylic\/Capric Triglyceride, Hydrogenated Lecithin, Glycerin, Ceramide NP, Honey, Sea Water, Pearl Extract, Betaine, Dimethicone\/Vinyl Dimethicone Crosspolymer, Ecklonia Cava Extract, Hizikia Fusiforme Extract, Codium Tomentosum Extract, Gelidium Cartilagineum Extract, Tocopheryl Acetate, Phenoxyethanol, Ethylhexylglycerin, Perfume<\/p>\n","protected":false},"excerpt":{"rendered":"<p>Niisutav kreem sisaldab h\u00fcaluroonhapet, mis niisutab nahka ja hoiab naha niiskustaseme terve p\u00e4eva \u00fchtlasena. Rikkalikult mineraale ja vitamiine sisaldavad erinevate vetikate ekstraktid varustavad nahka uue energiaga, nahk muutub niisutatuks ja elavamaks. Kreemis sisalduvad keramiidid takistavad vee kadumist nahast, t\u00e4nu millele j\u00e4\u00e4b nahk pikaks ajaks niisutatuna s\u00fcgavalt seest. Kreem imendub kiirelt ning niisutatud tunne s\u00e4ilib kaua. [&hellip;]<\/p>\n","protected":false},"featured_media":1693,"comment_status":"open","ping_status":"closed","template":"","meta":{"_acf_changed":false},"product_brand":[],"product_cat":[],"product_tag":[],"class_list":{"0":"post-436","1":"product","2":"type-product","3":"status-publish","4":"has-post-thumbnail","6":"brand-the-skin-house","8":"first","9":"instock","10":"taxable","11":"shipping-taxable","12":"purchasable","13":"product-type-simple"},"bundle_layout":"","bundled_by":[],"bundled_items":[],"acf":[],"_links":{"self":[{"href":"https:\/\/meon.theskinhouse.ee\/ru\/wp-json\/wp\/v2\/product\/436","targetHints":{"allow":["GET"]}}],"collection":[{"href":"https:\/\/meon.theskinhouse.ee\/ru\/wp-json\/wp\/v2\/product"}],"about":[{"href":"https:\/\/meon.theskinhouse.ee\/ru\/wp-json\/wp\/v2\/types\/product"}],"replies":[{"embeddable":true,"href":"https:\/\/meon.theskinhouse.ee\/ru\/wp-json\/wp\/v2\/comments?post=436"}],"wp:featuredmedia":[{"embeddable":true,"href":"https:\/\/meon.theskinhouse.ee\/ru\/wp-json\/wp\/v2\/media\/1693"}],"wp:attachment":[{"href":"https:\/\/meon.theskinhouse.ee\/ru\/wp-json\/wp\/v2\/media?parent=436"}],"wp:term":[{"taxonomy":"product_brand","embeddable":true,"href":"https:\/\/meon.theskinhouse.ee\/ru\/wp-json\/wp\/v2\/product_brand?post=436"},{"taxonomy":"product_cat","embeddable":true,"href":"https:\/\/meon.theskinhouse.ee\/ru\/wp-json\/wp\/v2\/product_cat?post=436"},{"taxonomy":"product_tag","embeddable":true,"href":"https:\/\/meon.theskinhouse.ee\/ru\/wp-json\/wp\/v2\/product_tag?post=436"}],"curies":[{"name":"wp","href":"https:\/\/api.w.org\/{rel}","templated":true}]}}