{"id":4297,"date":"2023-12-14T09:55:05","date_gmt":"2023-12-14T07:55:05","guid":{"rendered":"https:\/\/meon.theskinhouse.ee\/toode\/coxir-black-rice-txa-pore-furifying-mask50ml-2\/"},"modified":"2026-04-10T07:15:02","modified_gmt":"2026-04-10T04:15:02","slug":"coxir-black-rice-txa-pore-furifying-mask50ml-2","status":"publish","type":"product","link":"https:\/\/meon.theskinhouse.ee\/ru\/toode\/coxir-black-rice-txa-pore-furifying-mask50ml-2\/","title":{"rendered":"COXIR Black Rice TXA Pore Purifying Mask"},"content":{"rendered":"<p>Kolm \u00fches seerum-mask musta riisiga. Puhastab t\u00f5husalt poore, samal ajal nahka niisutades ja toniseerides. Must riis niisutab ja h\u00f5lbustab kollageeni tootmist nahas, TXA hajutab ja hoiab \u00e4ra tumedate laikude tekke, s\u00fcsi imab endasse liigse rasu ning kontrollib rasueritust.&nbsp;<\/p>\n<p>Kasutamine:&nbsp;<br \/>\nKanna piisav kogus toodet puhtale nahale. Lase 1-2 minutit m\u00f5juda ning seej\u00e4rel masseeri toodet s\u00f5rmeotstega 15 sekundi v\u00e4ltel ja loputa veega maha.&nbsp;<\/p>\n<p>INCI:&nbsp;<br \/>\nWater(Aqua), Acrylates Copolymer, Cocamidopropyl Betaine, Polyhydroxystearic Acid, Isononyl Isononanoate, Ethylhexyl Isononanoate, Sodium Cocamidopropyl PG-Dimonium Chloride Phosphate, Sodium Chloride, Ammonium Lauryl Sulfate, Sodium Lauryl Sulfate, Glycerin, Butylene Glycol, Tranexamic Acid, 1,2-Hexanediol, Arginine, PEG-7 Glyceryl Cocoate, Charcoal Powder, Snail Secretion Filtrate, Panthenol, Xanthan Gum, Oryza Sativa (Rice) Extract, Sesamum Indicum (Sesame) Seed Extract, Black Soybean Extract, Ethylhexylglycerin, Citrus Nobilis (Mandarin Orange) Peel Extract, Cupressus Sempervirens Leaf\/Stem Extract, Hedera Helix (Ivy) Leaf\/Stem Extract, Citrus Aurantium Bergamia (Bergamot) Fruit Oil, Litsea Cubeba Fruit Oil, Ribes Nigrum (Black Currant) Leaf Extract<\/p>\n","protected":false},"excerpt":{"rendered":"<p>Kolm \u00fches seerum-mask musta riisiga. Puhastab t\u00f5husalt poore, samal ajal nahka niisutades ja toniseerides. Must riis niisutab ja h\u00f5lbustab kollageeni tootmist nahas, TXA hajutab ja hoiab \u00e4ra tumedate laikude tekke, s\u00fcsi imab endasse liigse rasu ning kontrollib rasueritust.&nbsp; Kasutamine:&nbsp; Kanna piisav kogus toodet puhtale nahale. Lase 1-2 minutit m\u00f5juda ning seej\u00e4rel masseeri toodet s\u00f5rmeotstega 15 [&hellip;]<\/p>\n","protected":false},"featured_media":5264,"comment_status":"open","ping_status":"closed","template":"","meta":{"_acf_changed":false},"product_brand":[],"product_cat":[],"product_tag":[],"class_list":{"0":"post-4297","1":"product","2":"type-product","3":"status-publish","4":"has-post-thumbnail","6":"brand-coxir","8":"first","9":"instock","10":"taxable","11":"shipping-taxable","12":"purchasable","13":"product-type-simple"},"bundle_layout":"","bundled_by":[],"bundled_items":[],"acf":[],"_links":{"self":[{"href":"https:\/\/meon.theskinhouse.ee\/ru\/wp-json\/wp\/v2\/product\/4297","targetHints":{"allow":["GET"]}}],"collection":[{"href":"https:\/\/meon.theskinhouse.ee\/ru\/wp-json\/wp\/v2\/product"}],"about":[{"href":"https:\/\/meon.theskinhouse.ee\/ru\/wp-json\/wp\/v2\/types\/product"}],"replies":[{"embeddable":true,"href":"https:\/\/meon.theskinhouse.ee\/ru\/wp-json\/wp\/v2\/comments?post=4297"}],"wp:featuredmedia":[{"embeddable":true,"href":"https:\/\/meon.theskinhouse.ee\/ru\/wp-json\/wp\/v2\/media\/5264"}],"wp:attachment":[{"href":"https:\/\/meon.theskinhouse.ee\/ru\/wp-json\/wp\/v2\/media?parent=4297"}],"wp:term":[{"taxonomy":"product_brand","embeddable":true,"href":"https:\/\/meon.theskinhouse.ee\/ru\/wp-json\/wp\/v2\/product_brand?post=4297"},{"taxonomy":"product_cat","embeddable":true,"href":"https:\/\/meon.theskinhouse.ee\/ru\/wp-json\/wp\/v2\/product_cat?post=4297"},{"taxonomy":"product_tag","embeddable":true,"href":"https:\/\/meon.theskinhouse.ee\/ru\/wp-json\/wp\/v2\/product_tag?post=4297"}],"curies":[{"name":"wp","href":"https:\/\/api.w.org\/{rel}","templated":true}]}}