{"id":4285,"date":"2023-12-05T12:10:05","date_gmt":"2023-12-05T10:10:05","guid":{"rendered":"https:\/\/meon.theskinhouse.ee\/toode\/package-mizon-joyful-time-essence-mask-acai-berry-20pcs-3\/"},"modified":"2026-04-10T07:05:02","modified_gmt":"2026-04-10T04:05:02","slug":"package-mizon-joyful-time-essence-mask-acai-berry-20pcs-3","status":"publish","type":"product","link":"https:\/\/meon.theskinhouse.ee\/ru\/toode\/package-mizon-joyful-time-essence-mask-acai-berry-20pcs-3\/","title":{"rendered":"Mizon Joyful Time Essence Mask Set Of 20pcs [Acai Berry]"},"content":{"rendered":"<p>Komplekt sisaldab 20 kangasmaski.&nbsp;<\/p>\n<p>Niisutav vitamiinirikas kangasmask acai marjadega. Acai mari on tuntud antioks\u00fcdant ja supertoit. Mask katab ideaalselt n\u00e4gu, kvaliteetne kanga materjal ning suur kogus essentsi. Sisaldab ka h\u00fcaluroonhapet, t\u00e4nu millele on mask suurep\u00e4rase niisutava toimega.<\/p>\n<p><strong>Kasutamine<\/strong>: Kasuta soovitavalt p\u00e4rast toonikut.<\/p>\n<p>1. V\u00f5tke mask pakendist v\u00e4lja<br \/>2. Pange mask n\u00e4ole<br \/>3. P\u00e4rast 10-20 minuti m\u00f6\u00f6dumist v\u00f5tke mask \u00e4ra ja laske essentsi j\u00e4\u00e4kidel imenduda patsutavate liigutustega.&nbsp;<\/p>\n<p><strong>Koostis<\/strong>: Water,Glycerin,Methylpropanediol,Betaine,Alcohol,1,2-Hexanediol,PEG-40 Hydrogenated Castor Oil,Xanthan Gum, Salvia Hispanica Seed Extract, Centella Asiatica Extract,Houttuynia Cordata Extract,Phenoxyethanol,Sodium Citrate, Propanediol, Ethylhexylglycerin,Citric Acid,Disodium EDTA,Allantoin,Hydrolyzed Collagen, Fragrance, Fructooligosaccharides, Saccharide Hydrolysate, Pullulan,Butylene Glycol,Sodium Hyaluronate, Euterpe Oleracea Fruit Extract, Pentylene Glycol,Caprylyl Glycol<\/p>\n","protected":false},"excerpt":{"rendered":"<p>Komplekt sisaldab 20 kangasmaski.&nbsp; Niisutav vitamiinirikas kangasmask acai marjadega. Acai mari on tuntud antioks\u00fcdant ja supertoit. Mask katab ideaalselt n\u00e4gu, kvaliteetne kanga materjal ning suur kogus essentsi. Sisaldab ka h\u00fcaluroonhapet, t\u00e4nu millele on mask suurep\u00e4rase niisutava toimega. Kasutamine: Kasuta soovitavalt p\u00e4rast toonikut. 1. V\u00f5tke mask pakendist v\u00e4lja2. Pange mask n\u00e4ole3. P\u00e4rast 10-20 minuti m\u00f6\u00f6dumist v\u00f5tke [&hellip;]<\/p>\n","protected":false},"featured_media":4970,"comment_status":"open","ping_status":"closed","template":"","meta":{"_acf_changed":false},"product_brand":[],"product_cat":[],"product_tag":[],"class_list":{"0":"post-4285","1":"product","2":"type-product","3":"status-publish","4":"has-post-thumbnail","6":"brand-mizon","8":"first","9":"instock","10":"taxable","11":"shipping-taxable","12":"purchasable","13":"product-type-simple"},"bundle_layout":"","bundled_by":[],"bundled_items":[],"acf":[],"_links":{"self":[{"href":"https:\/\/meon.theskinhouse.ee\/ru\/wp-json\/wp\/v2\/product\/4285","targetHints":{"allow":["GET"]}}],"collection":[{"href":"https:\/\/meon.theskinhouse.ee\/ru\/wp-json\/wp\/v2\/product"}],"about":[{"href":"https:\/\/meon.theskinhouse.ee\/ru\/wp-json\/wp\/v2\/types\/product"}],"replies":[{"embeddable":true,"href":"https:\/\/meon.theskinhouse.ee\/ru\/wp-json\/wp\/v2\/comments?post=4285"}],"wp:featuredmedia":[{"embeddable":true,"href":"https:\/\/meon.theskinhouse.ee\/ru\/wp-json\/wp\/v2\/media\/4970"}],"wp:attachment":[{"href":"https:\/\/meon.theskinhouse.ee\/ru\/wp-json\/wp\/v2\/media?parent=4285"}],"wp:term":[{"taxonomy":"product_brand","embeddable":true,"href":"https:\/\/meon.theskinhouse.ee\/ru\/wp-json\/wp\/v2\/product_brand?post=4285"},{"taxonomy":"product_cat","embeddable":true,"href":"https:\/\/meon.theskinhouse.ee\/ru\/wp-json\/wp\/v2\/product_cat?post=4285"},{"taxonomy":"product_tag","embeddable":true,"href":"https:\/\/meon.theskinhouse.ee\/ru\/wp-json\/wp\/v2\/product_tag?post=4285"}],"curies":[{"name":"wp","href":"https:\/\/api.w.org\/{rel}","templated":true}]}}