{"id":428,"date":"2020-04-02T14:03:20","date_gmt":"2020-04-02T11:03:20","guid":{"rendered":"https:\/\/meon.theskinhouse.ee\/toode\/the-skin-house-marine-active-serum-2\/"},"modified":"2026-04-10T05:55:01","modified_gmt":"2026-04-10T02:55:01","slug":"the-skin-house-marine-active-serum-2","status":"publish","type":"product","link":"https:\/\/meon.theskinhouse.ee\/ru\/toode\/the-skin-house-marine-active-serum-2\/","title":{"rendered":"The Skin House Marine Active Serum"},"content":{"rendered":"<p>Geeljas niisutav seerum sisaldab h\u00fcaluroonhapet, mis niisutab nahka ja hoiab naha niiskustaseme terve p\u00e4eva \u00fchtlasena. Merevesi ja erinevad vetikaekstraktid loovad k\u00fcllusliku niisutava efekti, mineraalid ja vitamiinid aitavad nahal taas s\u00e4ravaks ja puhtaks muutuda. Sisaldab keramiide, mis takistavad vee kadumist nahast ja aitavad nahal s\u00e4ilida pikalt niisutatuna s\u00fcgavalt seest.<\/p>\n<p><strong>Peamised koostisosad: <\/strong>merevesi, p\u00e4rliekstrakt, pruunvetika (Ecklonia cava) ekstrakt, v\u00e4rtenja mariadru (Hizikia fusiforme) ekstrakt, rohevetika (Codium tomentosum) ekstrakt, punavetika (Gelidium cartilagineum) ekstrakt<\/p>\n<p><strong>Kasutamine<\/strong><br \/>\nP\u00e4rast puhastamist pehmendage nahka toonikuga. Kandke piisav kogus seerumit n\u00e4ole ja laske sel imenduda.<br \/>\nParema efekti saavutamiseks kasutage koos sama sarja emulsiooniga.<\/p>\n<p><strong>Kogus:<\/strong> 50 ml<\/p>\n<p><strong>Sobilik:<\/strong> k\u00f5ik nahat\u00fc\u00fcbid, kuiv nahk<\/p>\n<p><strong>Koostis<\/strong><br \/>\nWater, Sodium Hyaluronate, Glycerin, Butylene glycol, Betaine, 1,2-Hexanediol, Alcohol, Aloe Barbadensis Leaf Extract, PPG-26-Buteth-26, PEG-40 Hydrogenated Castor Oil, Ceramide NP,&nbsp;Hydrogenated Lecithin, Propylene Glycol, Sea Water, Honey, Pearl Extract, Xanthan GUM, Arginine, Carbomer, Glyceryl Acrylate\/Acrylic Acid Copolymer, PVM\/MA Copolymer, Styrene\/VP Copolymer, Lonicera Japonica (Honeysuckle) Flower Extract, Solanum Lycopersicum (Tomato) Fruit Extract, Lilium Tigrinum Extract, Nelumbo Nucifera Seed Extract, Chrysanthemum Indicum Flower Extract, Hydrolyzed Collagen, Myrciaria Dubia Fruit Extract, Euterpe Oleracea Fruit Extract, Ecklonia Cava Extract, Hizikia Fusiforme Extract, Codium Tomentosum Extract, Gelidium Cartilagineum Extract, Leontopodium alpinum extract, Buddleja Davidii Extract, Malva Sylvestris (Mallow) Flower Extract, Camellia sinensis Callus Culture extracts, Ethylhexylglycerin, Perfume<\/p>\n","protected":false},"excerpt":{"rendered":"<p>Geeljas niisutav seerum sisaldab h\u00fcaluroonhapet, mis niisutab nahka ja hoiab naha niiskustaseme terve p\u00e4eva \u00fchtlasena. Merevesi ja erinevad vetikaekstraktid loovad k\u00fcllusliku niisutava efekti, mineraalid ja vitamiinid aitavad nahal taas s\u00e4ravaks ja puhtaks muutuda. Sisaldab keramiide, mis takistavad vee kadumist nahast ja aitavad nahal s\u00e4ilida pikalt niisutatuna s\u00fcgavalt seest. Peamised koostisosad: merevesi, p\u00e4rliekstrakt, pruunvetika (Ecklonia cava) [&hellip;]<\/p>\n","protected":false},"featured_media":1719,"comment_status":"open","ping_status":"closed","template":"","meta":{"_acf_changed":false},"product_brand":[],"product_cat":[],"product_tag":[],"class_list":{"0":"post-428","1":"product","2":"type-product","3":"status-publish","4":"has-post-thumbnail","6":"brand-the-skin-house","8":"first","9":"instock","10":"taxable","11":"shipping-taxable","12":"purchasable","13":"product-type-simple"},"bundle_layout":"","bundled_by":[],"bundled_items":[],"acf":[],"_links":{"self":[{"href":"https:\/\/meon.theskinhouse.ee\/ru\/wp-json\/wp\/v2\/product\/428","targetHints":{"allow":["GET"]}}],"collection":[{"href":"https:\/\/meon.theskinhouse.ee\/ru\/wp-json\/wp\/v2\/product"}],"about":[{"href":"https:\/\/meon.theskinhouse.ee\/ru\/wp-json\/wp\/v2\/types\/product"}],"replies":[{"embeddable":true,"href":"https:\/\/meon.theskinhouse.ee\/ru\/wp-json\/wp\/v2\/comments?post=428"}],"wp:featuredmedia":[{"embeddable":true,"href":"https:\/\/meon.theskinhouse.ee\/ru\/wp-json\/wp\/v2\/media\/1719"}],"wp:attachment":[{"href":"https:\/\/meon.theskinhouse.ee\/ru\/wp-json\/wp\/v2\/media?parent=428"}],"wp:term":[{"taxonomy":"product_brand","embeddable":true,"href":"https:\/\/meon.theskinhouse.ee\/ru\/wp-json\/wp\/v2\/product_brand?post=428"},{"taxonomy":"product_cat","embeddable":true,"href":"https:\/\/meon.theskinhouse.ee\/ru\/wp-json\/wp\/v2\/product_cat?post=428"},{"taxonomy":"product_tag","embeddable":true,"href":"https:\/\/meon.theskinhouse.ee\/ru\/wp-json\/wp\/v2\/product_tag?post=428"}],"curies":[{"name":"wp","href":"https:\/\/api.w.org\/{rel}","templated":true}]}}