{"id":4277,"date":"2023-12-05T12:10:04","date_gmt":"2023-12-05T10:10:04","guid":{"rendered":"https:\/\/meon.theskinhouse.ee\/toode\/package-mizon-joyful-time-essence-mask-hyaluronic-acid-20pcs-3\/"},"modified":"2026-04-10T07:05:02","modified_gmt":"2026-04-10T04:05:02","slug":"package-mizon-joyful-time-essence-mask-hyaluronic-acid-20pcs-3","status":"publish","type":"product","link":"https:\/\/meon.theskinhouse.ee\/ru\/toode\/package-mizon-joyful-time-essence-mask-hyaluronic-acid-20pcs-3\/","title":{"rendered":"Mizon Joyful Time Essence Mask Set of 20pcs [Hyaluronic Acid]"},"content":{"rendered":"<p>Komplekt sisaldab 20 kangasmaski.&nbsp;<\/p>\n<p>S\u00fcgavniisutav kangasmask h\u00fcaluroonhappega. H\u00fcaluroonhape on efektiivne niisutaja, mis viib niiskuse s\u00fcgavale naha sisse ja takistab naha kuivamist. Mask katab ideaalselt n\u00e4gu, kvaliteetne kanga materjal ning suur kogus essentsi.<\/p>\n<p><strong>Kasutamine<\/strong>: Kasuta soovitavalt p\u00e4rast toonikut.&nbsp;<\/p>\n<p>1. V\u00f5tke mask pakendist v\u00e4lja<br \/>2. Pange mask n\u00e4ole<br \/>3. P\u00e4rast 10-20 minuti m\u00f6\u00f6dumist v\u00f5tke mask \u00e4ra ja laske essentsi j\u00e4\u00e4kidel imenduda patsutavate liigutustega.<\/p>\n<p><strong>Koostis<\/strong>: Aqua, Glycerin, Methylpropanediol, Betaine, 1,2-Hexanediol, Hydroxyacetophenone, Xanthan Gum, PEG- 60 Hydrogenated Castor Oil, Sodium Citrate, Citric Acid, Disodium EDTA, Parfum, Propanediol, Allantoin, Sodium Hyaluronate, Butylene Glycol, Sodium Hyaluronate Crosspolymer, Hydrolyzed Glycosaminoglycans, Limonene, Benzyl Glycol, Hydrolyzed Hyaluronic Acid, Houttuynia Cordata Extract, Centella Asiatica Extract, Ethylhexylglycerin, Hydrolyzed Collagen, Hyaluronic Acid, Raspberry Ketone<\/p>\n","protected":false},"excerpt":{"rendered":"<p>Komplekt sisaldab 20 kangasmaski.&nbsp; S\u00fcgavniisutav kangasmask h\u00fcaluroonhappega. H\u00fcaluroonhape on efektiivne niisutaja, mis viib niiskuse s\u00fcgavale naha sisse ja takistab naha kuivamist. Mask katab ideaalselt n\u00e4gu, kvaliteetne kanga materjal ning suur kogus essentsi. Kasutamine: Kasuta soovitavalt p\u00e4rast toonikut.&nbsp; 1. V\u00f5tke mask pakendist v\u00e4lja2. Pange mask n\u00e4ole3. P\u00e4rast 10-20 minuti m\u00f6\u00f6dumist v\u00f5tke mask \u00e4ra ja laske essentsi [&hellip;]<\/p>\n","protected":false},"featured_media":5022,"comment_status":"open","ping_status":"closed","template":"","meta":{"_acf_changed":false},"product_brand":[],"product_cat":[],"product_tag":[],"class_list":{"0":"post-4277","1":"product","2":"type-product","3":"status-publish","4":"has-post-thumbnail","6":"brand-mizon","8":"first","9":"instock","10":"taxable","11":"shipping-taxable","12":"purchasable","13":"product-type-simple"},"bundle_layout":"","bundled_by":[],"bundled_items":[],"acf":[],"_links":{"self":[{"href":"https:\/\/meon.theskinhouse.ee\/ru\/wp-json\/wp\/v2\/product\/4277","targetHints":{"allow":["GET"]}}],"collection":[{"href":"https:\/\/meon.theskinhouse.ee\/ru\/wp-json\/wp\/v2\/product"}],"about":[{"href":"https:\/\/meon.theskinhouse.ee\/ru\/wp-json\/wp\/v2\/types\/product"}],"replies":[{"embeddable":true,"href":"https:\/\/meon.theskinhouse.ee\/ru\/wp-json\/wp\/v2\/comments?post=4277"}],"wp:featuredmedia":[{"embeddable":true,"href":"https:\/\/meon.theskinhouse.ee\/ru\/wp-json\/wp\/v2\/media\/5022"}],"wp:attachment":[{"href":"https:\/\/meon.theskinhouse.ee\/ru\/wp-json\/wp\/v2\/media?parent=4277"}],"wp:term":[{"taxonomy":"product_brand","embeddable":true,"href":"https:\/\/meon.theskinhouse.ee\/ru\/wp-json\/wp\/v2\/product_brand?post=4277"},{"taxonomy":"product_cat","embeddable":true,"href":"https:\/\/meon.theskinhouse.ee\/ru\/wp-json\/wp\/v2\/product_cat?post=4277"},{"taxonomy":"product_tag","embeddable":true,"href":"https:\/\/meon.theskinhouse.ee\/ru\/wp-json\/wp\/v2\/product_tag?post=4277"}],"curies":[{"name":"wp","href":"https:\/\/api.w.org\/{rel}","templated":true}]}}