{"id":4273,"date":"2023-12-05T12:10:04","date_gmt":"2023-12-05T10:10:04","guid":{"rendered":"https:\/\/meon.theskinhouse.ee\/toode\/package-mizon-joyful-time-essence-mask-snail-20pcs-3\/"},"modified":"2026-04-10T07:05:02","modified_gmt":"2026-04-10T04:05:02","slug":"package-mizon-joyful-time-essence-mask-snail-20pcs-3","status":"publish","type":"product","link":"https:\/\/meon.theskinhouse.ee\/ru\/toode\/package-mizon-joyful-time-essence-mask-snail-20pcs-3\/","title":{"rendered":"Mizon Joyful Time Essence Mask Set of 20pcs [Snail]"},"content":{"rendered":"<p>Komplekt sisaldab 20 kangasmaski.&nbsp;<\/p>\n<p>Kangasmask teolimaga. Teolima uuendab nahka, taastab naharakke, leevendab \u00e4rritusi, aitab parandada akne arme, silub kortse.\u200b Mask katab ideaalselt n\u00e4gu, kvaliteetne kanga materjal ning suur kogus essentsi. Sisaldab ka h\u00fcaluroonhapet, t\u00e4nu millele on mask suurep\u00e4rase niisutava toimega.<\/p>\n<p><strong>Kasutamine<\/strong>: Kasuta soovitavalt p\u00e4rast toonikut.<\/p>\n<p>1. V\u00f5tke mask pakendist v\u00e4lja<br \/>2. Pange mask n\u00e4ole<br \/>3. P\u00e4rast 10-20 minuti m\u00f6\u00f6dumist v\u00f5tke mask \u00e4ra ja laske essentsi j\u00e4\u00e4kidel imenduda patsutavate liigutustega.<\/p>\n<p><strong>Koostis<\/strong>: Aqua, Methylpropanediol, Glycerin, Betaine, 1,2-Hexanediol, Hydroxyacetophenone, Xanthan Gum, PEG- 60 Hydrogenated Castor Oil, Allantoin, Butylene Glycol, Sodium Citrate, Disodium EDTA, Parfum, Citric Acid, Phenoxyethanol, Linalool, Sodium Hyaluronate, Snail Secretion Filtrate, Ethylhexylglycerin, Centella Asiatica Extract, Hydrolyzed Collagen<\/p>\n","protected":false},"excerpt":{"rendered":"<p>Komplekt sisaldab 20 kangasmaski.&nbsp; Kangasmask teolimaga. Teolima uuendab nahka, taastab naharakke, leevendab \u00e4rritusi, aitab parandada akne arme, silub kortse.\u200b Mask katab ideaalselt n\u00e4gu, kvaliteetne kanga materjal ning suur kogus essentsi. Sisaldab ka h\u00fcaluroonhapet, t\u00e4nu millele on mask suurep\u00e4rase niisutava toimega. Kasutamine: Kasuta soovitavalt p\u00e4rast toonikut. 1. V\u00f5tke mask pakendist v\u00e4lja2. Pange mask n\u00e4ole3. P\u00e4rast 10-20 [&hellip;]<\/p>\n","protected":false},"featured_media":4930,"comment_status":"open","ping_status":"closed","template":"","meta":{"_acf_changed":false},"product_brand":[],"product_cat":[],"product_tag":[],"class_list":{"0":"post-4273","1":"product","2":"type-product","3":"status-publish","4":"has-post-thumbnail","6":"brand-mizon","8":"first","9":"instock","10":"taxable","11":"shipping-taxable","12":"purchasable","13":"product-type-simple"},"bundle_layout":"","bundled_by":[],"bundled_items":[],"acf":[],"_links":{"self":[{"href":"https:\/\/meon.theskinhouse.ee\/ru\/wp-json\/wp\/v2\/product\/4273","targetHints":{"allow":["GET"]}}],"collection":[{"href":"https:\/\/meon.theskinhouse.ee\/ru\/wp-json\/wp\/v2\/product"}],"about":[{"href":"https:\/\/meon.theskinhouse.ee\/ru\/wp-json\/wp\/v2\/types\/product"}],"replies":[{"embeddable":true,"href":"https:\/\/meon.theskinhouse.ee\/ru\/wp-json\/wp\/v2\/comments?post=4273"}],"wp:featuredmedia":[{"embeddable":true,"href":"https:\/\/meon.theskinhouse.ee\/ru\/wp-json\/wp\/v2\/media\/4930"}],"wp:attachment":[{"href":"https:\/\/meon.theskinhouse.ee\/ru\/wp-json\/wp\/v2\/media?parent=4273"}],"wp:term":[{"taxonomy":"product_brand","embeddable":true,"href":"https:\/\/meon.theskinhouse.ee\/ru\/wp-json\/wp\/v2\/product_brand?post=4273"},{"taxonomy":"product_cat","embeddable":true,"href":"https:\/\/meon.theskinhouse.ee\/ru\/wp-json\/wp\/v2\/product_cat?post=4273"},{"taxonomy":"product_tag","embeddable":true,"href":"https:\/\/meon.theskinhouse.ee\/ru\/wp-json\/wp\/v2\/product_tag?post=4273"}],"curies":[{"name":"wp","href":"https:\/\/api.w.org\/{rel}","templated":true}]}}