{"id":4247,"date":"2023-11-10T14:10:12","date_gmt":"2023-11-10T12:10:12","guid":{"rendered":"https:\/\/meon.theskinhouse.ee\/toode\/package-mizon-cicaluronic-water-fit-mask-set-20pcs-3\/"},"modified":"2026-04-10T07:05:02","modified_gmt":"2026-04-10T04:05:02","slug":"package-mizon-cicaluronic-water-fit-mask-set-20pcs-3","status":"publish","type":"product","link":"https:\/\/meon.theskinhouse.ee\/ru\/toode\/package-mizon-cicaluronic-water-fit-mask-set-20pcs-3\/","title":{"rendered":"Mizon Cicaluronic Water Fit Mask Set of 20pcs"},"content":{"rendered":"<p>Komplekt sisaldab 20 kangasmaski.&nbsp;<\/p>\n<p>H\u00fcdrogeelist n\u00e4omask aasia vesinaba ja h\u00fcaluroonhappega. Sisaldab 8 liiki h\u00fcaluroonhapet ja aasia vesinaba taime, mis rahustab nahka ja leevendab \u00e4rritusi. H\u00fcdrogeelist mask niisutab nahka v\u00e4ga kiiresti ja pikaks ajaks, sobib ka k\u00f5ige tundlikumale nahale. Antud mask sisaldab 8 erinevat liiki h\u00fcaluroonhapet nii madala, keskmise kui ka k\u00f5rge molekulmassiga. Antud kooslus on efektiivsem kui vaid 1 h\u00fcaluroonhappe liik, sest madala molekulmassiga h\u00fcaluroonhape imendub paremini, kuid k\u00f5rge molekulmassiga h\u00fcaluroonhape hoiab niiskust naha sees pikemaks ajaks. Nende kooslus niisutab nahka maksimaalselt kiiresti ja pikaks ajaks. Sisaldab 100% \u00f6koloogilist tselluloosi, sobib veganitele, sisaldab 94% looduslikke koostisosi. Dermatoloogiliselt testitud.<\/p>\n<p>Cica &#8212; Aasia vesinaba<br \/>Aasia vesinaba on tuntud ravimtaim, mida kasutatakse t\u00e4nap\u00e4eval laialdaselt kosmetoloogias. Aasia vesinaba on aastasadu kasutatud idamaade rahvameditsiinis. Ta on t\u00f5eliselt imelise toimega &#8212; parandab haavu, leevendab p\u00f5letikke ja \u00e4rritusi, toimib noorendavalt, sest stimuleerib kollageeni s\u00fcnteesi (nahk hakkab ise oma loomulikku kollageeni rohkem tootma). Aasia vesinaba on rahustava toimega, on tugev antioks\u00fcdant, taastab naha kaitsev\u00f5imet. Kui naha loomulik kaitsev\u00f5ime on erinevate kahjulike keskkonnam\u00f5jude t\u00f5ttu h\u00e4iritud, muutub nahk tundlikkus. Aasia vesinaba taastab naha kaitsev\u00f5imet ning seel\u00e4bi v\u00e4hendab naha tundlikkust. On leitud ka positiivne m\u00f5ju rosaatsia ja kuperoosa korral.<\/p>\n<p>H\u00fcaluroonhape &#8212; niisutav komponent, mis viib niiskuse s\u00fcgavale naha sisse ja hoiab naha niiskustaset pikaajaliselt k\u00f5rgel tasemel.<\/p>\n<p><strong>Kasutamine<\/strong>: P\u00e4rast naha puhastamist ja soovitavalt tooniku kasutamist avage maski pakend. Kandke pakendis olev vedelik n\u00e4ole ja kaelale enne maski enda pealekandmist. Seej\u00e4rel asetage mask n\u00e4ole ja hoidke 15-20 minutit. Eemaldage mask ja laske essentsi j\u00e4\u00e4kidel imenduda patsutavate liigutustega.<\/p>\n<p><strong>Koostis<\/strong>: Water, Methylpropanediol, Glycerin, 1,2-Hexanediol, Panthenol, Hydroxyacetophenone, Diethoxyethyl Succinate, Acrylates\/C10-30 Alkyl Acrylate Crosspolymer, Tromethamine, Centella Asiatica Extract, Trehalose, Allantoin, Centella Asiatica Root Extract, Centella Asiatica Leaf Extract, Xanthan Gum, Disodium EDTA, Butylene Glycol, Sodium Hyaluronate, Potassium Hyaluronate, Hydroxypropyltrimonium Hyaluronate, Hydrolyzed Sodium Hyaluronate, Hydrolyzed Hyaluronic Acid, Hyaluronic Acid, Pentylene Glycol, Sodium Hyaluronate Crosspolymer, Madecassoside, Madecassic Acid, Asiaticoside, Asiatic Acid, Sodium Acetylated Hyaluronate<\/p>\n","protected":false},"excerpt":{"rendered":"<p>Komplekt sisaldab 20 kangasmaski.&nbsp; H\u00fcdrogeelist n\u00e4omask aasia vesinaba ja h\u00fcaluroonhappega. Sisaldab 8 liiki h\u00fcaluroonhapet ja aasia vesinaba taime, mis rahustab nahka ja leevendab \u00e4rritusi. H\u00fcdrogeelist mask niisutab nahka v\u00e4ga kiiresti ja pikaks ajaks, sobib ka k\u00f5ige tundlikumale nahale. Antud mask sisaldab 8 erinevat liiki h\u00fcaluroonhapet nii madala, keskmise kui ka k\u00f5rge molekulmassiga. Antud kooslus on [&hellip;]<\/p>\n","protected":false},"featured_media":4974,"comment_status":"open","ping_status":"closed","template":"","meta":{"_acf_changed":false},"product_brand":[],"product_cat":[],"product_tag":[],"class_list":{"0":"post-4247","1":"product","2":"type-product","3":"status-publish","4":"has-post-thumbnail","6":"brand-mizon","8":"first","9":"instock","10":"taxable","11":"shipping-taxable","12":"purchasable","13":"product-type-simple"},"bundle_layout":"","bundled_by":[],"bundled_items":[],"acf":[],"_links":{"self":[{"href":"https:\/\/meon.theskinhouse.ee\/ru\/wp-json\/wp\/v2\/product\/4247","targetHints":{"allow":["GET"]}}],"collection":[{"href":"https:\/\/meon.theskinhouse.ee\/ru\/wp-json\/wp\/v2\/product"}],"about":[{"href":"https:\/\/meon.theskinhouse.ee\/ru\/wp-json\/wp\/v2\/types\/product"}],"replies":[{"embeddable":true,"href":"https:\/\/meon.theskinhouse.ee\/ru\/wp-json\/wp\/v2\/comments?post=4247"}],"wp:featuredmedia":[{"embeddable":true,"href":"https:\/\/meon.theskinhouse.ee\/ru\/wp-json\/wp\/v2\/media\/4974"}],"wp:attachment":[{"href":"https:\/\/meon.theskinhouse.ee\/ru\/wp-json\/wp\/v2\/media?parent=4247"}],"wp:term":[{"taxonomy":"product_brand","embeddable":true,"href":"https:\/\/meon.theskinhouse.ee\/ru\/wp-json\/wp\/v2\/product_brand?post=4247"},{"taxonomy":"product_cat","embeddable":true,"href":"https:\/\/meon.theskinhouse.ee\/ru\/wp-json\/wp\/v2\/product_cat?post=4247"},{"taxonomy":"product_tag","embeddable":true,"href":"https:\/\/meon.theskinhouse.ee\/ru\/wp-json\/wp\/v2\/product_tag?post=4247"}],"curies":[{"name":"wp","href":"https:\/\/api.w.org\/{rel}","templated":true}]}}