{"id":4231,"date":"2023-09-20T13:55:07","date_gmt":"2023-09-20T10:55:07","guid":{"rendered":"https:\/\/meon.theskinhouse.ee\/toode\/the-skin-house-natural-balancing-toner-2\/"},"modified":"2023-12-05T08:50:10","modified_gmt":"2023-12-05T06:50:10","slug":"the-skin-house-natural-balancing-toner-2","status":"publish","type":"product","link":"https:\/\/meon.theskinhouse.ee\/ru\/toode\/the-skin-house-natural-balancing-toner-2\/","title":{"rendered":"The Skin House Natural Balancing Toner"},"content":{"rendered":"<p>Eemaldab nahalt k\u00f5ik mustuse j\u00e4\u00e4gid ja toniseerib nahka. Tagab nahale t\u00e4iusliku ja pikaajalise niisutatuse.<br \/>\n<strong>Kasutamine:&nbsp;<\/strong>Kasutage hommikul ja \u00f5htul enne tavap\u00e4rast nahahooldust eelnevalt puhastatud n\u00e4ol ja kaelal. <strong>NB<\/strong>: V\u00e4lispidiseks kasutamiseks. V\u00e4ltige silma sattumist. Hoidke lastele k\u00e4ttesaamatus kohas. \u00c4rrituse ilmnemisel l\u00f5petage kasutamine.&nbsp;<br \/>\n&nbsp;<\/p>\n","protected":false},"excerpt":{"rendered":"<p>Eemaldab nahalt k\u00f5ik mustuse j\u00e4\u00e4gid ja toniseerib nahka. Tagab nahale t\u00e4iusliku ja pikaajalise niisutatuse. Kasutamine:&nbsp;Kasutage hommikul ja \u00f5htul enne tavap\u00e4rast nahahooldust eelnevalt puhastatud n\u00e4ol ja kaelal. NB: V\u00e4lispidiseks kasutamiseks. V\u00e4ltige silma sattumist. Hoidke lastele k\u00e4ttesaamatus kohas. \u00c4rrituse ilmnemisel l\u00f5petage kasutamine.&nbsp; &nbsp;<\/p>\n","protected":false},"featured_media":0,"comment_status":"open","ping_status":"closed","template":"","meta":{"_acf_changed":false},"product_brand":[],"product_cat":[],"product_tag":[],"class_list":{"0":"post-4231","1":"product","2":"type-product","3":"status-publish","6":"first","7":"instock","8":"taxable","9":"shipping-taxable","10":"purchasable","11":"product-type-simple"},"bundle_layout":"","bundled_by":[],"bundled_items":[],"acf":[],"_links":{"self":[{"href":"https:\/\/meon.theskinhouse.ee\/ru\/wp-json\/wp\/v2\/product\/4231","targetHints":{"allow":["GET"]}}],"collection":[{"href":"https:\/\/meon.theskinhouse.ee\/ru\/wp-json\/wp\/v2\/product"}],"about":[{"href":"https:\/\/meon.theskinhouse.ee\/ru\/wp-json\/wp\/v2\/types\/product"}],"replies":[{"embeddable":true,"href":"https:\/\/meon.theskinhouse.ee\/ru\/wp-json\/wp\/v2\/comments?post=4231"}],"wp:attachment":[{"href":"https:\/\/meon.theskinhouse.ee\/ru\/wp-json\/wp\/v2\/media?parent=4231"}],"wp:term":[{"taxonomy":"product_brand","embeddable":true,"href":"https:\/\/meon.theskinhouse.ee\/ru\/wp-json\/wp\/v2\/product_brand?post=4231"},{"taxonomy":"product_cat","embeddable":true,"href":"https:\/\/meon.theskinhouse.ee\/ru\/wp-json\/wp\/v2\/product_cat?post=4231"},{"taxonomy":"product_tag","embeddable":true,"href":"https:\/\/meon.theskinhouse.ee\/ru\/wp-json\/wp\/v2\/product_tag?post=4231"}],"curies":[{"name":"wp","href":"https:\/\/api.w.org\/{rel}","templated":true}]}}