{"id":4225,"date":"2023-08-16T12:00:06","date_gmt":"2023-08-16T09:00:06","guid":{"rendered":"https:\/\/meon.theskinhouse.ee\/toode\/cicarecipe-daily-soothing-care-mask-3\/"},"modified":"2026-04-10T05:45:03","modified_gmt":"2026-04-10T02:45:03","slug":"cicarecipe-daily-soothing-care-mask-3","status":"publish","type":"product","link":"https:\/\/meon.theskinhouse.ee\/ru\/toode\/cicarecipe-daily-soothing-care-mask-3\/","title":{"rendered":"Beausta Cicarecipe Daily Soothing Care Mask"},"content":{"rendered":"<p>1 P\u00c4EV 1 CICA!<br \/>\nIgap\u00e4evane kangasmask, mis sisaldab viit CICA t\u00fc\u00fcpi koostisosa <span style=\"font-size:12px\">(<span style=\"font-family: Roboto, sans-serif\">Centella asiatica Extract, Madecassoside, Madecassic Acid, Asiatic Acid, Asiaticoside)<\/span><\/span>, mis niisutavad ja kaitsevad nahka, ning pantenooli, mis rahustab ja niisutab nahka s\u00fcgavuti. Karp sisaldab 30tk vegan-kangasmaske igap\u00e4evaseks kasutuseks.&nbsp;<br \/>\nKasutamine: V\u00f5ta kabrist \u00fcks mask kaasas olevate pinsettidega ning kanna mask n\u00e4ole. Lase m\u00f5juda 15-20 minutit, eemalda mask ning patsuta nahka paremaks toote imendumiseks.&nbsp;<br \/>\nKoostis:&nbsp;<br \/>\n<span style=\"font-size:12px\"><span style=\"font-family: Roboto, sans-serif\">Water, Glycerin, Methylpropanediol, Butylene Glycol, Sodium Hyaluronate, Hydrolyzed Hyaluronic Acid, Sodium Acetylated Hyaluronate, Centella Asiatica Extract, Aloe Barbadensis Leaf Extract, Beta-Glucan, Madecassoside, Madecassic Acid, Asiaticoside, Asiatic Acid, Butyrospermum Parkii (Shea) Butter, Olea Europaea (Olive) Fruit Oil, Caprylic\/Capric Triglyceride, Squalane, Ceramide NP, Cholesterol, Phytosphingosine, Arginine, Panthenol, Trehalose, 1,2-Hexanediol, Hydrogenated Lecithin, Allantoin, Hydroxyacetophenone, Carbomer, Xanthan Gum, PEG-60 Hydrogenated Castor Oil, Disodium EDTA, Fragrance<\/span><\/span><\/p>\n","protected":false},"excerpt":{"rendered":"<p>1 P\u00c4EV 1 CICA! Igap\u00e4evane kangasmask, mis sisaldab viit CICA t\u00fc\u00fcpi koostisosa (Centella asiatica Extract, Madecassoside, Madecassic Acid, Asiatic Acid, Asiaticoside), mis niisutavad ja kaitsevad nahka, ning pantenooli, mis rahustab ja niisutab nahka s\u00fcgavuti. Karp sisaldab 30tk vegan-kangasmaske igap\u00e4evaseks kasutuseks.&nbsp; Kasutamine: V\u00f5ta kabrist \u00fcks mask kaasas olevate pinsettidega ning kanna mask n\u00e4ole. Lase m\u00f5juda 15-20 [&hellip;]<\/p>\n","protected":false},"featured_media":5602,"comment_status":"open","ping_status":"closed","template":"","meta":{"_acf_changed":false},"product_brand":[],"product_cat":[],"product_tag":[],"class_list":{"0":"post-4225","1":"product","2":"type-product","3":"status-publish","4":"has-post-thumbnail","6":"brand-beausta","8":"first","9":"instock","10":"taxable","11":"shipping-taxable","12":"purchasable","13":"product-type-simple"},"bundle_layout":"","bundled_by":[],"bundled_items":[],"acf":[],"_links":{"self":[{"href":"https:\/\/meon.theskinhouse.ee\/ru\/wp-json\/wp\/v2\/product\/4225","targetHints":{"allow":["GET"]}}],"collection":[{"href":"https:\/\/meon.theskinhouse.ee\/ru\/wp-json\/wp\/v2\/product"}],"about":[{"href":"https:\/\/meon.theskinhouse.ee\/ru\/wp-json\/wp\/v2\/types\/product"}],"replies":[{"embeddable":true,"href":"https:\/\/meon.theskinhouse.ee\/ru\/wp-json\/wp\/v2\/comments?post=4225"}],"wp:featuredmedia":[{"embeddable":true,"href":"https:\/\/meon.theskinhouse.ee\/ru\/wp-json\/wp\/v2\/media\/5602"}],"wp:attachment":[{"href":"https:\/\/meon.theskinhouse.ee\/ru\/wp-json\/wp\/v2\/media?parent=4225"}],"wp:term":[{"taxonomy":"product_brand","embeddable":true,"href":"https:\/\/meon.theskinhouse.ee\/ru\/wp-json\/wp\/v2\/product_brand?post=4225"},{"taxonomy":"product_cat","embeddable":true,"href":"https:\/\/meon.theskinhouse.ee\/ru\/wp-json\/wp\/v2\/product_cat?post=4225"},{"taxonomy":"product_tag","embeddable":true,"href":"https:\/\/meon.theskinhouse.ee\/ru\/wp-json\/wp\/v2\/product_tag?post=4225"}],"curies":[{"name":"wp","href":"https:\/\/api.w.org\/{rel}","templated":true}]}}