{"id":422,"date":"2020-04-02T14:03:19","date_gmt":"2020-04-02T11:03:19","guid":{"rendered":"https:\/\/meon.theskinhouse.ee\/toode\/the-skin-house-marine-active-toner-tester-2\/"},"modified":"2026-04-10T00:50:01","modified_gmt":"2026-04-09T21:50:01","slug":"the-skin-house-marine-active-toner-tester-2","status":"publish","type":"product","link":"https:\/\/meon.theskinhouse.ee\/ru\/toode\/the-skin-house-marine-active-toner-tester-2\/","title":{"rendered":"The Skin House Marine Active Toner Tester"},"content":{"rendered":"<p>TESTER<\/p>\n<p>Niisutav toonik, mis muudab naha puhtaks ja niisutatuks. H\u00fcaluroonhape niisutab nahka ning j\u00e4tab nahale niisutatud tunde. Imendub kiirelt, ei j\u00e4ta nahka kleepuvaks. Merevesi ja erinevad vetikaekstraktid muudavad naha puhtaks ja s\u00e4ravaks. Sisaldab keramiide, mis takistavad vee kadumist nahast ja aitavad nahal s\u00e4ilida pikalt niisutatuna s\u00fcgavalt seest.<\/p>\n<p>Peamised koostisosad: merevesi, p\u00e4rliekstrakt, pruunvetika (Ecklonia cava) ekstrakt, v\u00e4rtenja mariadru (Hizikia fusiforme) ekstrakt, rohevetika (Codium tomentosum) ekstrakt, punavetika (Gelidium cartilagineum) ekstrakt<\/p>\n<p>Kasutamine<br \/>\nPuhastage n\u00e4gu. Kandke piisav kogus toonikut vatipadjale ja kandke toonik n\u00e4ole suunaga n\u00e4o keskelt \u00e4\u00e4rte poole. Patsutage n\u00e4gu toote paremaks imendumiseks.<\/p>\n<p>Kogus: 130 ml<br \/>\nSobilik: k\u00f5ik nahat\u00fc\u00fcbid, kuiv nahk<\/p>\n","protected":false},"excerpt":{"rendered":"<p>TESTER Niisutav toonik, mis muudab naha puhtaks ja niisutatuks. H\u00fcaluroonhape niisutab nahka ning j\u00e4tab nahale niisutatud tunde. Imendub kiirelt, ei j\u00e4ta nahka kleepuvaks. Merevesi ja erinevad vetikaekstraktid muudavad naha puhtaks ja s\u00e4ravaks. Sisaldab keramiide, mis takistavad vee kadumist nahast ja aitavad nahal s\u00e4ilida pikalt niisutatuna s\u00fcgavalt seest. Peamised koostisosad: merevesi, p\u00e4rliekstrakt, pruunvetika (Ecklonia cava) ekstrakt, [&hellip;]<\/p>\n","protected":false},"featured_media":2166,"comment_status":"open","ping_status":"closed","template":"","meta":{"_acf_changed":false},"product_brand":[],"product_cat":[],"product_tag":[],"class_list":{"0":"post-422","1":"product","2":"type-product","3":"status-publish","4":"has-post-thumbnail","6":"brand-the-skin-house","8":"first","9":"instock","10":"taxable","11":"shipping-taxable","12":"purchasable","13":"product-type-simple"},"bundle_layout":"","bundled_by":[],"bundled_items":[],"acf":[],"_links":{"self":[{"href":"https:\/\/meon.theskinhouse.ee\/ru\/wp-json\/wp\/v2\/product\/422","targetHints":{"allow":["GET"]}}],"collection":[{"href":"https:\/\/meon.theskinhouse.ee\/ru\/wp-json\/wp\/v2\/product"}],"about":[{"href":"https:\/\/meon.theskinhouse.ee\/ru\/wp-json\/wp\/v2\/types\/product"}],"replies":[{"embeddable":true,"href":"https:\/\/meon.theskinhouse.ee\/ru\/wp-json\/wp\/v2\/comments?post=422"}],"wp:featuredmedia":[{"embeddable":true,"href":"https:\/\/meon.theskinhouse.ee\/ru\/wp-json\/wp\/v2\/media\/2166"}],"wp:attachment":[{"href":"https:\/\/meon.theskinhouse.ee\/ru\/wp-json\/wp\/v2\/media?parent=422"}],"wp:term":[{"taxonomy":"product_brand","embeddable":true,"href":"https:\/\/meon.theskinhouse.ee\/ru\/wp-json\/wp\/v2\/product_brand?post=422"},{"taxonomy":"product_cat","embeddable":true,"href":"https:\/\/meon.theskinhouse.ee\/ru\/wp-json\/wp\/v2\/product_cat?post=422"},{"taxonomy":"product_tag","embeddable":true,"href":"https:\/\/meon.theskinhouse.ee\/ru\/wp-json\/wp\/v2\/product_tag?post=422"}],"curies":[{"name":"wp","href":"https:\/\/api.w.org\/{rel}","templated":true}]}}