{"id":420,"date":"2020-04-02T14:03:19","date_gmt":"2020-04-02T11:03:19","guid":{"rendered":"https:\/\/meon.theskinhouse.ee\/toode\/the-skin-house-marine-bounce-sleeping-pack-2\/"},"modified":"2026-04-10T00:50:01","modified_gmt":"2026-04-09T21:50:01","slug":"the-skin-house-marine-bounce-sleeping-pack-2","status":"publish","type":"product","link":"https:\/\/meon.theskinhouse.ee\/ru\/toode\/the-skin-house-marine-bounce-sleeping-pack-2\/","title":{"rendered":"The Skin House Marine Bounce Sleeping Pack"},"content":{"rendered":"<p>Marine Bounce Sleeping Pack &#8212; \u00f6\u00f6mask, mis sisaldab merekollageeni ja merevetikate ekstrakti, mis niisutavad nahka ning toidavad seda kollageeniga. Muudab naha v\u00e4rskeks ja elastseks. \u00d6\u00f6mask t\u00f6\u00f6tab siis, kui aktiveeruvad k\u00f5ik naha taastumisprotsessid &#8212; \u00f6\u00f6sel. Maskis sisalduvad efektiivsed koostisosad noorendavad nahka, rahustavad p\u00f5letikke, siluvad kortse, toidavad ja niisutavad nahka terve \u00f6\u00f6 jooksul.<\/p>\n<p>Merekollageen on oma struktuuri poolest k\u00f5ige sarnasem sellega, mida toodab inimorganism, seet\u00f5ttu omastab organism seda k\u00f5ige paremini. Kollageen takistab vee kadumist naharakkudest, t\u00e4nu millele on nahk seest t\u00e4idetud niiskusega. Kollageen pinguldab nahka ja stimuleerib naha taastumisprotsesse.<\/p>\n<p>Merevesi &#8212; Koostisesse kuuluv merevesi parandab naharakkude ainevahetust, vereringet, toidab nahka mikroelementidega, v\u00e4ljutab toksiine, niisutab.<\/p>\n<p>P\u00e4rliekstrakt &#8212; mask sisaldab ka p\u00e4rliekstrakti, mis on tugev antioks\u00fcdant ja aitab nahka noorendada. P\u00e4rliekstrakt parandab naha kaitsev\u00f5imet ja toidab naha s\u00fcgavamaid kihte.<\/p>\n<p>Merevetikad &#8212; pruunid, rohelised ja punased merevetikate ekstraktid imenduvad v\u00e4ga h\u00e4sti ja stimuleerivad naha kollageeni s\u00fcnteesi, t\u00e4nu sellele on neil kortse siluv ja pinguldav toime. Merevetikad rahustavad p\u00f5letikke ja \u00e4rritusi, aitavad h\u00e4sti akne, komedoonide ja p\u00f5letike korral.<\/p>\n<p><strong>Peamised koostisosad:<\/strong> merevesi, p\u00e4rliekstrakt, v\u00e4rtenja mariadru (Hizikia fusiforme) ekstrakt, rohevetika (Codium tomentosum ) ekstrakt, punavetika (Gelidium cartilagineum) ekstrakt<\/p>\n<p><strong>Kasutamine<\/strong><br \/>\nPuhastage n\u00e4gu toonikuga. Kandke sobiv kogus toodet \u00fchtlaselt n\u00e4ole. Hommikul loputage n\u00e4gu k\u00fclma veega.<\/p>\n<p><strong>Kogus:<\/strong> 100 ml<\/p>\n<p><strong>Sobilik:<\/strong> k\u00f5ik nahat\u00fc\u00fcbid<\/p>\n<p><strong>Koostis<\/strong><br \/>\nWater, Glycerin, Glyceryl polyacrylate, Dimethicone, Cyclomethicone, Dipropylene Glycol, 1,2-Hexanediol, PEG-240\/HDI Copolymer Bis-Decyltetradeceth-20 Ether, PPG-26-Buteth-26,&nbsp;PEG-40 Hydrogenated Castor Oil, Potassium Hydroxide, Hydrolyzed Collagen, Styrene\/VP Copolymer, Carbomer, Sea Water, Pearl Extract, Butylene Glycol, Ecklonia Cava Extract,&nbsp;Hizikia Fusiforme Extract, Codium Tomentosum Extract, Gelidium Cartilagineum Extract, Disodium EDTA, Ethylhexylglycerin, Perfume<\/p>\n","protected":false},"excerpt":{"rendered":"<p>Marine Bounce Sleeping Pack &#8212; \u00f6\u00f6mask, mis sisaldab merekollageeni ja merevetikate ekstrakti, mis niisutavad nahka ning toidavad seda kollageeniga. Muudab naha v\u00e4rskeks ja elastseks. \u00d6\u00f6mask t\u00f6\u00f6tab siis, kui aktiveeruvad k\u00f5ik naha taastumisprotsessid &#8212; \u00f6\u00f6sel. Maskis sisalduvad efektiivsed koostisosad noorendavad nahka, rahustavad p\u00f5letikke, siluvad kortse, toidavad ja niisutavad nahka terve \u00f6\u00f6 jooksul. Merekollageen on oma struktuuri [&hellip;]<\/p>\n","protected":false},"featured_media":1713,"comment_status":"open","ping_status":"closed","template":"","meta":{"_acf_changed":false},"product_brand":[],"product_cat":[],"product_tag":[],"class_list":{"0":"post-420","1":"product","2":"type-product","3":"status-publish","4":"has-post-thumbnail","6":"brand-the-skin-house","8":"first","9":"instock","10":"taxable","11":"shipping-taxable","12":"purchasable","13":"product-type-simple"},"bundle_layout":"","bundled_by":[],"bundled_items":[],"acf":[],"_links":{"self":[{"href":"https:\/\/meon.theskinhouse.ee\/ru\/wp-json\/wp\/v2\/product\/420","targetHints":{"allow":["GET"]}}],"collection":[{"href":"https:\/\/meon.theskinhouse.ee\/ru\/wp-json\/wp\/v2\/product"}],"about":[{"href":"https:\/\/meon.theskinhouse.ee\/ru\/wp-json\/wp\/v2\/types\/product"}],"replies":[{"embeddable":true,"href":"https:\/\/meon.theskinhouse.ee\/ru\/wp-json\/wp\/v2\/comments?post=420"}],"wp:featuredmedia":[{"embeddable":true,"href":"https:\/\/meon.theskinhouse.ee\/ru\/wp-json\/wp\/v2\/media\/1713"}],"wp:attachment":[{"href":"https:\/\/meon.theskinhouse.ee\/ru\/wp-json\/wp\/v2\/media?parent=420"}],"wp:term":[{"taxonomy":"product_brand","embeddable":true,"href":"https:\/\/meon.theskinhouse.ee\/ru\/wp-json\/wp\/v2\/product_brand?post=420"},{"taxonomy":"product_cat","embeddable":true,"href":"https:\/\/meon.theskinhouse.ee\/ru\/wp-json\/wp\/v2\/product_cat?post=420"},{"taxonomy":"product_tag","embeddable":true,"href":"https:\/\/meon.theskinhouse.ee\/ru\/wp-json\/wp\/v2\/product_tag?post=420"}],"curies":[{"name":"wp","href":"https:\/\/api.w.org\/{rel}","templated":true}]}}