{"id":4176,"date":"2023-03-29T15:55:03","date_gmt":"2023-03-29T12:55:03","guid":{"rendered":"https:\/\/meon.theskinhouse.ee\/toode\/cosrx-pure-fit-cica-serum-2\/"},"modified":"2026-04-10T07:25:02","modified_gmt":"2026-04-10T04:25:02","slug":"cosrx-pure-fit-cica-serum-2","status":"publish","type":"product","link":"https:\/\/meon.theskinhouse.ee\/ru\/toode\/cosrx-pure-fit-cica-serum-2\/","title":{"rendered":"Cosrx Pure Fit Cica Serum"},"content":{"rendered":"<p>Kontsentreeritud niisutav ja nahka rahustav n\u00e4oseerum aasia vesinaba kompleksiga. Sobib eriti h\u00e4sti kuivale, tundlikule ja \u00e4rritunud nahale, aga ka teistele nahat\u00fc\u00fcpidele, mis vajavad niisutust. L\u00f5hnavaba ja sobib veganitele. Sisaldab Cica-7 kompleksit, mis p\u00f5hineb aasia vesinaba ekstraktil, mis on tuntud kui suurep\u00e4rane nahka rahustav ja niisutav koostisosa. Seerum tugevdab naha enda vastupanuv\u00f5imet, t\u00e4nu millele v\u00e4henevad naha liigne tundlikkus ja \u00e4rritused.<\/p>\n<p><strong>Kasutamine<\/strong><br \/>\nKandke seerum puhtalt n\u00e4onahale, laske imenduda. Seej\u00e4rel v\u00f5ib kasutada n\u00e4okreemi.<\/p>\n<p><strong>Kogus<\/strong>: 30ml<\/p>\n<p><strong>Koostis<\/strong><br \/>\nCentella AsiaticaExtract, Centella Asiatica Leaf Extract, Centella AsiaticaRoot Extract, Butylene Glycol, Glycerin, 1,2-Hexanediol, Betaine, Panthenol, Hydroxyethyl Acrylate\/Sodium Acryloyldimethyl TaurateCopolymer, Polyglyceryl10 Laurate, Polyglyceryl-10 Myristate, Sodium Hyaluronate, Allantoin, Ethylhexylglycerin, Xanthan Gum, Water, Pinus Pinaster Bark Extract, Asiaticoside, Asiatic Acid, MadecassicAcid, Madecassoside<br \/>\n&nbsp;<\/p>\n","protected":false},"excerpt":{"rendered":"<p>Kontsentreeritud niisutav ja nahka rahustav n\u00e4oseerum aasia vesinaba kompleksiga. Sobib eriti h\u00e4sti kuivale, tundlikule ja \u00e4rritunud nahale, aga ka teistele nahat\u00fc\u00fcpidele, mis vajavad niisutust. L\u00f5hnavaba ja sobib veganitele. Sisaldab Cica-7 kompleksit, mis p\u00f5hineb aasia vesinaba ekstraktil, mis on tuntud kui suurep\u00e4rane nahka rahustav ja niisutav koostisosa. Seerum tugevdab naha enda vastupanuv\u00f5imet, t\u00e4nu millele v\u00e4henevad naha [&hellip;]<\/p>\n","protected":false},"featured_media":5276,"comment_status":"open","ping_status":"closed","template":"","meta":{"_acf_changed":false},"product_brand":[],"product_cat":[],"product_tag":[],"class_list":{"0":"post-4176","1":"product","2":"type-product","3":"status-publish","4":"has-post-thumbnail","6":"brand-cosrx","8":"first","9":"instock","10":"taxable","11":"shipping-taxable","12":"purchasable","13":"product-type-simple"},"bundle_layout":"","bundled_by":[],"bundled_items":[],"acf":[],"_links":{"self":[{"href":"https:\/\/meon.theskinhouse.ee\/ru\/wp-json\/wp\/v2\/product\/4176","targetHints":{"allow":["GET"]}}],"collection":[{"href":"https:\/\/meon.theskinhouse.ee\/ru\/wp-json\/wp\/v2\/product"}],"about":[{"href":"https:\/\/meon.theskinhouse.ee\/ru\/wp-json\/wp\/v2\/types\/product"}],"replies":[{"embeddable":true,"href":"https:\/\/meon.theskinhouse.ee\/ru\/wp-json\/wp\/v2\/comments?post=4176"}],"wp:featuredmedia":[{"embeddable":true,"href":"https:\/\/meon.theskinhouse.ee\/ru\/wp-json\/wp\/v2\/media\/5276"}],"wp:attachment":[{"href":"https:\/\/meon.theskinhouse.ee\/ru\/wp-json\/wp\/v2\/media?parent=4176"}],"wp:term":[{"taxonomy":"product_brand","embeddable":true,"href":"https:\/\/meon.theskinhouse.ee\/ru\/wp-json\/wp\/v2\/product_brand?post=4176"},{"taxonomy":"product_cat","embeddable":true,"href":"https:\/\/meon.theskinhouse.ee\/ru\/wp-json\/wp\/v2\/product_cat?post=4176"},{"taxonomy":"product_tag","embeddable":true,"href":"https:\/\/meon.theskinhouse.ee\/ru\/wp-json\/wp\/v2\/product_tag?post=4176"}],"curies":[{"name":"wp","href":"https:\/\/api.w.org\/{rel}","templated":true}]}}