{"id":4174,"date":"2023-03-29T15:55:03","date_gmt":"2023-03-29T12:55:03","guid":{"rendered":"https:\/\/meon.theskinhouse.ee\/toode\/cosrx-pure-fit-cica-cream-2\/"},"modified":"2026-04-10T07:25:02","modified_gmt":"2026-04-10T04:25:02","slug":"cosrx-pure-fit-cica-cream-2","status":"publish","type":"product","link":"https:\/\/meon.theskinhouse.ee\/ru\/toode\/cosrx-pure-fit-cica-cream-2\/","title":{"rendered":"Cosrx Pure Fit Cica Cream"},"content":{"rendered":"<p>Toitev, niisutav ja rahustav n\u00e4okreem, mis sisaldab rohkelt nahka niisutavaid ja rahustavaid koostisosi. Sobib eriti h\u00e4sti tundlikule nahale, aga ka k\u00f5ikidele teistele nahat\u00fc\u00fcpidele, mis vajavad niisutust ja rahustamist. Kreem on m\u00f5nusa kreemja tekstuuriga, imendub v\u00e4ga h\u00e4sti ning on l\u00e4binud dermatoloogilised testid. Sisaldab Cica-7 kompleksit, mis p\u00f5hineb aasia vesinaba ekstraktil, mis on tuntud kui suurep\u00e4rane nahka rahustav ja niisutav koostisosa. Kreem tugevdab naha enda vastupanuv\u00f5imet, t\u00e4nu millele v\u00e4henevad naha liigne tundlikkus ja \u00e4rritused.<\/p>\n<p><strong>Kasutamine<\/strong><br \/>\nKandke kreem puhtale n\u00e4onahale viimase nahahoolduse etapina.<\/p>\n<p><strong>Kogus<\/strong>: 50ml<\/p>\n<p><strong>Koostis<\/strong><br \/>\nCentella Asiatica Extract, Centella Asiatica Leaf Extract, Centella Asiatica Root Extract, Butylene Glycol, Glycerin, Helianthus Annuus (Sunflower) Seed Oil, Caprylic\/Capric Triglyceride, 1,2-Hexanediol, Cetearyl Olivate, Sorbitan Olivate, Triethylhexanoin, Macadamia Ternifolia Seed Oil, Beeswax, Panthenol, Cetearyl Alcohol, Ethylhexylglycerin, Hydroxyethyl Acrylate\/Sodium Acryloyldimethyl Taurate Copolymer,Cyclohexasiloxane, Asiaticoside, Madecassic Acid, Asiatic Acid, Arginine, Madecassoside, Allantoin, Carbomer, Dimethicone\/Vinyl Dimethicone Crosspolymer, Sodium Hyaluronate, Water, Pinus Pinaster Bark Extract<br \/>\n&nbsp;<\/p>\n","protected":false},"excerpt":{"rendered":"<p>Toitev, niisutav ja rahustav n\u00e4okreem, mis sisaldab rohkelt nahka niisutavaid ja rahustavaid koostisosi. Sobib eriti h\u00e4sti tundlikule nahale, aga ka k\u00f5ikidele teistele nahat\u00fc\u00fcpidele, mis vajavad niisutust ja rahustamist. Kreem on m\u00f5nusa kreemja tekstuuriga, imendub v\u00e4ga h\u00e4sti ning on l\u00e4binud dermatoloogilised testid. Sisaldab Cica-7 kompleksit, mis p\u00f5hineb aasia vesinaba ekstraktil, mis on tuntud kui suurep\u00e4rane nahka [&hellip;]<\/p>\n","protected":false},"featured_media":5280,"comment_status":"open","ping_status":"closed","template":"","meta":{"_acf_changed":false},"product_brand":[],"product_cat":[],"product_tag":[],"class_list":{"0":"post-4174","1":"product","2":"type-product","3":"status-publish","4":"has-post-thumbnail","6":"brand-cosrx","8":"first","9":"outofstock","10":"taxable","11":"shipping-taxable","12":"purchasable","13":"product-type-simple"},"bundle_layout":"","bundled_by":[],"bundled_items":[],"acf":[],"_links":{"self":[{"href":"https:\/\/meon.theskinhouse.ee\/ru\/wp-json\/wp\/v2\/product\/4174","targetHints":{"allow":["GET"]}}],"collection":[{"href":"https:\/\/meon.theskinhouse.ee\/ru\/wp-json\/wp\/v2\/product"}],"about":[{"href":"https:\/\/meon.theskinhouse.ee\/ru\/wp-json\/wp\/v2\/types\/product"}],"replies":[{"embeddable":true,"href":"https:\/\/meon.theskinhouse.ee\/ru\/wp-json\/wp\/v2\/comments?post=4174"}],"wp:featuredmedia":[{"embeddable":true,"href":"https:\/\/meon.theskinhouse.ee\/ru\/wp-json\/wp\/v2\/media\/5280"}],"wp:attachment":[{"href":"https:\/\/meon.theskinhouse.ee\/ru\/wp-json\/wp\/v2\/media?parent=4174"}],"wp:term":[{"taxonomy":"product_brand","embeddable":true,"href":"https:\/\/meon.theskinhouse.ee\/ru\/wp-json\/wp\/v2\/product_brand?post=4174"},{"taxonomy":"product_cat","embeddable":true,"href":"https:\/\/meon.theskinhouse.ee\/ru\/wp-json\/wp\/v2\/product_cat?post=4174"},{"taxonomy":"product_tag","embeddable":true,"href":"https:\/\/meon.theskinhouse.ee\/ru\/wp-json\/wp\/v2\/product_tag?post=4174"}],"curies":[{"name":"wp","href":"https:\/\/api.w.org\/{rel}","templated":true}]}}