{"id":4170,"date":"2023-03-27T14:10:03","date_gmt":"2023-03-27T11:10:03","guid":{"rendered":"https:\/\/meon.theskinhouse.ee\/toode\/coxir-black-snail-starter-kit-2\/"},"modified":"2026-04-10T07:25:02","modified_gmt":"2026-04-10T04:25:02","slug":"coxir-black-snail-starter-kit-2","status":"publish","type":"product","link":"https:\/\/meon.theskinhouse.ee\/ru\/toode\/coxir-black-snail-starter-kit-2\/","title":{"rendered":"COXIR Black Snail Starter Kit"},"content":{"rendered":"<p>Minitoodete nahahooldustoodete komplekt, mis sisaldab:<br \/>\nGreen Tea pH Cleanser 30ml &#8212; pehme kreemjas n\u00e4opesugeel rohelise teega<br \/>\nBlack Snail Collagen Toner 30ml &#8212; kolm \u00fches vananemisvastane ja niisutav toonik teolima ja kollageeniga<br \/>\nBlack Snail Collagen Serum 15ml &#8212; niisutav ja kortsuvastane n\u00e4oseerum teolima ja kollageeniga<br \/>\nBlack Snail Collagen Cream 20ml &#8212; niisutav ja kortsuvastane n\u00e4okreem teolima ja kollageeniga<\/p>\n<p><strong>Kasutamine<\/strong><br \/>\nAjage n\u00e4opesugeel k\u00e4te vahel vahule ja peske sellega n\u00e4gu. Seej\u00e4rel kandke n\u00e4ole toonik ja laske imenduda. P\u00e4rast toonikut kasutage seerumit ja viimase n\u00e4ohooldusetapina n\u00e4okreemi.<br \/>\n&nbsp;<\/p>\n","protected":false},"excerpt":{"rendered":"<p>Minitoodete nahahooldustoodete komplekt, mis sisaldab: Green Tea pH Cleanser 30ml &#8212; pehme kreemjas n\u00e4opesugeel rohelise teega Black Snail Collagen Toner 30ml &#8212; kolm \u00fches vananemisvastane ja niisutav toonik teolima ja kollageeniga Black Snail Collagen Serum 15ml &#8212; niisutav ja kortsuvastane n\u00e4oseerum teolima ja kollageeniga Black Snail Collagen Cream 20ml &#8212; niisutav ja kortsuvastane n\u00e4okreem teolima [&hellip;]<\/p>\n","protected":false},"featured_media":5260,"comment_status":"open","ping_status":"closed","template":"","meta":{"_acf_changed":false},"product_brand":[],"product_cat":[],"product_tag":[],"class_list":{"0":"post-4170","1":"product","2":"type-product","3":"status-publish","4":"has-post-thumbnail","6":"brand-coxir","8":"first","9":"instock","10":"taxable","11":"shipping-taxable","12":"purchasable","13":"product-type-simple"},"bundle_layout":"","bundled_by":[],"bundled_items":[],"acf":[],"_links":{"self":[{"href":"https:\/\/meon.theskinhouse.ee\/ru\/wp-json\/wp\/v2\/product\/4170","targetHints":{"allow":["GET"]}}],"collection":[{"href":"https:\/\/meon.theskinhouse.ee\/ru\/wp-json\/wp\/v2\/product"}],"about":[{"href":"https:\/\/meon.theskinhouse.ee\/ru\/wp-json\/wp\/v2\/types\/product"}],"replies":[{"embeddable":true,"href":"https:\/\/meon.theskinhouse.ee\/ru\/wp-json\/wp\/v2\/comments?post=4170"}],"wp:featuredmedia":[{"embeddable":true,"href":"https:\/\/meon.theskinhouse.ee\/ru\/wp-json\/wp\/v2\/media\/5260"}],"wp:attachment":[{"href":"https:\/\/meon.theskinhouse.ee\/ru\/wp-json\/wp\/v2\/media?parent=4170"}],"wp:term":[{"taxonomy":"product_brand","embeddable":true,"href":"https:\/\/meon.theskinhouse.ee\/ru\/wp-json\/wp\/v2\/product_brand?post=4170"},{"taxonomy":"product_cat","embeddable":true,"href":"https:\/\/meon.theskinhouse.ee\/ru\/wp-json\/wp\/v2\/product_cat?post=4170"},{"taxonomy":"product_tag","embeddable":true,"href":"https:\/\/meon.theskinhouse.ee\/ru\/wp-json\/wp\/v2\/product_tag?post=4170"}],"curies":[{"name":"wp","href":"https:\/\/api.w.org\/{rel}","templated":true}]}}