{"id":412,"date":"2020-04-02T14:03:18","date_gmt":"2020-04-02T11:03:18","guid":{"rendered":"https:\/\/meon.theskinhouse.ee\/toode\/the-skin-house-rose-heaven-cream-2\/"},"modified":"2026-04-10T00:50:01","modified_gmt":"2026-04-09T21:50:01","slug":"the-skin-house-rose-heaven-cream-2","status":"publish","type":"product","link":"https:\/\/meon.theskinhouse.ee\/ru\/toode\/the-skin-house-rose-heaven-cream-2\/","title":{"rendered":"The Skin House Rose Heaven Cream"},"content":{"rendered":"<p>Vananemisvastase toitev n\u00e4okreem.<\/p>\n<p>Sisaldab v\u00e4rske roosi ja kibuvitsamarja\u00f5li, mis aitavad nahka helestada ning v\u00f5idelda naha vananemise ja kortsudega. Muudab naha pehmeks, s\u00e4ravaks ja niisutatuks, \u00fchtlasi parandab naha tooni, tekstuuri ja elastsust. Kreem kaitseb nahka negatiivsete v\u00e4lism\u00f5jude eest, muudab naha tervemaks ja toidab erinevate toitainetega.<\/p>\n<p><strong>Peamised koostisosad:<\/strong> roosi\u00f5liekstrakt, koer-kibuvitsamarja (Rosa canina) \u00f5li, valge\u00f5ielise pojengi (Paeonia lactiflora) mahlaekstrakt, alpi j\u00e4nesek\u00e4pa (Leontopodium alpinum) ekstrakt, adenosiin, niatsiinamiid<\/p>\n<p><strong>Kasutamine<\/strong><br \/>\nP\u00e4rast puhastamist pehmendage nahka toonikuga. Kandke seerum v\u00f5i emulsioon n\u00e4ole ja laske imenduda. Kandke seej\u00e4rel v\u00e4ike kogus kreemi \u00fchtlaselt n\u00e4ole.<\/p>\n<p><strong>Kogus:<\/strong> 50 ml<\/p>\n<p><strong>Sobilik: <\/strong>k\u00f5ik nahat\u00fc\u00fcbid, eriti vananemise ennetamiseks ja algavate vananemistunnustega.<\/p>\n<p><strong>Koostis<\/strong><br \/>\nWater, Butyrospermum Parkii (Shea Butter), Caprylic\/Capric Triglyceride, Squalane, Stearic Acid, Isohexadecane, Carbomer, Butylene glycol, Glycerin, Sorbitan Stearate, Sucrose Cocoate,&nbsp;Cetearyl Alcohol, Ozokerite, 1,2-Hexanediol, Niacinamide, Sodium Hyaluronate, Glyceryl polyacrylate, Dimethicone, Cyclomethicone, Polyglyceryl-3 Methylglucose Distearate, Betaine,&nbsp;Raffinose, Inositol, Hyaluronic Acid, Histidine, Glutamine, Lysine, Arginine, Cysteine, Caprylyl Glycol, Rosa Canina Fruit Oil, Rose Extract, Hyssopus Officinalis Extract, Myrciaria Dubia Fruit Extract, Malpighia Emarginata (Acerola) Fruit Extract, Paeonia Lactiflora Bark\/Sap Extract, Chrysanthemum Indicum Flower Extract, Leontopodium alpinum extract, Lonicera Japonica (Honeysuckle) Flower Extract, Lilium Tigrinum Extract, Malva Sylvestris (Mallow) Flower Extract, Thymus Vulgaris (Thyme) Extract, Theobroma Cacao (Cocoa) Extract, Adenosine, Ethylhexylglycerin, Perfume<\/p>\n","protected":false},"excerpt":{"rendered":"<p>Vananemisvastase toitev n\u00e4okreem. Sisaldab v\u00e4rske roosi ja kibuvitsamarja\u00f5li, mis aitavad nahka helestada ning v\u00f5idelda naha vananemise ja kortsudega. Muudab naha pehmeks, s\u00e4ravaks ja niisutatuks, \u00fchtlasi parandab naha tooni, tekstuuri ja elastsust. Kreem kaitseb nahka negatiivsete v\u00e4lism\u00f5jude eest, muudab naha tervemaks ja toidab erinevate toitainetega. Peamised koostisosad: roosi\u00f5liekstrakt, koer-kibuvitsamarja (Rosa canina) \u00f5li, valge\u00f5ielise pojengi (Paeonia lactiflora) [&hellip;]<\/p>\n","protected":false},"featured_media":1725,"comment_status":"open","ping_status":"closed","template":"","meta":{"_acf_changed":false},"product_brand":[],"product_cat":[],"product_tag":[],"class_list":{"0":"post-412","1":"product","2":"type-product","3":"status-publish","4":"has-post-thumbnail","6":"brand-the-skin-house","8":"first","9":"outofstock","10":"taxable","11":"shipping-taxable","12":"purchasable","13":"product-type-simple"},"bundle_layout":"","bundled_by":[],"bundled_items":[],"acf":[],"_links":{"self":[{"href":"https:\/\/meon.theskinhouse.ee\/ru\/wp-json\/wp\/v2\/product\/412","targetHints":{"allow":["GET"]}}],"collection":[{"href":"https:\/\/meon.theskinhouse.ee\/ru\/wp-json\/wp\/v2\/product"}],"about":[{"href":"https:\/\/meon.theskinhouse.ee\/ru\/wp-json\/wp\/v2\/types\/product"}],"replies":[{"embeddable":true,"href":"https:\/\/meon.theskinhouse.ee\/ru\/wp-json\/wp\/v2\/comments?post=412"}],"wp:featuredmedia":[{"embeddable":true,"href":"https:\/\/meon.theskinhouse.ee\/ru\/wp-json\/wp\/v2\/media\/1725"}],"wp:attachment":[{"href":"https:\/\/meon.theskinhouse.ee\/ru\/wp-json\/wp\/v2\/media?parent=412"}],"wp:term":[{"taxonomy":"product_brand","embeddable":true,"href":"https:\/\/meon.theskinhouse.ee\/ru\/wp-json\/wp\/v2\/product_brand?post=412"},{"taxonomy":"product_cat","embeddable":true,"href":"https:\/\/meon.theskinhouse.ee\/ru\/wp-json\/wp\/v2\/product_cat?post=412"},{"taxonomy":"product_tag","embeddable":true,"href":"https:\/\/meon.theskinhouse.ee\/ru\/wp-json\/wp\/v2\/product_tag?post=412"}],"curies":[{"name":"wp","href":"https:\/\/api.w.org\/{rel}","templated":true}]}}