{"id":4084,"date":"2023-02-03T09:35:06","date_gmt":"2023-02-03T07:35:06","guid":{"rendered":"https:\/\/meon.theskinhouse.ee\/toode\/mizon-pore-fresh-deep-cleansing-bubble-mask-25g-2\/"},"modified":"2026-04-10T07:00:03","modified_gmt":"2026-04-10T04:00:03","slug":"mizon-pore-fresh-deep-cleansing-bubble-mask-25g-2","status":"publish","type":"product","link":"https:\/\/meon.theskinhouse.ee\/ru\/toode\/mizon-pore-fresh-deep-cleansing-bubble-mask-25g-2\/","title":{"rendered":"Mizon Pore Fresh Deep Cleansing Bubble Mask"},"content":{"rendered":"<p>Vahutav s\u00fcgavpuhastav kangasmask, mis moodustab nahale kogukad ja tihked mullid, mis aitavad puhastada poore mustusest ja surnud naharakkudest.<strong> <\/strong>S\u00fcgavpuhastav mask eemaldab meigi j\u00e4\u00e4gid ja mustuse nahalt ning j\u00e4tab naha puhtaks. Tihked ent pehmed mullid tekivad p\u00e4rast maski asetamist n\u00e4ole ja eemaldavad efektiivselt s\u00fcgavale pooridesse tunginud mustuse, seejuures nahka \u00e4rritamata. T\u00e4nu AHA hapetele ja viinamarjaseemne\u00f5lile eemaldab mask ka surnud naharakke, t\u00e4nu millele muutub nahk siledamaks ja meik p\u00fcsib n\u00e4os paremini. Mullitamine on nagu mikromassaa\u017e nahale, mis parandab naha vereringet. Dermatoloogiliselt testitud, sobib ka tundlikule nahale.<\/p>\n<p><strong>Kasutamine: <\/strong>Asetage mask kuivale ja puhtale nahale. (Mitte kanda meigi peale.) Eemaldage mask 10-15 minuti m\u00f6\u00f6dumisel, kui hakkavad tekkima mullid. Masseerige mullidega \u00f5rnalt nahka. Mida rohkem masseerite, seda kogukamaks mullid l\u00e4hevad. P\u00e4rast p\u00f5hjalikku massaa\u017ei loputa leige veega.<\/p>\n<p><strong>Koostis: <\/strong>Water, Dipropylene Glycol, Disiloxane, Acrylates Copolymer, 1,2-Hexanediol, Potassium Cocoyl Glycinate, Disodium Cocoamphodiacetate, Arginine, Sodium Chloride, Sodium Cocoyl Apple Amino Acids, Cellulose Gum, Ethylhexylglycerin, Hexylene Glycol, Polyquaternium-39, Disodium EDTA, Tetrasodium Glutamate Diacetate, Sodium Benzoate, Vitis Vinifera (Grape) Seed Oil, Tocopherol&nbsp;<br \/>&nbsp;<\/p>\n","protected":false},"excerpt":{"rendered":"<p>Vahutav s\u00fcgavpuhastav kangasmask, mis moodustab nahale kogukad ja tihked mullid, mis aitavad puhastada poore mustusest ja surnud naharakkudest. S\u00fcgavpuhastav mask eemaldab meigi j\u00e4\u00e4gid ja mustuse nahalt ning j\u00e4tab naha puhtaks. Tihked ent pehmed mullid tekivad p\u00e4rast maski asetamist n\u00e4ole ja eemaldavad efektiivselt s\u00fcgavale pooridesse tunginud mustuse, seejuures nahka \u00e4rritamata. T\u00e4nu AHA hapetele ja viinamarjaseemne\u00f5lile eemaldab [&hellip;]<\/p>\n","protected":false},"featured_media":4738,"comment_status":"open","ping_status":"closed","template":"","meta":{"_acf_changed":false},"product_brand":[],"product_cat":[],"product_tag":[],"class_list":{"0":"post-4084","1":"product","2":"type-product","3":"status-publish","4":"has-post-thumbnail","6":"brand-mizon","8":"first","9":"instock","10":"taxable","11":"shipping-taxable","12":"purchasable","13":"product-type-simple"},"bundle_layout":"","bundled_by":[],"bundled_items":[],"acf":[],"_links":{"self":[{"href":"https:\/\/meon.theskinhouse.ee\/ru\/wp-json\/wp\/v2\/product\/4084","targetHints":{"allow":["GET"]}}],"collection":[{"href":"https:\/\/meon.theskinhouse.ee\/ru\/wp-json\/wp\/v2\/product"}],"about":[{"href":"https:\/\/meon.theskinhouse.ee\/ru\/wp-json\/wp\/v2\/types\/product"}],"replies":[{"embeddable":true,"href":"https:\/\/meon.theskinhouse.ee\/ru\/wp-json\/wp\/v2\/comments?post=4084"}],"wp:featuredmedia":[{"embeddable":true,"href":"https:\/\/meon.theskinhouse.ee\/ru\/wp-json\/wp\/v2\/media\/4738"}],"wp:attachment":[{"href":"https:\/\/meon.theskinhouse.ee\/ru\/wp-json\/wp\/v2\/media?parent=4084"}],"wp:term":[{"taxonomy":"product_brand","embeddable":true,"href":"https:\/\/meon.theskinhouse.ee\/ru\/wp-json\/wp\/v2\/product_brand?post=4084"},{"taxonomy":"product_cat","embeddable":true,"href":"https:\/\/meon.theskinhouse.ee\/ru\/wp-json\/wp\/v2\/product_cat?post=4084"},{"taxonomy":"product_tag","embeddable":true,"href":"https:\/\/meon.theskinhouse.ee\/ru\/wp-json\/wp\/v2\/product_tag?post=4084"}],"curies":[{"name":"wp","href":"https:\/\/api.w.org\/{rel}","templated":true}]}}