{"id":392,"date":"2020-04-02T14:03:17","date_gmt":"2020-04-02T11:03:17","guid":{"rendered":"https:\/\/meon.theskinhouse.ee\/toode\/the-skin-house-vital-bright-cream-tester-2\/"},"modified":"2026-02-23T07:10:02","modified_gmt":"2026-02-23T05:10:02","slug":"the-skin-house-vital-bright-cream-tester-2","status":"publish","type":"product","link":"https:\/\/meon.theskinhouse.ee\/ru\/toode\/the-skin-house-vital-bright-cream-tester-2\/","title":{"rendered":"The Skin House Vital Bright Cream Tester"},"content":{"rendered":"<p>TESTER<\/p>\n<p>Vitamiinirikas helestav ja niisutav n\u00e4okreem, mis imendub kiirelt. Salat-euterpepalmi mari, sidrun, mustikas ja mooruspuu helestavad nahka seda \u00e4rritamata ja kuivatamata. Kreem on rikkaliku niisutava toimega ning j\u00e4tab nahale v\u00e4rske tunde. Vitamiinikoostisosad elavdavad nahatooni.<\/p>\n<p>Peamised koostisosad: sidrunimahl (Citrus medica limonum), salat-euterpepalmi (Euterpe oleracea) viljaekstrakt, ahtalehelise mustika (Vaccinium angustifolium) ekstrakt, valge mooruspuu (Morus alba) viljaekstrakt, maguskirsi (Prunus avium) ekstrakt<\/p>\n<p><strong>Kasutamine<\/strong><br \/>\nPuhastage nahk ning pehmendage seda toonikuga. Seej\u00e4rel kasutage soovitavalt seerumit ja emulsiooni. P\u00e4rast seda kandke v\u00e4ike kogus kreemi \u00fchtlaselt n\u00e4ole.<\/p>\n<p><strong>Kogus<\/strong>: 2 ml<br \/>\n<strong>Sobilik<\/strong>: k\u00f5ik nahat\u00fc\u00fcbid<\/p>\n","protected":false},"excerpt":{"rendered":"<p>TESTER Vitamiinirikas helestav ja niisutav n\u00e4okreem, mis imendub kiirelt. Salat-euterpepalmi mari, sidrun, mustikas ja mooruspuu helestavad nahka seda \u00e4rritamata ja kuivatamata. Kreem on rikkaliku niisutava toimega ning j\u00e4tab nahale v\u00e4rske tunde. Vitamiinikoostisosad elavdavad nahatooni. Peamised koostisosad: sidrunimahl (Citrus medica limonum), salat-euterpepalmi (Euterpe oleracea) viljaekstrakt, ahtalehelise mustika (Vaccinium angustifolium) ekstrakt, valge mooruspuu (Morus alba) viljaekstrakt, maguskirsi [&hellip;]<\/p>\n","protected":false},"featured_media":2150,"comment_status":"open","ping_status":"closed","template":"","meta":{"_acf_changed":false},"product_brand":[],"product_cat":[],"product_tag":[],"class_list":{"0":"post-392","1":"product","2":"type-product","3":"status-publish","4":"has-post-thumbnail","6":"brand-the-skin-house","8":"first","9":"instock","10":"taxable","11":"shipping-taxable","12":"purchasable","13":"product-type-simple"},"bundle_layout":"","bundled_by":[],"bundled_items":[],"acf":[],"_links":{"self":[{"href":"https:\/\/meon.theskinhouse.ee\/ru\/wp-json\/wp\/v2\/product\/392","targetHints":{"allow":["GET"]}}],"collection":[{"href":"https:\/\/meon.theskinhouse.ee\/ru\/wp-json\/wp\/v2\/product"}],"about":[{"href":"https:\/\/meon.theskinhouse.ee\/ru\/wp-json\/wp\/v2\/types\/product"}],"replies":[{"embeddable":true,"href":"https:\/\/meon.theskinhouse.ee\/ru\/wp-json\/wp\/v2\/comments?post=392"}],"wp:featuredmedia":[{"embeddable":true,"href":"https:\/\/meon.theskinhouse.ee\/ru\/wp-json\/wp\/v2\/media\/2150"}],"wp:attachment":[{"href":"https:\/\/meon.theskinhouse.ee\/ru\/wp-json\/wp\/v2\/media?parent=392"}],"wp:term":[{"taxonomy":"product_brand","embeddable":true,"href":"https:\/\/meon.theskinhouse.ee\/ru\/wp-json\/wp\/v2\/product_brand?post=392"},{"taxonomy":"product_cat","embeddable":true,"href":"https:\/\/meon.theskinhouse.ee\/ru\/wp-json\/wp\/v2\/product_cat?post=392"},{"taxonomy":"product_tag","embeddable":true,"href":"https:\/\/meon.theskinhouse.ee\/ru\/wp-json\/wp\/v2\/product_tag?post=392"}],"curies":[{"name":"wp","href":"https:\/\/api.w.org\/{rel}","templated":true}]}}