{"id":388,"date":"2020-04-02T14:03:17","date_gmt":"2020-04-02T11:03:17","guid":{"rendered":"https:\/\/meon.theskinhouse.ee\/toode\/the-skin-house-vital-bright-eye-cream-2\/"},"modified":"2026-01-14T15:25:03","modified_gmt":"2026-01-14T13:25:03","slug":"the-skin-house-vital-bright-eye-cream-2","status":"publish","type":"product","link":"https:\/\/meon.theskinhouse.ee\/ru\/toode\/the-skin-house-vital-bright-eye-cream-2\/","title":{"rendered":"The Skin House Vital Bright Eye Cream"},"content":{"rendered":"<p>Vitamiinirikas helestav ja niisutav silmakreem, mis imendub kiirelt ja toidab nahka vitamiinidega. Salat-euterpepalmi mari, sidrun, mustikas ja mooruspuu helestavad nahka seda \u00e4rritamata ja kuivatamata. Kreem on rikkaliku niisutava toimega ning j\u00e4tab nahale v\u00e4rske tunde. Vitamiinikoostisosad elavdavad nahatooni. Sobib v\u00e4ga h\u00e4sti tumedate silmaaluste helestamiseks ja v\u00e4rskendamiseks.<\/p>\n<p><strong>Peamised koostisosad:<\/strong> sidrunimahl (Citrus medica limonum), salat-euterpepalmi (Euterpe oleracea) viljaekstrakt, ahtalehelise mustika (Vaccinium angustifolium) ekstrakt, valge mooruspuu (Morus alba) viljaekstrakt, maguskirsi (Prunus avium) ekstrakt<\/p>\n<p><strong>Kasutamine<\/strong><br \/>\nKandke v\u00e4ike kogus silmakreemi eelnevalt puhastatud nahale ja hajutage kuni imendumiseni.<\/p>\n<p><strong>Kogus<\/strong>: 30 ml<\/p>\n<p><strong>Sobilik:<\/strong> k\u00f5ik nahat\u00fc\u00fcbid<\/p>\n<p><strong>Koostis<\/strong><br \/>\nWater,&nbsp;Butylene glycol,&nbsp;Sodium Hyaluronate,&nbsp;Cetyl Ethylhexanoate,&nbsp;Cyclomethicone,&nbsp;Stearic Acid,&nbsp;Isohexadecane,&nbsp;Butylene Glycol Dicaprylate\/Dicaprate,&nbsp;Cetearyl Alcohol,&nbsp;Niacinamide,&nbsp;Beeswax,&nbsp;Sorbitan Stearate,&nbsp;Squalane,&nbsp;1,2-Hexanediol,&nbsp;Glycerin,&nbsp;Arachidyl Alcohol,&nbsp;Behenyl Alcohol,&nbsp;Arachidyl Glucoside,&nbsp;Hydrolyzed Collagen,&nbsp;Polysorbate 60,&nbsp;Glyceryl Stearate,&nbsp;Dimethicone,&nbsp;Limnanthes Alba (Meadowfoam) Seed Oil,&nbsp;Tocopheryl Acetate,&nbsp;Solanum Lycopersicum (Tomato) Fruit Extract,&nbsp;Paeonia Lactiflora Bark\/Sap Extract,&nbsp;Lonicera Japonica (Honeysuckle) Flower Extract,&nbsp;Arginine,&nbsp;Allantoin,&nbsp;Panthenol,&nbsp;Adenosine,&nbsp;Disodium EDTA,&nbsp;Snail Secretion Filtrate,&nbsp;Panax ginseng callus culture extract,&nbsp;Bambusa vulgaris Callus Culture extracts,&nbsp;Aloe vera Callus Culture extracts,&nbsp;Leontopodium alpinum extract,&nbsp;Thymus Vulgaris (Thyme) Extract,&nbsp;Buddleja Davidii Extract,&nbsp;Ascorbic Acid,&nbsp;Phenoxyethanol,&nbsp;Ethylhexylglycerin,&nbsp;Parfum<br \/>\n&nbsp;<\/p>\n","protected":false},"excerpt":{"rendered":"<p>Vitamiinirikas helestav ja niisutav silmakreem, mis imendub kiirelt ja toidab nahka vitamiinidega. Salat-euterpepalmi mari, sidrun, mustikas ja mooruspuu helestavad nahka seda \u00e4rritamata ja kuivatamata. Kreem on rikkaliku niisutava toimega ning j\u00e4tab nahale v\u00e4rske tunde. Vitamiinikoostisosad elavdavad nahatooni. Sobib v\u00e4ga h\u00e4sti tumedate silmaaluste helestamiseks ja v\u00e4rskendamiseks. Peamised koostisosad: sidrunimahl (Citrus medica limonum), salat-euterpepalmi (Euterpe oleracea) viljaekstrakt, [&hellip;]<\/p>\n","protected":false},"featured_media":1765,"comment_status":"open","ping_status":"closed","template":"","meta":{"_acf_changed":false},"product_brand":[],"product_cat":[],"product_tag":[],"class_list":{"0":"post-388","1":"product","2":"type-product","3":"status-publish","4":"has-post-thumbnail","6":"brand-the-skin-house","8":"first","9":"instock","10":"taxable","11":"shipping-taxable","12":"purchasable","13":"product-type-simple"},"bundle_layout":"","bundled_by":[],"bundled_items":[],"acf":[],"_links":{"self":[{"href":"https:\/\/meon.theskinhouse.ee\/ru\/wp-json\/wp\/v2\/product\/388","targetHints":{"allow":["GET"]}}],"collection":[{"href":"https:\/\/meon.theskinhouse.ee\/ru\/wp-json\/wp\/v2\/product"}],"about":[{"href":"https:\/\/meon.theskinhouse.ee\/ru\/wp-json\/wp\/v2\/types\/product"}],"replies":[{"embeddable":true,"href":"https:\/\/meon.theskinhouse.ee\/ru\/wp-json\/wp\/v2\/comments?post=388"}],"wp:featuredmedia":[{"embeddable":true,"href":"https:\/\/meon.theskinhouse.ee\/ru\/wp-json\/wp\/v2\/media\/1765"}],"wp:attachment":[{"href":"https:\/\/meon.theskinhouse.ee\/ru\/wp-json\/wp\/v2\/media?parent=388"}],"wp:term":[{"taxonomy":"product_brand","embeddable":true,"href":"https:\/\/meon.theskinhouse.ee\/ru\/wp-json\/wp\/v2\/product_brand?post=388"},{"taxonomy":"product_cat","embeddable":true,"href":"https:\/\/meon.theskinhouse.ee\/ru\/wp-json\/wp\/v2\/product_cat?post=388"},{"taxonomy":"product_tag","embeddable":true,"href":"https:\/\/meon.theskinhouse.ee\/ru\/wp-json\/wp\/v2\/product_tag?post=388"}],"curies":[{"name":"wp","href":"https:\/\/api.w.org\/{rel}","templated":true}]}}