{"id":3871,"date":"2022-09-22T09:30:02","date_gmt":"2022-09-22T06:30:02","guid":{"rendered":"https:\/\/meon.theskinhouse.ee\/toode\/mizon-winter-is-coming-collagen-set-2\/"},"modified":"2026-04-10T07:30:02","modified_gmt":"2026-04-10T04:30:02","slug":"mizon-winter-is-coming-collagen-set-2","status":"publish","type":"product","link":"https:\/\/meon.theskinhouse.ee\/ru\/toode\/mizon-winter-is-coming-collagen-set-2\/","title":{"rendered":"Mizon Winter Is Coming Collagen Set"},"content":{"rendered":"<p>MIZON WINTER IS COMING COLLAGEN SET<br \/>\nNahahooldustoodete kinkekomplekt, mis sisaldab silmapadjakesi ja silmakreemi kollageeniga. Komplektis on 2 populaarset toodet ideaalse silmahoolduse jaoks. Dermatoloogiliselt testitud.&nbsp;<\/p>\n<p><strong>1.&nbsp;Mizon Collagen Eye Gel Patch 60tk &#8212;<\/strong> Anne &amp; Stiil Ilulemmik 2021 v\u00f5itja &#8212; parim silmahooldustoode! H\u00fcdrogeelsed silmapadjakesed kollageeniga. Pinguldavad nahka silmade \u00fcmber, siluvad kortse, v\u00f5tavad \u00e4ra paistetused, niisutavad nahka silmade \u00fcmber. Kiire ja intensiivne hooldus, mille tulemust on n\u00e4ha kohe p\u00e4rast kasutamist, v\u00e4sinud silmadele, kortsude ja stressi puhul. Silmapadjakesed sisaldavad lisaks teolima ja allantoiini, mis kiirendavad naha regeneratsiooni, ning pantenooli, mis rahustab nahka.&nbsp;<\/p>\n<p><strong>Kasutamine<\/strong><br \/>\nP\u00e4rast naha puhastamist ja soovitavalt tooniku kasutamist kandke silmapadjakesed kaasasoleva spaatli abil silmaalustele ning j\u00e4tke 20-30-ks minutiks. Seej\u00e4rel eemaldage padjakesed ning masseerige v\u00f5i patsutage \u00f5rnalt alles j\u00e4\u00e4nud vedelik naha sisse. V\u00f5ib esineda kerge torkiv tunne v\u00f5i soojendav efekt, see on normaalne ja on tingitud sellest, et silmapadjakesed kiirendavad vereringet.<\/p>\n<p><strong>2.&nbsp;MIZON Collagen Power Firming Eye Cream Tube 10ml<\/strong> &#8212; t\u00e4nu k\u00f5rgele kollageeni sisaldusele tugevdab kreem nahka silmade \u00fcmber, parandab naha elastsust, silub miimilisi kortse, v\u00e4hendab paistetusi ja tumedaid r\u00f5ngaid silmade \u00fcmber, pinguldab nahka, teeb ta elastseks ja niisutatuks. Kreem aitab tugevdada \u00f5hukest nahka silmade \u00fcmber ning stimuleerib naha oma kollageeni s\u00fcnteesi, aeglustades vananemise protsesse.&nbsp;<\/p>\n<p><strong>Kasutamine<\/strong>:<br \/>\nP\u00e4rast naha puhastamist kandke veidi kreemi silma\u00fcmbrusele ning laske imenduda. Sobib igap\u00e4evaseks kasutamiseks. P\u00e4rast avamist soovitame kreemi hoida k\u00fclmkapis. Sobib igale nahat\u00fc\u00fcbile, eriti alates 25. eluaastast.<\/p>\n<p><strong>Kogus<\/strong>: 60tk+10ml<\/p>\n<p><strong>Koostis<\/strong><br \/>\nMizon Collagen Eye Gel Patch 60tk<br \/>\nWater(Aqua), Glycerin, Chondrus Crispus (Carrageenan) Extract, Ceratonia Siliqua Gum, Cellulose Gum, 1,2-Hexanediol, Hydroxyacetophenone, Sucrose, Potassium Chloride, Allantoin, Xanthan Gum, Calcium Aluminum Borosilicate, Ethylhexylglycerin, Ultramarines, Disodium EDTA, Calcium Lactate, Titanium Dioxide, Silica, Mica, Hydrolyzed Collagen, Dipotassium Glycyrrhizate, Fragrance(Parfum), Polyglyceryl-6 Caprylate, Polyglyceryl-4 Caprate, Dipalmitoyl Hydroxyproline, Portulaca Oleracea Extract, Butylene Glycol, Chamomilla Recutita (Matricaria) Flower Extract, Caviar Extract, Palmitic Acid, Tin Oxide, Phenoxyethanol, Tocopherol, Bis-PEG-15 Methyl Ether Dimethicone, Sodium Polyacryloyldimethyl Taurate, Adenosine, PEG-60 Hydrogenated Castor Oil&nbsp;<\/p>\n<p>MIZON Collagen Power Firming Eye Cream Tube 10ml<br \/>\nWater,Butylene Glycol,Glycerin,Cyclopentasiloxane,Dimethicone,Cyclohexasiloxane,Caprylyl Methicone,1,2-Hexanediol,Sodium Chloride,PEG-10 Dimethicone,Cetearyl Dimethicone Crosspolymer,Dimethicone\/PEG-10\/15 Crosspolymer,C30-45 Alkyl Cetearyl Dimethicone Crosspolymer,Sodium Citrate,PEG-9 Polydimethylsiloxyethyl Dimethicone,Ethylhexylglycerin,Hydrolyzed Collagen,Adenosine,Disodium EDTA,Dipropylene Glycol,Limnanthes Alba (Meadowfoam) Seed Oil,Argania Spinosa Kernel Oil,Olea Europaea (Olive) Fruit Oil,Helianthus Annuus (Sunflower) Seed Oil,Honey Extract,Dextrin,Sodium Hyaluronate,Theobroma Cacao (Cocoa) Extract,Coptis Chinensis Root Extract,Mangifera Indica (Mango) Seed Butter,Tocopherol,Iris Florentina Root Extract,Caprylic\/Capric Triglyceride,Phenoxyethanol,Beta-Glucan,Phosphatidylcholine,Vaccinium Macrocarpon (Cranberry) Fruit Extract,Rubus Idaeus (Raspberry) Fruit Extract,Prunus Serotina (Wild Cherry) Fruit Extract,Cornus Officinalis Fruit Extract,Punica Granatum Fruit Extract,Copper Tripeptide-1,Ceramide NP,Glycine,TBHQ,Glutamic Acid,Serine,Lysine,Alanine,Arginine,Threonine,Proline<\/p>\n","protected":false},"excerpt":{"rendered":"<p>MIZON WINTER IS COMING COLLAGEN SET Nahahooldustoodete kinkekomplekt, mis sisaldab silmapadjakesi ja silmakreemi kollageeniga. Komplektis on 2 populaarset toodet ideaalse silmahoolduse jaoks. Dermatoloogiliselt testitud.&nbsp; 1.&nbsp;Mizon Collagen Eye Gel Patch 60tk &#8212; Anne &amp; Stiil Ilulemmik 2021 v\u00f5itja &#8212; parim silmahooldustoode! H\u00fcdrogeelsed silmapadjakesed kollageeniga. Pinguldavad nahka silmade \u00fcmber, siluvad kortse, v\u00f5tavad \u00e4ra paistetused, niisutavad nahka silmade [&hellip;]<\/p>\n","protected":false},"featured_media":3930,"comment_status":"open","ping_status":"closed","template":"","meta":{"_acf_changed":false},"product_brand":[],"product_cat":[],"product_tag":[],"class_list":{"0":"post-3871","1":"product","2":"type-product","3":"status-publish","4":"has-post-thumbnail","6":"brand-mizon","8":"first","9":"instock","10":"taxable","11":"shipping-taxable","12":"purchasable","13":"product-type-simple"},"bundle_layout":"","bundled_by":[],"bundled_items":[],"acf":[],"_links":{"self":[{"href":"https:\/\/meon.theskinhouse.ee\/ru\/wp-json\/wp\/v2\/product\/3871","targetHints":{"allow":["GET"]}}],"collection":[{"href":"https:\/\/meon.theskinhouse.ee\/ru\/wp-json\/wp\/v2\/product"}],"about":[{"href":"https:\/\/meon.theskinhouse.ee\/ru\/wp-json\/wp\/v2\/types\/product"}],"replies":[{"embeddable":true,"href":"https:\/\/meon.theskinhouse.ee\/ru\/wp-json\/wp\/v2\/comments?post=3871"}],"wp:featuredmedia":[{"embeddable":true,"href":"https:\/\/meon.theskinhouse.ee\/ru\/wp-json\/wp\/v2\/media\/3930"}],"wp:attachment":[{"href":"https:\/\/meon.theskinhouse.ee\/ru\/wp-json\/wp\/v2\/media?parent=3871"}],"wp:term":[{"taxonomy":"product_brand","embeddable":true,"href":"https:\/\/meon.theskinhouse.ee\/ru\/wp-json\/wp\/v2\/product_brand?post=3871"},{"taxonomy":"product_cat","embeddable":true,"href":"https:\/\/meon.theskinhouse.ee\/ru\/wp-json\/wp\/v2\/product_cat?post=3871"},{"taxonomy":"product_tag","embeddable":true,"href":"https:\/\/meon.theskinhouse.ee\/ru\/wp-json\/wp\/v2\/product_tag?post=3871"}],"curies":[{"name":"wp","href":"https:\/\/api.w.org\/{rel}","templated":true}]}}