{"id":3869,"date":"2022-09-22T09:30:02","date_gmt":"2022-09-22T06:30:02","guid":{"rendered":"https:\/\/meon.theskinhouse.ee\/toode\/mizon-winter-is-coming-snail-set-2\/"},"modified":"2026-04-10T07:30:02","modified_gmt":"2026-04-10T04:30:02","slug":"mizon-winter-is-coming-snail-set-2","status":"publish","type":"product","link":"https:\/\/meon.theskinhouse.ee\/ru\/toode\/mizon-winter-is-coming-snail-set-2\/","title":{"rendered":"Mizon Winter is Coming Snail Set"},"content":{"rendered":"<p>MIZON WINTER IS COMING SNAIL SET&nbsp;<br \/>\nNahahooldustoodete kinkekomplekt, mis sisaldab silmapadjakesi ja silmakreemi teolimaga.<br \/>\nKomplektis on 2 populaarset toodet ideaalse silmahoolduse jaoks. Dermatoloogiliselt testitud.&nbsp;<\/p>\n<p><strong>1. Mizon Snail Repair Intensive Gold Eye Gel Patch 60tk<\/strong> &#8212; h\u00fcdrogeelsed padjakesed silmaalustele teolima, kulla ja peptiididega. Silmapadjakesed niisutavad kiiresti silmaaluseid, kirgastavad tuhmunud nahka silmade all, v\u00e4hendavad turseid, uuendavad ja v\u00e4rskendavad nahka. Kiire ja intensiivne hooldus v\u00e4simuse, stressi ja magamatuse korral, tulemusi on n\u00e4ha juba 20 minutiga!&nbsp; &nbsp;<\/p>\n<p><strong>Kasutamine<\/strong><br \/>\nP\u00e4rast naha puhastamist ja soovitavalt tooniku kasutamist kandke silmapadjakesed kaasasoleva aplikaatori abil silmaalustele ning j\u00e4tke 15-20-ks minutiks. Seej\u00e4rel eemaldage padjakesed ning masseerige v\u00f5i patsutage \u00f5rnalt alles j\u00e4\u00e4nud vedelik naha sisse<\/p>\n<p><strong>2. Mizon Snail Repair Eye Cream 15ml <\/strong>&#8212; kortsuvastane ja taastav silma\u00fcmbruskreem 80% teolima valemi ning epidermaalse kasvufaktoriga (EGF). Kreem hoolitseb \u00f5rna naha eest silmade \u00fcmber, v\u00e4hendab miimilisi kortse ning takistab nende tekkimist, niisutab ja kaitseb nahka vedeliku kaotuse eest. Kreem teeb tumedad r\u00f5ngad silmade \u00fcmber heledamaks, tugevdab nahka ja parandab naha elastsust.&nbsp;<\/p>\n<p><strong>Kasutamine<\/strong><br \/>\nKandke m\u00f5\u00f5dukas kogus kreemi silma\u00fcmbrusele kergete patsuvatate liigutustega.<\/p>\n<p><strong>Kogus<\/strong>: 60tk+15ml<\/p>\n<p><strong>Koostis&nbsp;<\/strong><br \/>\nMizon Snail Repair Intensive Gold Eye Gel Patch 60tk<br \/>\nWater, Glycerin, Calcium Chloride, Ceratonia Siliqua (Carob) Gum, Xanthan Gum, Niacinamide, Dipropylene Glycol, Methylpropanediol, Snail Secretion Filtrate (10,000ppm), 1,2-hexanediol, Pentylene Glycol, Citrus Grandis (Grapefruit) Seed Extract, Bambusa Textilis Stem Extract, Pinus Palustris Leaf Extract, Chondrus Crispus Powder, Hydrolyzed Collagen, PEG-60 Hydrogenated Castor Oil, Ethylhexylglycerin, Phellinus Linteus Extract, Inonotus Obliquus (Mushroom) Extract, Gold (0.89ppm), Adenosine, Octapeptide-7, sh-Octapeptide-4, sh-Oligopeptide-4, sh-Oligopeptide-9, sh-Decapeptide-7, sh-Decapeptide-9, sh-Pentapeptide-19, Caffeoyl Tripeptide-1, Hydroxyethylcellulose, Synthetic Fluorphlogopite, Tin Oxide (CI 77861), Titanium Dioxide (CI 77891), Iron Oxide (CI 77491), Phenoxyethanol, Disodium EDTA, Fragrance&nbsp;<\/p>\n<p>Mizon Snail Repair Eye Cream 15ml<br \/>\nWater,Snail Secretion Filtrate,Glycerin,Butylene Glycol,Niacinamide,Limnanthes Alba (Meadowfoam) Seed Oil,Cetearyl Olivate,Glyceryl Stearate,Sorbitan Olivate,Squalane,Octyldodecyl Myristate,Cetearyl Alcohol,1,2-Hexanediol,Dimethicone,PEG-100 Stearate,Synthetic Beeswax,Polyacrylate-13,Phenoxyethanol,Palmitic Acid, Polyisobutene,Stearic Acid,Ethylhexylglycerin,Adenosine,Polysorbate 20,Sorbitan Isostearate,Disodium EDTA,Betula Alba Juice,Portulaca Oleracea Extract,Prunus Amygdalus Dulcis (Sweet Almond) Seed Extract,Sodium Hyaluronate,Palmitoyl Tripeptide-5,Copper Tripeptide-1<\/p>\n","protected":false},"excerpt":{"rendered":"<p>MIZON WINTER IS COMING SNAIL SET&nbsp; Nahahooldustoodete kinkekomplekt, mis sisaldab silmapadjakesi ja silmakreemi teolimaga. Komplektis on 2 populaarset toodet ideaalse silmahoolduse jaoks. Dermatoloogiliselt testitud.&nbsp; 1. Mizon Snail Repair Intensive Gold Eye Gel Patch 60tk &#8212; h\u00fcdrogeelsed padjakesed silmaalustele teolima, kulla ja peptiididega. Silmapadjakesed niisutavad kiiresti silmaaluseid, kirgastavad tuhmunud nahka silmade all, v\u00e4hendavad turseid, uuendavad ja [&hellip;]<\/p>\n","protected":false},"featured_media":3926,"comment_status":"open","ping_status":"closed","template":"","meta":{"_acf_changed":false},"product_brand":[],"product_cat":[],"product_tag":[],"class_list":{"0":"post-3869","1":"product","2":"type-product","3":"status-publish","4":"has-post-thumbnail","6":"brand-mizon","8":"first","9":"instock","10":"taxable","11":"shipping-taxable","12":"purchasable","13":"product-type-simple"},"bundle_layout":"","bundled_by":[],"bundled_items":[],"acf":[],"_links":{"self":[{"href":"https:\/\/meon.theskinhouse.ee\/ru\/wp-json\/wp\/v2\/product\/3869","targetHints":{"allow":["GET"]}}],"collection":[{"href":"https:\/\/meon.theskinhouse.ee\/ru\/wp-json\/wp\/v2\/product"}],"about":[{"href":"https:\/\/meon.theskinhouse.ee\/ru\/wp-json\/wp\/v2\/types\/product"}],"replies":[{"embeddable":true,"href":"https:\/\/meon.theskinhouse.ee\/ru\/wp-json\/wp\/v2\/comments?post=3869"}],"wp:featuredmedia":[{"embeddable":true,"href":"https:\/\/meon.theskinhouse.ee\/ru\/wp-json\/wp\/v2\/media\/3926"}],"wp:attachment":[{"href":"https:\/\/meon.theskinhouse.ee\/ru\/wp-json\/wp\/v2\/media?parent=3869"}],"wp:term":[{"taxonomy":"product_brand","embeddable":true,"href":"https:\/\/meon.theskinhouse.ee\/ru\/wp-json\/wp\/v2\/product_brand?post=3869"},{"taxonomy":"product_cat","embeddable":true,"href":"https:\/\/meon.theskinhouse.ee\/ru\/wp-json\/wp\/v2\/product_cat?post=3869"},{"taxonomy":"product_tag","embeddable":true,"href":"https:\/\/meon.theskinhouse.ee\/ru\/wp-json\/wp\/v2\/product_tag?post=3869"}],"curies":[{"name":"wp","href":"https:\/\/api.w.org\/{rel}","templated":true}]}}